{"id":290590,"date":"2025-03-02T07:15:36","date_gmt":"2025-03-02T07:15:36","guid":{"rendered":"https:\/\/staging.nbg.eu\/prodcut\/two-vets-tripod-with-area-419-arcalock-dual-clamp-the-qdt-v2-ls-i\/"},"modified":"2025-03-27T10:50:35","modified_gmt":"2025-03-27T10:50:35","slug":"tripod-tnejn-vets-barea-419-arcalock-dual-clamp-il-qdt-v2-ls-i","status":"publish","type":"product","link":"https:\/\/staging.nbg.eu\/mt\/product\/tripod-tnejn-vets-barea-419-arcalock-dual-clamp-il-qdt-v2-ls-i\/","title":{"rendered":"Tripod Tnejn Vets b&#8217;Area 419 ARCALOCK Dual Clamp &#8211; Il-QDT V2 LS I"},"content":{"rendered":"<h2>Tripod Two Vets b&#8217;Area 419 ARCALOCK Dual Clamp &#8211; Il-QDT V2 LS I<\/h2>\n<p>Il-GripChanger huwa a\u010b\u010bessorju g\u0127all-isparar. Din il-bor\u017ca ta&#8217; libra (1 lb) hija tajba g\u0127all-bini ta&#8217; po\u017cizzjoni u u\u017cu f&#8217;toqob \u017cg\u0127ar. Id-disinn tag\u0127ha jippermettilha taqbad ma&#8217; kwalunkwe wi\u010b\u010b, u tipprovdi pjattaforma stabbli.<\/p>\n<h2>Il-Kit Jinkludi:<\/h2>\n<ul>\n<li>Bor\u017ca GripChanger Area 419 wa\u0127da<\/li>\n<li>ARCALOCK Clamp wie\u0127ed<\/li>\n<li>Rail Changer Arm Area 419 wie\u0127ed<\/li>\n<\/ul>\n<p><strong>Dimensjonijiet:<\/strong> 10&#8243; \u00d7 3&#8243; \u00d7 2&#8243;<br \/>\n<strong>Manifattur:<\/strong> Armageddon Gear<\/p>\n<p>Il-kit GripChanger huwa versatili u affidabbli g\u0127all-isparar.<\/p>\n","protected":false},"excerpt":{"rendered":"<p>Tripod versatili b&#8217;klamp doppju g\u0127al po\u017cizzjonijiet tal-\u0121bid stabbli u velo\u010bi.<\/p>\n","protected":false},"featured_media":233731,"template":"","meta":{"_acf_changed":false},"product_brand":[11045],"product_cat":[2958,642],"product_tag":[],"class_list":{"0":"post-290590","1":"product","2":"type-product","3":"status-publish","4":"has-post-thumbnail","6":"product_brand-area-419","7":"product_cat-bipods-mt","8":"product_cat-rifle-mt","10":"first","11":"instock","12":"taxable","13":"shipping-taxable","14":"purchasable","15":"product-type-simple"},"acf":[],"_links":{"self":[{"href":"https:\/\/staging.nbg.eu\/mt\/wp-json\/wp\/v2\/product\/290590","targetHints":{"allow":["GET"]}}],"collection":[{"href":"https:\/\/staging.nbg.eu\/mt\/wp-json\/wp\/v2\/product"}],"about":[{"href":"https:\/\/staging.nbg.eu\/mt\/wp-json\/wp\/v2\/types\/product"}],"wp:featuredmedia":[{"embeddable":true,"href":"https:\/\/staging.nbg.eu\/mt\/wp-json\/wp\/v2\/media\/233731"}],"wp:attachment":[{"href":"https:\/\/staging.nbg.eu\/mt\/wp-json\/wp\/v2\/media?parent=290590"}],"wp:term":[{"taxonomy":"product_brand","embeddable":true,"href":"https:\/\/staging.nbg.eu\/mt\/wp-json\/wp\/v2\/product_brand?post=290590"},{"taxonomy":"product_cat","embeddable":true,"href":"https:\/\/staging.nbg.eu\/mt\/wp-json\/wp\/v2\/product_cat?post=290590"},{"taxonomy":"product_tag","embeddable":true,"href":"https:\/\/staging.nbg.eu\/mt\/wp-json\/wp\/v2\/product_tag?post=290590"}],"curies":[{"name":"wp","href":"https:\/\/api.w.org\/{rel}","templated":true}]}}