{"id":290480,"date":"2025-03-02T06:50:24","date_gmt":"2025-03-27T10:28:35","guid":{"rendered":"https:\/\/staging.nbg.eu\/prodcut\/area-419-railchanger-shmedium-from-armageddon-gear\/"},"modified":"2025-03-27T10:30:59","modified_gmt":"2025-03-27T10:30:59","slug":"area-419-railchanger-shmedium-minn-armageddon-gear","status":"publish","type":"product","link":"https:\/\/staging.nbg.eu\/mt\/product\/area-419-railchanger-shmedium-minn-armageddon-gear\/","title":{"rendered":"Area 419 &#8211; RailChanger Shmedium minn Armageddon Gear"},"content":{"rendered":"<h2>Area 419 &#8211; RailChanger Shmedium<\/h2>\n<h2>minn Armageddon Gear<\/h2>\n<p>Dan il-GameChanger g\u0127andu daqs adattat u mili dens \u0127afna, u hu utli g\u0127as-sessjonijiet tieg\u0127ek fil-poligon tal-isparar.<\/p>\n<ul>\n<li><strong>Disinn:<\/strong> B&#8217;pannelli maqtug\u0127a bil-laser fuq in-na\u0127a ta&#8217; fuq u l-\u0121enb biex je\u0127el mal-RCX tieg\u0127ek<\/li>\n<li><strong>Daqs:<\/strong> 8 \u00d7 6 \u00d7 6 pulzieri<\/li>\n<li><strong>Pi\u017c:<\/strong> 7 libbri<\/li>\n<li><strong>Kwalit\u00e0:<\/strong> Mag\u0127mul minn Armageddon Gear<\/li>\n<\/ul>\n<p>Ir-RailChanger Shmedium huwa bor\u017ca li tintu\u017ca fil-poligon tal-isparar.<\/p>\n","protected":false},"excerpt":{"rendered":"<p>GameChanger kompatt u mimli dens g\u0127al RCX. Sie\u0127eb perfett g\u0127all-medda.<\/p>\n","protected":false},"featured_media":233499,"template":"","meta":{"_acf_changed":false},"product_brand":[11045],"product_cat":[642,390],"product_tag":[],"class_list":{"0":"post-290480","1":"product","2":"type-product","3":"status-publish","4":"has-post-thumbnail","6":"product_brand-area-419","7":"product_cat-rifle-mt","8":"product_cat-aiming","10":"first","11":"instock","12":"taxable","13":"shipping-taxable","14":"purchasable","15":"product-type-simple"},"acf":[],"_links":{"self":[{"href":"https:\/\/staging.nbg.eu\/mt\/wp-json\/wp\/v2\/product\/290480","targetHints":{"allow":["GET"]}}],"collection":[{"href":"https:\/\/staging.nbg.eu\/mt\/wp-json\/wp\/v2\/product"}],"about":[{"href":"https:\/\/staging.nbg.eu\/mt\/wp-json\/wp\/v2\/types\/product"}],"wp:featuredmedia":[{"embeddable":true,"href":"https:\/\/staging.nbg.eu\/mt\/wp-json\/wp\/v2\/media\/233499"}],"wp:attachment":[{"href":"https:\/\/staging.nbg.eu\/mt\/wp-json\/wp\/v2\/media?parent=290480"}],"wp:term":[{"taxonomy":"product_brand","embeddable":true,"href":"https:\/\/staging.nbg.eu\/mt\/wp-json\/wp\/v2\/product_brand?post=290480"},{"taxonomy":"product_cat","embeddable":true,"href":"https:\/\/staging.nbg.eu\/mt\/wp-json\/wp\/v2\/product_cat?post=290480"},{"taxonomy":"product_tag","embeddable":true,"href":"https:\/\/staging.nbg.eu\/mt\/wp-json\/wp\/v2\/product_tag?post=290480"}],"curies":[{"name":"wp","href":"https:\/\/api.w.org\/{rel}","templated":true}]}}