{"id":290229,"date":"2025-03-02T10:02:47","date_gmt":"2025-03-02T10:02:47","guid":{"rendered":"https:\/\/staging.nbg.eu\/prodcut\/area-419-arcalock-rail-for-barrett-mrad-mk22-sniper-system\/"},"modified":"2025-03-27T09:57:53","modified_gmt":"2025-03-27T09:57:53","slug":"area-419-arcalock-rail-ghal-barrett-mrad-sistema-sniper-mk22","status":"publish","type":"product","link":"https:\/\/staging.nbg.eu\/mt\/product\/area-419-arcalock-rail-ghal-barrett-mrad-sistema-sniper-mk22\/","title":{"rendered":"Area 419 &#8211; ARCALOCK Rail ghal Barrett MRAD, Sistema Sniper MK22"},"content":{"rendered":"<div class=\"product-description\">\n<h2>Area 419 &#8211; ARCALOCK Rail g\u0127al Barrett MRAD, Sistema ta&#8217; Sniper MK22<\/h2>\n<p>ARCALOCK Rail minn Area 419 g\u0127al Barrett MRAD jew Sistema ta&#8217; Sniper MK22. Dan l-a\u010b\u010bessorju joffri:<\/p>\n<ul>\n<li>Integrazzjoni ma&#8217; pjattaformi Barrett MRAD u MK22<\/li>\n<li>Kostruzzjoni tal-aluminju 7075-T6<\/li>\n<li>Sistema ta&#8217; immuntar ARCALOCK<\/li>\n<li>Rail ta&#8217; fuq esti\u017c g\u0127al g\u0127a\u017cliet addizzjonali ta&#8217; immuntar ta&#8217; a\u010b\u010bessorji<\/li>\n<li>Na\u0127at u qieg\u0127 kompatibbli ma&#8217; M-LOK<\/li>\n<li>Disinn \u0127afif<\/li>\n<li>Finitura anodizzata skont l-ispe\u010bifikazzjonijiet militari<\/li>\n<\/ul>\n<p>ARCALOCK Rail ta&#8217; Area 419 g\u0127al tiratura fuq distanzi twal.<\/p>\n<\/div>\n","protected":false},"excerpt":{"rendered":"<p>Rail ARCALOCK immanifatturat bi pre\u010bi\u017cjoni g\u0127all-Barrett MRAD\/MK22. Itejjeb il-pre\u010bi\u017cjoni u l-immuntar tal-a\u010b\u010bessorji.<\/p>\n","protected":false},"featured_media":234170,"template":"","meta":{"_acf_changed":false},"product_brand":[11045],"product_cat":[730,642],"product_tag":[],"class_list":{"0":"post-290229","1":"product","2":"type-product","3":"status-publish","4":"has-post-thumbnail","6":"product_brand-area-419","7":"product_cat-rails-mt","8":"product_cat-rifle-mt","10":"first","11":"instock","12":"taxable","13":"shipping-taxable","14":"purchasable","15":"product-type-simple"},"acf":[],"_links":{"self":[{"href":"https:\/\/staging.nbg.eu\/mt\/wp-json\/wp\/v2\/product\/290229","targetHints":{"allow":["GET"]}}],"collection":[{"href":"https:\/\/staging.nbg.eu\/mt\/wp-json\/wp\/v2\/product"}],"about":[{"href":"https:\/\/staging.nbg.eu\/mt\/wp-json\/wp\/v2\/types\/product"}],"wp:featuredmedia":[{"embeddable":true,"href":"https:\/\/staging.nbg.eu\/mt\/wp-json\/wp\/v2\/media\/234170"}],"wp:attachment":[{"href":"https:\/\/staging.nbg.eu\/mt\/wp-json\/wp\/v2\/media?parent=290229"}],"wp:term":[{"taxonomy":"product_brand","embeddable":true,"href":"https:\/\/staging.nbg.eu\/mt\/wp-json\/wp\/v2\/product_brand?post=290229"},{"taxonomy":"product_cat","embeddable":true,"href":"https:\/\/staging.nbg.eu\/mt\/wp-json\/wp\/v2\/product_cat?post=290229"},{"taxonomy":"product_tag","embeddable":true,"href":"https:\/\/staging.nbg.eu\/mt\/wp-json\/wp\/v2\/product_tag?post=290229"}],"curies":[{"name":"wp","href":"https:\/\/api.w.org\/{rel}","templated":true}]}}