{"id":289685,"date":"2025-03-01T15:55:52","date_gmt":"2025-03-26T21:32:43","guid":{"rendered":"https:\/\/staging.nbg.eu\/prodcut\/area-419-arcalock-4-25-universal-dovetail-rail\/"},"modified":"2025-03-26T21:35:18","modified_gmt":"2025-03-26T21:35:18","slug":"area-419-arcalock-rail-dovetail-425-universali","status":"publish","type":"product","link":"https:\/\/staging.nbg.eu\/mt\/product\/area-419-arcalock-rail-dovetail-425-universali\/","title":{"rendered":"Area 419 &#8211; ARCALOCK Rail Dovetail 4.25&#8243; Universali"},"content":{"rendered":"<h2>Area 419 &#8211; ARCALOCK 4.25&#8243; Universal Dovetail Rail<\/h2>\n<p>Dan huwa rail ta&#8217; 4.25&#8243; Universal Dovetail minn Area 419 ARCALOCK. Huwa mag\u0127mul minn aluminju 6061 billet, li ji\u017cgura prestazzjoni fit-tul.<\/p>\n<h2>Karatteristi\u010bi Ewlenin:<\/h2>\n<ul>\n<li>Materjal: Aluminju 6061 billet<\/li>\n<li>Finitura: Anodizzat iswed hardcoat<\/li>\n<li>Tul: 4.25 pulzieri<\/li>\n<li>Disinn universali dovetail g\u0127al kompatibbilt\u00e0<\/li>\n<li>Immaxindjat bi pre\u010bi\u017cjoni<\/li>\n<\/ul>\n<h2>Spe\u010bifikazzjonijiet tal-Prodott:<\/h2>\n<ul>\n<li>Pi\u017c: 1 lb<\/li>\n<li>Dimensjonijiet: 8 \u00d7 4 \u00d7 1 pulzier<\/li>\n<li>Manifattur: Area 419<\/li>\n<\/ul>\n<p>Dan ir-rail ARCALOCK jipprovdi pjattaforma ta&#8217; mmuntar g\u0127al diversi a\u010b\u010bessorji. Huwa adattat g\u0127al sparaturi kompetittivi u dilettanti.<\/p>\n","protected":false},"excerpt":{"rendered":"<p>ARCALOCK ta&#8217; Area 419: \u017bbarra dovetail ta&#8217; 4.25&#8243; re\u017cistenti, aluminju anodizzat iswed.<\/p>\n","protected":false},"featured_media":232778,"template":"","meta":{"_acf_changed":false},"product_brand":[11045],"product_cat":[730,642,390],"product_tag":[],"class_list":{"0":"post-289685","1":"product","2":"type-product","3":"status-publish","4":"has-post-thumbnail","6":"product_brand-area-419","7":"product_cat-rails-mt","8":"product_cat-rifle-mt","9":"product_cat-aiming","11":"first","12":"instock","13":"taxable","14":"shipping-taxable","15":"purchasable","16":"product-type-simple"},"acf":[],"_links":{"self":[{"href":"https:\/\/staging.nbg.eu\/mt\/wp-json\/wp\/v2\/product\/289685","targetHints":{"allow":["GET"]}}],"collection":[{"href":"https:\/\/staging.nbg.eu\/mt\/wp-json\/wp\/v2\/product"}],"about":[{"href":"https:\/\/staging.nbg.eu\/mt\/wp-json\/wp\/v2\/types\/product"}],"wp:featuredmedia":[{"embeddable":true,"href":"https:\/\/staging.nbg.eu\/mt\/wp-json\/wp\/v2\/media\/232778"}],"wp:attachment":[{"href":"https:\/\/staging.nbg.eu\/mt\/wp-json\/wp\/v2\/media?parent=289685"}],"wp:term":[{"taxonomy":"product_brand","embeddable":true,"href":"https:\/\/staging.nbg.eu\/mt\/wp-json\/wp\/v2\/product_brand?post=289685"},{"taxonomy":"product_cat","embeddable":true,"href":"https:\/\/staging.nbg.eu\/mt\/wp-json\/wp\/v2\/product_cat?post=289685"},{"taxonomy":"product_tag","embeddable":true,"href":"https:\/\/staging.nbg.eu\/mt\/wp-json\/wp\/v2\/product_tag?post=289685"}],"curies":[{"name":"wp","href":"https:\/\/api.w.org\/{rel}","templated":true}]}}