{"id":289574,"date":"2025-03-01T14:21:59","date_gmt":"2025-03-26T21:28:27","guid":{"rendered":"https:\/\/staging.nbg.eu\/prodcut\/area-419-arcalock-10%e2%80%b3-universal-dovetail-rail\/"},"modified":"2025-03-26T21:31:07","modified_gmt":"2025-03-26T21:31:07","slug":"area-419-arcalock-rail-dovetail-10-universali","status":"publish","type":"product","link":"https:\/\/staging.nbg.eu\/mt\/product\/area-419-arcalock-rail-dovetail-10-universali\/","title":{"rendered":"Area 419 &#8211; ARCALOCK Rail Dovetail 10&#8243; Universali"},"content":{"rendered":"<div class=\"product-description\">\n<h2>Area 419 &#8211; ARCALOCK 10&#8243; Rotta Universali Dovetail<\/h2>\n<p>ARCALOCK 10&#8243; Rotta Universali Dovetail minn Area 419 g\u0127andha dawn il-karatteristi\u010bi:<\/p>\n<ul>\n<li>\u0120nub inseqqin g\u0127al qfil mekkaniku ma&#8217; klamps ta&#8217; Area 419<\/li>\n<li>Kompatibbli ma&#8217; a\u010b\u010bessorji standard Arca<\/li>\n<li>Pi\u017c ta&#8217; 4.1oz<\/li>\n<li>Konformi mal-istandard RRS 1.5&#8243; Dovetail<\/li>\n<li>Truf i\u010b\u010bamfrati<\/li>\n<li>Mag\u0127mul minn Aluminju 6061-T6 b&#8217;kisja anodizzata tat-Tip 3<\/li>\n<li>Mag\u0127mul fl-Istati Uniti<\/li>\n<li>Slots M-LOK g\u0127al immuntar ta&#8217; a\u010b\u010bessorji addizzjonali<\/li>\n<\/ul>\n<p><strong>Nota:<\/strong> Je\u0127tie\u0121 6 slots MLOK konsekuttivi g\u0127all-immuntar. G\u0127al stocks b&#8217;inqas slots, ikkunsidra r-Rotta Universali ta&#8217; 12&#8243;.<\/p>\n<\/div>\n","protected":false},"excerpt":{"rendered":"<p>ARCALOCK 10&#8243; Rail Universali Dovetail: Konnessjoni MLOK sigura u versatili g\u0127al azzarini ta&#8217; pre\u010bi\u017cjoni.<\/p>\n","protected":false},"featured_media":232428,"template":"","meta":{"_acf_changed":false},"product_brand":[11045],"product_cat":[730,642,390],"product_tag":[],"class_list":{"0":"post-289574","1":"product","2":"type-product","3":"status-publish","4":"has-post-thumbnail","6":"product_brand-area-419","7":"product_cat-rails-mt","8":"product_cat-rifle-mt","9":"product_cat-aiming","11":"first","12":"instock","13":"taxable","14":"shipping-taxable","15":"purchasable","16":"product-type-simple"},"acf":[],"_links":{"self":[{"href":"https:\/\/staging.nbg.eu\/mt\/wp-json\/wp\/v2\/product\/289574","targetHints":{"allow":["GET"]}}],"collection":[{"href":"https:\/\/staging.nbg.eu\/mt\/wp-json\/wp\/v2\/product"}],"about":[{"href":"https:\/\/staging.nbg.eu\/mt\/wp-json\/wp\/v2\/types\/product"}],"wp:featuredmedia":[{"embeddable":true,"href":"https:\/\/staging.nbg.eu\/mt\/wp-json\/wp\/v2\/media\/232428"}],"wp:attachment":[{"href":"https:\/\/staging.nbg.eu\/mt\/wp-json\/wp\/v2\/media?parent=289574"}],"wp:term":[{"taxonomy":"product_brand","embeddable":true,"href":"https:\/\/staging.nbg.eu\/mt\/wp-json\/wp\/v2\/product_brand?post=289574"},{"taxonomy":"product_cat","embeddable":true,"href":"https:\/\/staging.nbg.eu\/mt\/wp-json\/wp\/v2\/product_cat?post=289574"},{"taxonomy":"product_tag","embeddable":true,"href":"https:\/\/staging.nbg.eu\/mt\/wp-json\/wp\/v2\/product_tag?post=289574"}],"curies":[{"name":"wp","href":"https:\/\/api.w.org\/{rel}","templated":true}]}}