{"id":289440,"date":"2025-03-01T15:46:12","date_gmt":"2025-03-26T21:24:19","guid":{"rendered":"https:\/\/staging.nbg.eu\/prodcut\/area-419-arcalock-14-universal-dovetail-rail\/"},"modified":"2025-03-26T21:26:51","modified_gmt":"2025-03-26T21:26:51","slug":"area-419-arcalock-rail-dovetail-14-universali","status":"publish","type":"product","link":"https:\/\/staging.nbg.eu\/mt\/product\/area-419-arcalock-rail-dovetail-14-universali\/","title":{"rendered":"Area 419 &#8211; ARCALOCK Rail Dovetail 14&#8243; Universali"},"content":{"rendered":"<h2>Area 419 &#8211; ARCALOCK 14&#8243; Dovetail Rail Universali<\/h2>\n<p>L-ARCALOCK 14&#8243; Dovetail Rail Universali minn Area 419 g\u0127andu dawn il-karatteristi\u010bi:<\/p>\n<ul>\n<li>\u0120nub isserrati g\u0127al qfil mekkaniku ma&#8217; klamps ta&#8217; Area 419<\/li>\n<li>65 po\u017cizzjoni ta&#8217; qfil fuq ir-rail ta&#8217; 14&#8243;<\/li>\n<li>Kompatibbli ma&#8217; a\u010b\u010bessorji standard Arca<\/li>\n<li>Waqfa ta&#8217; barriera fissa fuq wara sserrata b&#8217;plagg ta&#8217; estensjoni<\/li>\n<li>Pi\u017c \u0127afif ta&#8217; 5.6 uqiji<\/li>\n<li>Mag\u0127mul skont l-Istandard RRS 1.5&#8243; Dovetail<\/li>\n<li>Kantunieri ttondjati u xfar i\u010b\u010bamprati g\u0127all-kumdit\u00e0<\/li>\n<li>Kostruzzjoni tal-Aluminju 6061-T6 b&#8217;kisja anodizzata tat-Tip 3<\/li>\n<li>Mag\u0127mul fl-Istati Uniti tal-Amerika<\/li>\n<\/ul>\n<p>Is-sistema tar-rail ARCALOCK hija ddisinjata g\u0127all-pre\u010bi\u017cjoni u l-prestazzjoni.<\/p>\n","protected":false},"excerpt":{"rendered":"<p>&#8220;Serraturi ta&#8217; ARCA rail g\u0127al xwieni ta&#8217; pre\u010bi\u017cjoni. 14-il pulzier, 65 po\u017cizzjoni, 5.6 uqiji.&#8221;<\/p>\n","protected":false},"featured_media":232591,"template":"","meta":{"_acf_changed":false},"product_brand":[11045],"product_cat":[730,642,390],"product_tag":[],"class_list":{"0":"post-289440","1":"product","2":"type-product","3":"status-publish","4":"has-post-thumbnail","6":"product_brand-area-419","7":"product_cat-rails-mt","8":"product_cat-rifle-mt","9":"product_cat-aiming","11":"first","12":"instock","13":"taxable","14":"shipping-taxable","15":"purchasable","16":"product-type-simple"},"acf":[],"_links":{"self":[{"href":"https:\/\/staging.nbg.eu\/mt\/wp-json\/wp\/v2\/product\/289440","targetHints":{"allow":["GET"]}}],"collection":[{"href":"https:\/\/staging.nbg.eu\/mt\/wp-json\/wp\/v2\/product"}],"about":[{"href":"https:\/\/staging.nbg.eu\/mt\/wp-json\/wp\/v2\/types\/product"}],"wp:featuredmedia":[{"embeddable":true,"href":"https:\/\/staging.nbg.eu\/mt\/wp-json\/wp\/v2\/media\/232591"}],"wp:attachment":[{"href":"https:\/\/staging.nbg.eu\/mt\/wp-json\/wp\/v2\/media?parent=289440"}],"wp:term":[{"taxonomy":"product_brand","embeddable":true,"href":"https:\/\/staging.nbg.eu\/mt\/wp-json\/wp\/v2\/product_brand?post=289440"},{"taxonomy":"product_cat","embeddable":true,"href":"https:\/\/staging.nbg.eu\/mt\/wp-json\/wp\/v2\/product_cat?post=289440"},{"taxonomy":"product_tag","embeddable":true,"href":"https:\/\/staging.nbg.eu\/mt\/wp-json\/wp\/v2\/product_tag?post=289440"}],"curies":[{"name":"wp","href":"https:\/\/api.w.org\/{rel}","templated":true}]}}