{"id":289102,"date":"2025-03-05T07:17:43","date_gmt":"2025-03-26T19:44:59","guid":{"rendered":"https:\/\/staging.nbg.eu\/prodcut\/magpul-ctr-carbine-stock-for-ar15-m4\/"},"modified":"2025-03-26T19:47:34","modified_gmt":"2025-03-26T19:47:34","slug":"magpul-stock-ctr-carbine-ghal-ar15-m4","status":"publish","type":"product","link":"https:\/\/staging.nbg.eu\/mt\/product\/magpul-stock-ctr-carbine-ghal-ar15-m4\/","title":{"rendered":"Magpul &#8211; Stock CTR Carbine ghal AR15 \/ M4"},"content":{"rendered":"<div class=\"product-description\">\n<h2>Magpul CTR\u2122 Stokk tal-Karbina g\u0127all-AR15 \/ M4<\/h2>\n<p>L-istokk Magpul CTR (Compact\/Type Restricted) &#8211; mudell Mil-Spec g\u0127all-karbina AR15 \/ M16. Dan l-istokk ta&#8217; sostituzzjoni g\u0127andu dawn il-karatteristi\u010bi:<\/p>\n<ul>\n<li>Profil ta&#8217; qafas A biex jevita t-twa\u0127\u0127il<\/li>\n<li>Rilaxx protett biex jipprevjeni l-attivazzjoni a\u010b\u010bidentali<\/li>\n<li>Sistema ta&#8217; lock ta&#8217; frizzjoni supplementari g\u0127al stabbilt\u00e0 a\u0127jar<\/li>\n<li>Mount tas-sling QD ambidestru kompatibbli ma&#8217; swivels tas-sling bil-buttuna<\/li>\n<li>Pad tal-lastku \u0127oxna 0.3&#8243; g\u0127al appo\u0121\u0121 fuq l-ispalla<\/li>\n<\/ul>\n<p>Kompatibbli ma&#8217; tubi ta&#8217; estensjoni tad-daqs Mil-Spec, dan l-istokk mag\u0127mul fl-Istati Uniti g\u0127andu medda ta&#8217; a\u0121\u0121ustament ta&#8217; 3.3 pulzieri. B&#8217;tul massimu ta&#8217; 7.0 pulzieri u pi\u017c ta&#8217; 8.9 oz, l-Istokk CTR jipprovdi funzjonalit\u00e0 u kumdit\u00e0 g\u0127all-karbina tieg\u0127ek.<\/p>\n<p><strong>Nota:<\/strong> Kompatibbli biss ma&#8217; estensjonijiet tar-ri\u010bevitur Mil-Spec. A\u010b\u010berta ru\u0127ek li l-karbina tieg\u0127ek g\u0127andha t-tubu korrett qabel tixtri.<\/p>\n<\/div>\n","protected":false},"excerpt":{"rendered":"<p>Stokk kompatt g\u0127all-AR15\/M4. Irfinat, stabbli, b&#8217;immuntar ta&#8217; \u010binga QD.<\/p>\n","protected":false},"featured_media":237499,"template":"","meta":{"_acf_changed":false},"product_brand":[11539],"product_cat":[642,8971,643],"product_tag":[],"class_list":{"0":"post-289102","1":"product","2":"type-product","3":"status-publish","4":"has-post-thumbnail","6":"product_brand-magpul","7":"product_cat-rifle-mt","8":"product_cat-rifle-stocks-mt","9":"product_cat-rifle-parts-mt","11":"first","12":"instock","13":"taxable","14":"shipping-taxable","15":"purchasable","16":"product-type-simple"},"acf":[],"_links":{"self":[{"href":"https:\/\/staging.nbg.eu\/mt\/wp-json\/wp\/v2\/product\/289102","targetHints":{"allow":["GET"]}}],"collection":[{"href":"https:\/\/staging.nbg.eu\/mt\/wp-json\/wp\/v2\/product"}],"about":[{"href":"https:\/\/staging.nbg.eu\/mt\/wp-json\/wp\/v2\/types\/product"}],"wp:featuredmedia":[{"embeddable":true,"href":"https:\/\/staging.nbg.eu\/mt\/wp-json\/wp\/v2\/media\/237499"}],"wp:attachment":[{"href":"https:\/\/staging.nbg.eu\/mt\/wp-json\/wp\/v2\/media?parent=289102"}],"wp:term":[{"taxonomy":"product_brand","embeddable":true,"href":"https:\/\/staging.nbg.eu\/mt\/wp-json\/wp\/v2\/product_brand?post=289102"},{"taxonomy":"product_cat","embeddable":true,"href":"https:\/\/staging.nbg.eu\/mt\/wp-json\/wp\/v2\/product_cat?post=289102"},{"taxonomy":"product_tag","embeddable":true,"href":"https:\/\/staging.nbg.eu\/mt\/wp-json\/wp\/v2\/product_tag?post=289102"}],"curies":[{"name":"wp","href":"https:\/\/api.w.org\/{rel}","templated":true}]}}