{"id":288724,"date":"2025-03-05T08:15:00","date_gmt":"2025-03-26T18:11:48","guid":{"rendered":"https:\/\/staging.nbg.eu\/prodcut\/magpul-prs-lite-precision-adjustable-stock\/"},"modified":"2025-03-26T18:14:23","modified_gmt":"2025-03-26T18:14:23","slug":"magpul-stock-prs-lite-aggustabbli-ta-precizjoni","status":"publish","type":"product","link":"https:\/\/staging.nbg.eu\/mt\/product\/magpul-stock-prs-lite-aggustabbli-ta-precizjoni\/","title":{"rendered":"Magpul &#8211; Stock PRS Lite Aggustabbli ta Precizjoni"},"content":{"rendered":"<div class=\"product-description\">\n<h2>Magpul PRS Lite Stock A\u0121\u0121ustabbli ta&#8217; Pre\u010bi\u017cjoni<\/h2>\n<p>Il-Magpul PRS Lite joffri a\u0121\u0121ustabbilt\u00e0 ta&#8217; pre\u010bi\u017cjoni f&#8217;pakkett \u0127afif, li ji\u017cen 18.7 oz. Kompatibbli ma&#8217; tubi ta&#8217; estensjoni Mil-Spec USGI carbine\/SR25 collapsible\/A5 g\u0127al xkubetti ta&#8217; .223 u .308.<\/p>\n<h3>Karatteristi\u010bi Ewlenin:<\/h3>\n<ul>\n<li>Kostruzzjoni \u0127afifa tal-polimer u metall<\/li>\n<li>G\u0127oli tal-comb a\u0121\u0121ustabbli (0-0.8&#8243; f&#8217;inkrementi ta&#8217; 0.1&#8243;)<\/li>\n<li>Tul tal-pull a\u0121\u0121ustabbli (13.85&#8243;-15.25&#8243; f&#8217;inkrementi ta&#8217; 0.14&#8243;)<\/li>\n<li>Butt-pad tal-lastku mhux ti\u017cloq a\u0121\u0121ustabbli fl-g\u0127oli u fl-inklinazzjoni<\/li>\n<li>G\u0127a\u017cliet multipli ta&#8217; rbit tas-sling<\/li>\n<\/ul>\n<p>Imfassal skont standards militari, il-PRS Lite jipprovdi interfa\u010b\u010bja ottimizzata g\u0127all-isparatur. L-istock g\u0127andu butt-pad tal-lastku b&#8217;profil baxx g\u0127all-istabbilt\u00e0 u diversi g\u0127a\u017cliet ta&#8217; mmuntar tas-sling g\u0127all-versatilit\u00e0.<\/p>\n<p><strong>Mag\u0127mul fl-Istati Uniti tal-Amerika<\/strong><\/p>\n<\/div>\n","protected":false},"excerpt":{"rendered":"<p>Stokkju AR \u0127afif u a\u0121\u0121ustabbli. Kontroll pre\u010bi\u017c tal-comb u l-LOP.<\/p>\n","protected":false},"featured_media":238459,"template":"","meta":{"_acf_changed":false},"product_brand":[11539],"product_cat":[642,8971,643],"product_tag":[],"class_list":{"0":"post-288724","1":"product","2":"type-product","3":"status-publish","4":"has-post-thumbnail","6":"product_brand-magpul","7":"product_cat-rifle-mt","8":"product_cat-rifle-stocks-mt","9":"product_cat-rifle-parts-mt","11":"first","12":"instock","13":"taxable","14":"shipping-taxable","15":"purchasable","16":"product-type-variable","17":"wvs-archive-product-wrapper"},"acf":[],"_links":{"self":[{"href":"https:\/\/staging.nbg.eu\/mt\/wp-json\/wp\/v2\/product\/288724","targetHints":{"allow":["GET"]}}],"collection":[{"href":"https:\/\/staging.nbg.eu\/mt\/wp-json\/wp\/v2\/product"}],"about":[{"href":"https:\/\/staging.nbg.eu\/mt\/wp-json\/wp\/v2\/types\/product"}],"wp:featuredmedia":[{"embeddable":true,"href":"https:\/\/staging.nbg.eu\/mt\/wp-json\/wp\/v2\/media\/238459"}],"wp:attachment":[{"href":"https:\/\/staging.nbg.eu\/mt\/wp-json\/wp\/v2\/media?parent=288724"}],"wp:term":[{"taxonomy":"product_brand","embeddable":true,"href":"https:\/\/staging.nbg.eu\/mt\/wp-json\/wp\/v2\/product_brand?post=288724"},{"taxonomy":"product_cat","embeddable":true,"href":"https:\/\/staging.nbg.eu\/mt\/wp-json\/wp\/v2\/product_cat?post=288724"},{"taxonomy":"product_tag","embeddable":true,"href":"https:\/\/staging.nbg.eu\/mt\/wp-json\/wp\/v2\/product_tag?post=288724"}],"curies":[{"name":"wp","href":"https:\/\/api.w.org\/{rel}","templated":true}]}}