{"id":288294,"date":"2025-03-06T10:32:44","date_gmt":"2025-03-06T10:32:44","guid":{"rendered":"https:\/\/staging.nbg.eu\/prodcut\/ftcs-custom-ak-mod-7-handguard-m-lok-short-forward-curved\/"},"modified":"2025-03-26T17:39:20","modified_gmt":"2025-03-26T17:39:20","slug":"ftcs-handguard-ak-mod-7-personalizzat-m-lok-qasir-maghawwieg-il-quddiem","status":"publish","type":"product","link":"https:\/\/staging.nbg.eu\/mt\/product\/ftcs-handguard-ak-mod-7-personalizzat-m-lok-qasir-maghawwieg-il-quddiem\/","title":{"rendered":"FTCS &#8211; Handguard AK Mod 7 Personalizzat &#8211; M-LOK &#8211; Qasir Maghawwieg il Quddiem"},"content":{"rendered":"<div class=\"product-description\">\n<h2>FTCS &#8211; Handguard AK Mod 7 Personalizzat &#8211; M-LOK &#8211; Qasir Mg\u0127awwe\u0121 &#8216;il Quddiem<\/h2>\n<p>Handguard AK Mod 7 Personalizzat g\u0127all-karbina AKM, b&#8217;disinn qasir mg\u0127awwe\u0121 &#8216;il quddiem. Dan il-handguard tal-injam \u0127afif jg\u0127aqqad tradizzjoni ma&#8217; innovazzjoni.<\/p>\n<h2>Karatteristi\u010bi Ewlenin:<\/h2>\n<ul>\n<li>Qabda ta&#8217; quddiem qasira u mg\u0127aw\u0121a g\u0127al kontroll a\u0127jar<\/li>\n<li>Kostruzzjoni \u0127afifa tal-injam (180g)<\/li>\n<li>Rails M-LOK tal-aluminju integrati g\u0127all-immuntar ta&#8217; a\u010b\u010bessorji<\/li>\n<li>Kompatibbli ma&#8217; karbini AKM, AKMS, u AKMN (jista&#8217; jkun me\u0127tie\u0121 fitting personalizzat)<\/li>\n<li>Finitura Cerakote Iswed Grafite H-146<\/li>\n<\/ul>\n<p>Handguard tal-injam mg\u0127ammar b&#8217;M-LOK. I\u017comm is-sensazzjoni tal-injam filwaqt li jippermetti l-immuntar ta&#8217; a\u010b\u010bessorji moderni b\u0127al flashlights u lasers. Nota: Mhux kompatibbli ma&#8217; karbini AK immilljati ming\u0127ajr modifika.<\/p>\n<p>Dimensjonijiet: 160 x 120 x 35 mm<\/p>\n<\/div>\n","protected":false},"excerpt":{"rendered":"<p>Handguard FTCS AK Mod 7: Injam qasir u kkurvat b&#8217;linji M-LOK.<\/p>\n","protected":false},"featured_media":241209,"template":"","meta":{"_acf_changed":false},"product_brand":[11322],"product_cat":[1370,730,642,643],"product_tag":[],"class_list":{"0":"post-288294","1":"product","2":"type-product","3":"status-publish","4":"has-post-thumbnail","6":"product_brand-ftcs","7":"product_cat-ak-tuning-mt","8":"product_cat-rails-mt","9":"product_cat-rifle-mt","10":"product_cat-rifle-parts-mt","12":"first","13":"outofstock","14":"taxable","15":"shipping-taxable","16":"purchasable","17":"product-type-simple"},"acf":[],"_links":{"self":[{"href":"https:\/\/staging.nbg.eu\/mt\/wp-json\/wp\/v2\/product\/288294","targetHints":{"allow":["GET"]}}],"collection":[{"href":"https:\/\/staging.nbg.eu\/mt\/wp-json\/wp\/v2\/product"}],"about":[{"href":"https:\/\/staging.nbg.eu\/mt\/wp-json\/wp\/v2\/types\/product"}],"wp:featuredmedia":[{"embeddable":true,"href":"https:\/\/staging.nbg.eu\/mt\/wp-json\/wp\/v2\/media\/241209"}],"wp:attachment":[{"href":"https:\/\/staging.nbg.eu\/mt\/wp-json\/wp\/v2\/media?parent=288294"}],"wp:term":[{"taxonomy":"product_brand","embeddable":true,"href":"https:\/\/staging.nbg.eu\/mt\/wp-json\/wp\/v2\/product_brand?post=288294"},{"taxonomy":"product_cat","embeddable":true,"href":"https:\/\/staging.nbg.eu\/mt\/wp-json\/wp\/v2\/product_cat?post=288294"},{"taxonomy":"product_tag","embeddable":true,"href":"https:\/\/staging.nbg.eu\/mt\/wp-json\/wp\/v2\/product_tag?post=288294"}],"curies":[{"name":"wp","href":"https:\/\/api.w.org\/{rel}","templated":true}]}}