{"id":288180,"date":"2025-03-06T10:17:52","date_gmt":"2025-03-26T17:22:17","guid":{"rendered":"https:\/\/staging.nbg.eu\/prodcut\/ftcs-dong-handguard-m-lok-akm\/"},"modified":"2025-03-26T17:24:46","modified_gmt":"2025-03-26T17:24:46","slug":"ftcs-handguard-dong-m-lok-akm","status":"publish","type":"product","link":"https:\/\/staging.nbg.eu\/mt\/product\/ftcs-handguard-dong-m-lok-akm\/","title":{"rendered":"FTCS &#8211; Handguard &#8220;Dong&#8221; &#8211; M-LOK &#8211; AKM"},"content":{"rendered":"<div class=\"product-description\">\n<h2>FTCS &#8211; Handguard &#8220;Dong&#8221; &#8211; M-LOK &#8211; AKM<\/h2>\n<p>Il-handguard FTCS &#8220;Dong&#8221; g\u0127al rifles AKM\/AKMS fl-istil AIMS klassiku g\u0127andu dawn il-karatteristi\u010bi:<\/p>\n<ul>\n<li>Kostruzzjoni tal-injam \u0127afifa<\/li>\n<li>Qabda ta&#8217; quddiem integrata<\/li>\n<li>Slots M-LOK g\u0127al immuntar ta&#8217; a\u010b\u010bessorji<\/li>\n<li>Kompatibbli ma&#8217; stocks li jintnew ta\u0127t<\/li>\n<li>Finitura Cerakote Iswed Grafita<\/li>\n<\/ul>\n<p>Ji\u017cen 141g u jkejjel 160x120x35mm. Il-handguard g\u0127andu rails M-LOK fuq il-\u0121enb g\u0127al immuntar ta&#8217; dwal, lasers, u a\u010b\u010bessorji o\u0127ra waqt li j\u017comm l-estetika tal-injam klassika.<\/p>\n<p>Dan il-handguard huwa ma\u0127sub g\u0127al rifles AKM.<\/p>\n<\/div>\n","protected":false},"excerpt":{"rendered":"<p>Protezzjoni tal-idejn klassika tal-injam fl-istil AIMS g\u0127all-AKM b&#8217;\u010bineg M-LOK.<\/p>\n","protected":false},"featured_media":240999,"template":"","meta":{"_acf_changed":false},"product_brand":[11322],"product_cat":[1370,701,643],"product_tag":[],"class_list":{"0":"post-288180","1":"product","2":"type-product","3":"status-publish","4":"has-post-thumbnail","6":"product_brand-ftcs","7":"product_cat-ak-tuning-mt","8":"product_cat-rifle-grips-mt","9":"product_cat-rifle-parts-mt","11":"first","12":"instock","13":"taxable","14":"shipping-taxable","15":"purchasable","16":"product-type-simple"},"acf":[],"_links":{"self":[{"href":"https:\/\/staging.nbg.eu\/mt\/wp-json\/wp\/v2\/product\/288180","targetHints":{"allow":["GET"]}}],"collection":[{"href":"https:\/\/staging.nbg.eu\/mt\/wp-json\/wp\/v2\/product"}],"about":[{"href":"https:\/\/staging.nbg.eu\/mt\/wp-json\/wp\/v2\/types\/product"}],"wp:featuredmedia":[{"embeddable":true,"href":"https:\/\/staging.nbg.eu\/mt\/wp-json\/wp\/v2\/media\/240999"}],"wp:attachment":[{"href":"https:\/\/staging.nbg.eu\/mt\/wp-json\/wp\/v2\/media?parent=288180"}],"wp:term":[{"taxonomy":"product_brand","embeddable":true,"href":"https:\/\/staging.nbg.eu\/mt\/wp-json\/wp\/v2\/product_brand?post=288180"},{"taxonomy":"product_cat","embeddable":true,"href":"https:\/\/staging.nbg.eu\/mt\/wp-json\/wp\/v2\/product_cat?post=288180"},{"taxonomy":"product_tag","embeddable":true,"href":"https:\/\/staging.nbg.eu\/mt\/wp-json\/wp\/v2\/product_tag?post=288180"}],"curies":[{"name":"wp","href":"https:\/\/api.w.org\/{rel}","templated":true}]}}