{"id":287780,"date":"2025-03-05T11:14:35","date_gmt":"2025-03-05T11:14:35","guid":{"rendered":"https:\/\/staging.nbg.eu\/prodcut\/clawgear-ak47-long-slick-handguard-m-lok\/"},"modified":"2025-03-26T12:41:14","modified_gmt":"2025-03-26T12:41:14","slug":"clawgear-ak47-handguard-slick-twil-m-lok","status":"publish","type":"product","link":"https:\/\/staging.nbg.eu\/mt\/product\/clawgear-ak47-handguard-slick-twil-m-lok\/","title":{"rendered":"Clawgear AK47 Handguard Slick Twil M-LOK"},"content":{"rendered":"<div class=\"product-description\">\n<h2>Clawgear AK47 Handguard Twil M-LOK<\/h2>\n<p>Handguard g\u0127all-AK47 minn Clawgear. Karatteristi\u010bi:<\/p>\n<ul>\n<li>Kisi iswed matt biex inaqqas ir-riflessjonijiet<\/li>\n<li>Punt ta&#8217; rbit tal-\u0127abel fuq wara<\/li>\n<li>Sistema ta&#8217; immuntar M-LOK g\u0127al a\u010b\u010bessorji diversi<\/li>\n<li>Kompatibbli ma&#8217; receivers stampati u ma\u0127dumin<\/li>\n<li>Mag\u0127mul minn aluminju 6061 \u0127afif b&#8217;finitura anodizzata tat-tip III MIL-SPEC<\/li>\n<\/ul>\n<p>Qisien: 37.2 cm (T) x 4.8 cm (W) x 4.8 cm (G)<\/p>\n<p>Pi\u017c: 0.25 kg<\/p>\n<p>Dan il-handguard huwa ddisinjat g\u0127all-AK47 biex i\u017cid il-funzjonalit\u00e0 u l-personalizzazzjoni.<\/p>\n<\/div>\n","protected":false},"excerpt":{"rendered":"<p>Handguard tal-AK47 M-LOK eleganti: \u0127afif, versatili, lest g\u0127al sling QD.<\/p>\n","protected":false},"featured_media":239373,"template":"","meta":{"_acf_changed":false},"product_brand":[11228],"product_cat":[1370,730,642,643],"product_tag":[],"class_list":{"0":"post-287780","1":"product","2":"type-product","3":"status-publish","4":"has-post-thumbnail","6":"product_brand-clawgear","7":"product_cat-ak-tuning-mt","8":"product_cat-rails-mt","9":"product_cat-rifle-mt","10":"product_cat-rifle-parts-mt","12":"first","13":"instock","14":"taxable","15":"shipping-taxable","16":"purchasable","17":"product-type-simple"},"acf":[],"_links":{"self":[{"href":"https:\/\/staging.nbg.eu\/mt\/wp-json\/wp\/v2\/product\/287780","targetHints":{"allow":["GET"]}}],"collection":[{"href":"https:\/\/staging.nbg.eu\/mt\/wp-json\/wp\/v2\/product"}],"about":[{"href":"https:\/\/staging.nbg.eu\/mt\/wp-json\/wp\/v2\/types\/product"}],"wp:featuredmedia":[{"embeddable":true,"href":"https:\/\/staging.nbg.eu\/mt\/wp-json\/wp\/v2\/media\/239373"}],"wp:attachment":[{"href":"https:\/\/staging.nbg.eu\/mt\/wp-json\/wp\/v2\/media?parent=287780"}],"wp:term":[{"taxonomy":"product_brand","embeddable":true,"href":"https:\/\/staging.nbg.eu\/mt\/wp-json\/wp\/v2\/product_brand?post=287780"},{"taxonomy":"product_cat","embeddable":true,"href":"https:\/\/staging.nbg.eu\/mt\/wp-json\/wp\/v2\/product_cat?post=287780"},{"taxonomy":"product_tag","embeddable":true,"href":"https:\/\/staging.nbg.eu\/mt\/wp-json\/wp\/v2\/product_tag?post=287780"}],"curies":[{"name":"wp","href":"https:\/\/api.w.org\/{rel}","templated":true}]}}