{"id":287748,"date":"2025-03-05T11:33:07","date_gmt":"2025-03-05T11:33:07","guid":{"rendered":"https:\/\/staging.nbg.eu\/prodcut\/clawgear-ak47-medium-slick-handguard-m-lok\/"},"modified":"2025-03-26T12:49:37","modified_gmt":"2025-03-26T12:49:37","slug":"clawgear-ak47-handguard-slick-medju-m-lok","status":"publish","type":"product","link":"https:\/\/staging.nbg.eu\/mt\/product\/clawgear-ak47-handguard-slick-medju-m-lok\/","title":{"rendered":"Clawgear AK47 Handguard Slick Medju M-LOK"},"content":{"rendered":"<div class=\"product-description\">\n<h2>Clawgear AK47 Handguard Medju M-LOK<\/h2>\n<p>Handguard g\u0127all-AK47 minn Clawgear. G\u0127andu kisi iswed opak biex inaqqas ir-riflessjonijiet. Is-sistema ta&#8217; mmuntar M-LOK tippermetti t-twa\u0127\u0127il ta&#8217; a\u010b\u010bessorji differenti, u g\u0127andu punt ta&#8217; rbit g\u0127as-sling.<\/p>\n<ul>\n<li>Kompatibbli ma&#8217; receivers stampati u mmillati<\/li>\n<li>Mag\u0127mul minn aluminju 6061 b&#8217;sa\u0127\u0127tu<\/li>\n<li>Finitura anodizzata MIL-SPEC Tip III<\/li>\n<li>Pi\u017c: 0.15 kg<\/li>\n<li>Qisien: 26.2 cm (T) x 4.3 cm (W) x 4.3 cm (G)<\/li>\n<\/ul>\n<p>Dan il-handguard huwa durabbli u versatili g\u0127all-AK47 tieg\u0127ek.<\/p>\n<\/div>\n","protected":false},"excerpt":{"rendered":"<p>Po\u0121\u0121aman \u0127afif tal-AK47 bl-M-LOK b&#8217;punt ta&#8217; sling QD u finitura opaka.<\/p>\n","protected":false},"featured_media":239651,"template":"","meta":{"_acf_changed":false},"product_brand":[11228],"product_cat":[1370,730,642,643],"product_tag":[],"class_list":{"0":"post-287748","1":"product","2":"type-product","3":"status-publish","4":"has-post-thumbnail","6":"product_brand-clawgear","7":"product_cat-ak-tuning-mt","8":"product_cat-rails-mt","9":"product_cat-rifle-mt","10":"product_cat-rifle-parts-mt","12":"first","13":"instock","14":"taxable","15":"shipping-taxable","16":"purchasable","17":"product-type-simple"},"acf":[],"_links":{"self":[{"href":"https:\/\/staging.nbg.eu\/mt\/wp-json\/wp\/v2\/product\/287748","targetHints":{"allow":["GET"]}}],"collection":[{"href":"https:\/\/staging.nbg.eu\/mt\/wp-json\/wp\/v2\/product"}],"about":[{"href":"https:\/\/staging.nbg.eu\/mt\/wp-json\/wp\/v2\/types\/product"}],"wp:featuredmedia":[{"embeddable":true,"href":"https:\/\/staging.nbg.eu\/mt\/wp-json\/wp\/v2\/media\/239651"}],"wp:attachment":[{"href":"https:\/\/staging.nbg.eu\/mt\/wp-json\/wp\/v2\/media?parent=287748"}],"wp:term":[{"taxonomy":"product_brand","embeddable":true,"href":"https:\/\/staging.nbg.eu\/mt\/wp-json\/wp\/v2\/product_brand?post=287748"},{"taxonomy":"product_cat","embeddable":true,"href":"https:\/\/staging.nbg.eu\/mt\/wp-json\/wp\/v2\/product_cat?post=287748"},{"taxonomy":"product_tag","embeddable":true,"href":"https:\/\/staging.nbg.eu\/mt\/wp-json\/wp\/v2\/product_tag?post=287748"}],"curies":[{"name":"wp","href":"https:\/\/api.w.org\/{rel}","templated":true}]}}