{"id":287659,"date":"2025-03-05T11:35:14","date_gmt":"2025-03-26T12:25:53","guid":{"rendered":"https:\/\/staging.nbg.eu\/prodcut\/clawgear-ak-akm-pistol-grip\/"},"modified":"2025-03-26T12:35:58","modified_gmt":"2025-03-26T12:35:58","slug":"clawgear-ak-akm-griep-tal-pistola","status":"publish","type":"product","link":"https:\/\/staging.nbg.eu\/mt\/product\/clawgear-ak-akm-griep-tal-pistola\/","title":{"rendered":"Clawgear AK-AKM Griep tal-Pistola"},"content":{"rendered":"<h2>Clawgear AK-AKM Pistol Grip<\/h2>\n<p>Dan il-grip itejjeb l-ergonomija tar-rifle AK jew AKM tieg\u0127ek. Joffri kontroll u kumdit\u00e0 a\u0127jar g\u0127al sessjonijiet ta&#8217; sparar itwal.<\/p>\n<h2>Karatteristi\u010bi Ewlenin:<\/h2>\n<ul>\n<li>Disinn ergonomiku g\u0127al immani\u0121\u0121jar a\u0127jar<\/li>\n<li>Kostruzzjoni b&#8217;sa\u0127\u0127itha<\/li>\n<li>Installazzjoni fa\u010bli<\/li>\n<li>Kompatibbli ma&#8217; pjattaformi AK u AKM<\/li>\n<\/ul>\n<h2>Spe\u010bifikazzjonijiet tal-Prodott:<\/h2>\n<table>\n<tr>\n<th>Dimensjonijiet<\/th>\n<th>Mhux ippakkjat<\/th>\n<th>Ippakkjat<\/th>\n<\/tr>\n<tr>\n<td>Tul<\/td>\n<td>11.5 cm<\/td>\n<td>21.5 cm<\/td>\n<\/tr>\n<tr>\n<td>Wisa&#8217;<\/td>\n<td>5.4 cm<\/td>\n<td>12.4 cm<\/td>\n<\/tr>\n<tr>\n<td>G\u0127oli<\/td>\n<td>2.9 cm<\/td>\n<td>2.9 cm<\/td>\n<\/tr>\n<tr>\n<td>Pi\u017c<\/td>\n<td>0.07 kg<\/td>\n<td>0.08 kg<\/td>\n<\/tr>\n<\/table>\n<p>Itejjeb il-prestazzjoni u l-kumdit\u00e0 tar-rifle tieg\u0127ek bil-Clawgear AK-AKM Pistol Grip.<\/p>\n","protected":false},"excerpt":{"rendered":"<p>Qabda tal-pistola ergonomika AK-AKM. Disinn \u0127afif u kompatt g\u0127al kontroll a\u0127jar.<\/p>\n","protected":false},"featured_media":240044,"template":"","meta":{"_acf_changed":false},"product_brand":[11228],"product_cat":[642,701,643],"product_tag":[],"class_list":{"0":"post-287659","1":"product","2":"type-product","3":"status-publish","4":"has-post-thumbnail","6":"product_brand-clawgear","7":"product_cat-rifle-mt","8":"product_cat-rifle-grips-mt","9":"product_cat-rifle-parts-mt","11":"first","12":"instock","13":"taxable","14":"shipping-taxable","15":"purchasable","16":"product-type-simple"},"acf":[],"_links":{"self":[{"href":"https:\/\/staging.nbg.eu\/mt\/wp-json\/wp\/v2\/product\/287659","targetHints":{"allow":["GET"]}}],"collection":[{"href":"https:\/\/staging.nbg.eu\/mt\/wp-json\/wp\/v2\/product"}],"about":[{"href":"https:\/\/staging.nbg.eu\/mt\/wp-json\/wp\/v2\/types\/product"}],"wp:featuredmedia":[{"embeddable":true,"href":"https:\/\/staging.nbg.eu\/mt\/wp-json\/wp\/v2\/media\/240044"}],"wp:attachment":[{"href":"https:\/\/staging.nbg.eu\/mt\/wp-json\/wp\/v2\/media?parent=287659"}],"wp:term":[{"taxonomy":"product_brand","embeddable":true,"href":"https:\/\/staging.nbg.eu\/mt\/wp-json\/wp\/v2\/product_brand?post=287659"},{"taxonomy":"product_cat","embeddable":true,"href":"https:\/\/staging.nbg.eu\/mt\/wp-json\/wp\/v2\/product_cat?post=287659"},{"taxonomy":"product_tag","embeddable":true,"href":"https:\/\/staging.nbg.eu\/mt\/wp-json\/wp\/v2\/product_tag?post=287659"}],"curies":[{"name":"wp","href":"https:\/\/api.w.org\/{rel}","templated":true}]}}