{"id":285461,"date":"2025-03-04T19:02:48","date_gmt":"2025-03-25T14:28:09","guid":{"rendered":"https:\/\/staging.nbg.eu\/product\/magpul-ctr-moe-cheek-riser-0-75\/"},"modified":"2025-03-25T14:30:29","modified_gmt":"2025-03-25T14:30:29","slug":"magpul-ctr-moe-cheek-riser-075","status":"publish","type":"product","link":"https:\/\/staging.nbg.eu\/mt\/product\/magpul-ctr-moe-cheek-riser-075\/","title":{"rendered":"Magpul &#8211; CTR \/ MOE Cheek Riser &#8211; 0.75&#8243;"},"content":{"rendered":"<div class=\"product-description\">\n<h2>Magpul &#8211; CTR \/ MOE Cheek Riser &#8211; 0.75&#8243;<\/h2>\n<p>Il-Magpul CTR \/ MOE Cheek Riser huwa a\u010b\u010bessorju li jg\u0127olli l-g\u0127adma tal-wi\u010b\u010b b&#8217;3\/4 pulzier, biex jipprovdi allinjament a\u0127jar tas-sight g\u0127al diversi applikazzjonijiet ta&#8217; armi tan-nar.<\/p>\n<ul>\n<li>Kompatibbli ma&#8217; stocks CTR, MOE\u00ae, DT, u PR Carbine<\/li>\n<li>Adattat g\u0127al setups mhux AR15\/M4, b\u0127al konver\u017cjonijiet ta&#8217; stock M14 carbine<\/li>\n<li>Installazzjoni fa\u010bli bil-clip<\/li>\n<li>Mag\u0127mul fl-Istati Uniti<\/li>\n<li>NSN: MAG327-BLK 1005-01-591-6041<\/li>\n<\/ul>\n<p><strong>Nota:<\/strong> Jista&#8217; jinterferixxi mal-funzjoni tal-charging handle fuq pjattaformi AR15\/M4 sakemm l-istock ma jkunx esti\u017c kompletament.<\/p>\n<\/div>\n","protected":false},"excerpt":{"rendered":"<p>&#8220;Cheek riser ta&#8217; 0.75&#8243; li jitwa\u0127\u0127al b&#8217;klipp g\u0127al kumdit\u00e0 u pre\u010bi\u017cjoni a\u0127jar.&#8221;<\/p>\n","protected":false},"featured_media":237155,"template":"","meta":{"_acf_changed":false},"product_brand":[11539],"product_cat":[642,8971,643],"product_tag":[],"class_list":{"0":"post-285461","1":"product","2":"type-product","3":"status-publish","4":"has-post-thumbnail","6":"product_brand-magpul","7":"product_cat-rifle-mt","8":"product_cat-rifle-stocks-mt","9":"product_cat-rifle-parts-mt","11":"first","12":"instock","13":"taxable","14":"shipping-taxable","15":"purchasable","16":"product-type-variable","17":"wvs-archive-product-wrapper"},"acf":[],"_links":{"self":[{"href":"https:\/\/staging.nbg.eu\/mt\/wp-json\/wp\/v2\/product\/285461","targetHints":{"allow":["GET"]}}],"collection":[{"href":"https:\/\/staging.nbg.eu\/mt\/wp-json\/wp\/v2\/product"}],"about":[{"href":"https:\/\/staging.nbg.eu\/mt\/wp-json\/wp\/v2\/types\/product"}],"wp:featuredmedia":[{"embeddable":true,"href":"https:\/\/staging.nbg.eu\/mt\/wp-json\/wp\/v2\/media\/237155"}],"wp:attachment":[{"href":"https:\/\/staging.nbg.eu\/mt\/wp-json\/wp\/v2\/media?parent=285461"}],"wp:term":[{"taxonomy":"product_brand","embeddable":true,"href":"https:\/\/staging.nbg.eu\/mt\/wp-json\/wp\/v2\/product_brand?post=285461"},{"taxonomy":"product_cat","embeddable":true,"href":"https:\/\/staging.nbg.eu\/mt\/wp-json\/wp\/v2\/product_cat?post=285461"},{"taxonomy":"product_tag","embeddable":true,"href":"https:\/\/staging.nbg.eu\/mt\/wp-json\/wp\/v2\/product_tag?post=285461"}],"curies":[{"name":"wp","href":"https:\/\/api.w.org\/{rel}","templated":true}]}}