{"id":285079,"date":"2025-03-02T07:13:28","date_gmt":"2025-03-25T14:10:26","guid":{"rendered":"https:\/\/staging.nbg.eu\/product\/the-railchanger-from-area-419-armageddon-gear-and-reasor-precision\/"},"modified":"2025-03-25T14:12:36","modified_gmt":"2025-03-25T14:12:36","slug":"ir-railchanger-minn-area-419-armageddon-gear-u-reasor-precision","status":"publish","type":"product","link":"https:\/\/staging.nbg.eu\/mt\/product\/ir-railchanger-minn-area-419-armageddon-gear-u-reasor-precision\/","title":{"rendered":"Ir-RailChanger \u2013 Minn Area 419, Armageddon Gear u Reasor Precision"},"content":{"rendered":"<div class=\"product-description\">\n<h2>Ir-RailChanger: Edizzjoni GripChanger<\/h2>\n<p>Din hija \u017cieda \u0121dida fil-linja RailChanger: il-GripChanger. Din il-bor\u017ca kompatta u versatili hija tajba g\u0127all-bini ta&#8217; po\u017cizzjonijiet malajr u g\u0127all-u\u017cu f&#8217;toqob \u017cg\u0127ar.<\/p>\n<h2>Karatteristi\u010bi:<\/h2>\n<ul>\n<li>\u017bg\u0127ira, li taqbad, u mimlija b&#8217;mod dens<\/li>\n<li>Ti\u017cen madwar 1 lb<\/li>\n<li>Taqbad ma&#8217; kwalunkwe wi\u010b\u010b<\/li>\n<li>Tipprovdi pjattaforma stabbli g\u0127al setup malajr<\/li>\n<\/ul>\n<h2>Il-Kit Jinkludi:<\/h2>\n<ul>\n<li>Bor\u017ca 1 GripChanger Custom Area 419<\/li>\n<li>Klamp 1 ARCALOCK<\/li>\n<li>Drieg\u0127 1 Area 419 Rail Changer<\/li>\n<\/ul>\n<h2>Spe\u010bifikazzjonijiet:<\/h2>\n<ul>\n<li>Pi\u017c: 1 lb<\/li>\n<li>Dimensjonijiet: 10 \u00d7 3 \u00d7 2 pulzier<\/li>\n<li>Manifattur: Armageddon Gear<\/li>\n<\/ul>\n<p>Il-GripChanger huwa kollaborazzjoni bejn Area 419, Armageddon Gear, u Reasor Precision.<\/p>\n<\/div>\n","protected":false},"excerpt":{"rendered":"<p>Bor\u017ca versatili u li taqbad sew g\u0127al po\u017cizzjonijiet ta&#8217; sparar mg\u0127a\u0121\u0121la u stabbli.<\/p>\n","protected":false},"featured_media":233705,"template":"","meta":{"_acf_changed":false},"product_brand":[11045],"product_cat":[642],"product_tag":[],"class_list":{"0":"post-285079","1":"product","2":"type-product","3":"status-publish","4":"has-post-thumbnail","6":"product_brand-area-419","7":"product_cat-rifle-mt","9":"first","10":"instock","11":"taxable","12":"shipping-taxable","13":"purchasable","14":"product-type-variable","15":"wvs-archive-product-wrapper"},"acf":[],"_links":{"self":[{"href":"https:\/\/staging.nbg.eu\/mt\/wp-json\/wp\/v2\/product\/285079","targetHints":{"allow":["GET"]}}],"collection":[{"href":"https:\/\/staging.nbg.eu\/mt\/wp-json\/wp\/v2\/product"}],"about":[{"href":"https:\/\/staging.nbg.eu\/mt\/wp-json\/wp\/v2\/types\/product"}],"wp:featuredmedia":[{"embeddable":true,"href":"https:\/\/staging.nbg.eu\/mt\/wp-json\/wp\/v2\/media\/233705"}],"wp:attachment":[{"href":"https:\/\/staging.nbg.eu\/mt\/wp-json\/wp\/v2\/media?parent=285079"}],"wp:term":[{"taxonomy":"product_brand","embeddable":true,"href":"https:\/\/staging.nbg.eu\/mt\/wp-json\/wp\/v2\/product_brand?post=285079"},{"taxonomy":"product_cat","embeddable":true,"href":"https:\/\/staging.nbg.eu\/mt\/wp-json\/wp\/v2\/product_cat?post=285079"},{"taxonomy":"product_tag","embeddable":true,"href":"https:\/\/staging.nbg.eu\/mt\/wp-json\/wp\/v2\/product_tag?post=285079"}],"curies":[{"name":"wp","href":"https:\/\/api.w.org\/{rel}","templated":true}]}}