{"id":284918,"date":"2024-01-30T18:08:20","date_gmt":"2025-03-25T14:04:20","guid":{"rendered":"https:\/\/staging.nbg.eu\/product\/area-419-mini-pad-the-gripchanger\/"},"modified":"2025-03-25T14:06:35","modified_gmt":"2025-03-25T14:06:35","slug":"area-419-mini-pad-il-gripchanger","status":"publish","type":"product","link":"https:\/\/staging.nbg.eu\/mt\/product\/area-419-mini-pad-il-gripchanger\/","title":{"rendered":"Area 419 &#8211; Mini Pad, Il-GripChanger"},"content":{"rendered":"<div class=\"product-description\">\n<h2>Area 419 &#8211; Mini Pad, Il-GripChanger<\/h2>\n<p>Il-GripChanger huwa \u017cieda \u0121dida mal-linja RailChanger tag\u0127na. Din il-bor\u017ca \u017cg\u0127ira u mimlija hija soluzzjoni g\u0127all-bini ta&#8217; po\u017cizzjonijiet rapidi jew g\u0127all-u\u017cu f&#8217;toqob \u017cg\u0127ar.<\/p>\n<h3>Karatteristi\u010bi:<\/h3>\n<ul>\n<li>Ji\u017cen madwar 1 lb<\/li>\n<li>Je\u0127el ma&#8217; kwalunkwe wi\u010b\u010b<\/li>\n<li>Jipprovdi pjattaforma stabbli g\u0127al setup rapidu<\/li>\n<\/ul>\n<h3>Il-Kit Jinkludi:<\/h3>\n<ul>\n<li>Bor\u017ca GripChanger Area 419 wa\u0127da<\/li>\n<li>Klamp ARCALOCK wie\u0127ed<\/li>\n<li>Drieg\u0127 Rail Changer Area 419 wie\u0127ed<\/li>\n<\/ul>\n<h3>Spe\u010bifikazzjonijiet:<\/h3>\n<ul>\n<li>Pi\u017c: 1 lb<\/li>\n<li>Dimensjonijiet: 10 \u00d7 3 \u00d7 2 pulzier<\/li>\n<li>Manifattur: Armageddon Gear<\/li>\n<\/ul>\n<\/div>\n","protected":false},"excerpt":{"rendered":"<p>&#8220;Bor\u017ca kompatta u li tin\u017camm sew ta&#8217; 1lb g\u0127al po\u017cizzjonijiet ta&#8217; sparar velo\u010bi u stabbli. Tinkludi klamp u drieg\u0127.&#8221;<\/p>\n","protected":false},"featured_media":233571,"template":"","meta":{"_acf_changed":false},"product_brand":[11045],"product_cat":[642,390],"product_tag":[],"class_list":{"0":"post-284918","1":"product","2":"type-product","3":"status-publish","4":"has-post-thumbnail","6":"product_brand-area-419","7":"product_cat-rifle-mt","8":"product_cat-aiming","10":"first","11":"instock","12":"taxable","13":"shipping-taxable","14":"purchasable","15":"product-type-simple"},"acf":[],"_links":{"self":[{"href":"https:\/\/staging.nbg.eu\/mt\/wp-json\/wp\/v2\/product\/284918","targetHints":{"allow":["GET"]}}],"collection":[{"href":"https:\/\/staging.nbg.eu\/mt\/wp-json\/wp\/v2\/product"}],"about":[{"href":"https:\/\/staging.nbg.eu\/mt\/wp-json\/wp\/v2\/types\/product"}],"wp:featuredmedia":[{"embeddable":true,"href":"https:\/\/staging.nbg.eu\/mt\/wp-json\/wp\/v2\/media\/233571"}],"wp:attachment":[{"href":"https:\/\/staging.nbg.eu\/mt\/wp-json\/wp\/v2\/media?parent=284918"}],"wp:term":[{"taxonomy":"product_brand","embeddable":true,"href":"https:\/\/staging.nbg.eu\/mt\/wp-json\/wp\/v2\/product_brand?post=284918"},{"taxonomy":"product_cat","embeddable":true,"href":"https:\/\/staging.nbg.eu\/mt\/wp-json\/wp\/v2\/product_cat?post=284918"},{"taxonomy":"product_tag","embeddable":true,"href":"https:\/\/staging.nbg.eu\/mt\/wp-json\/wp\/v2\/product_tag?post=284918"}],"curies":[{"name":"wp","href":"https:\/\/api.w.org\/{rel}","templated":true}]}}