{"id":284071,"date":"2025-03-05T07:25:38","date_gmt":"2025-03-25T10:18:26","guid":{"rendered":"https:\/\/staging.nbg.eu\/product\/magpul-daka-window-pouch-large\/"},"modified":"2025-03-25T10:20:36","modified_gmt":"2025-03-25T10:20:36","slug":"magpul-daka-borza-bit-tieqa-kbira","status":"publish","type":"product","link":"https:\/\/staging.nbg.eu\/mt\/product\/magpul-daka-borza-bit-tieqa-kbira\/","title":{"rendered":"Magpul &#8211; DAKA\u00ae Bor\u017ca bit-Tieqa, Kbira"},"content":{"rendered":"<div class=\"product-description\">\n<h2>Magpul &#8211; Bor\u017ca tat-Tieqa DAKA\u00ae, Kbira<\/h2>\n<p>Il-bor\u017ca DAKA\u00ae Window ta&#8217; Magpul hija ma\u0127suba g\u0127all-organizzazzjoni f&#8217;ambjenti iebsa.<\/p>\n<ul>\n<li>Kostruzzjoni ta&#8217; tessut infu\u017cat bil-polimeru b&#8217;\u0127jata RF-welded<\/li>\n<li>\u017bipp re\u017cistenti g\u0127all-ilma YKK\u00ae<\/li>\n<li>Tieqa traslu\u010bida g\u0127all-identifikazzjoni tal-kontenut<\/li>\n<li>Tessut imsa\u0127\u0127a\u0127 b&#8217;tessura kontra \u017c-\u017cliq<\/li>\n<li>Punti ta&#8217; rbit tal-karabiner<\/li>\n<li>\u0120bid ta\u017c-\u017cipp b&#8217;paracord 550 b&#8217;tubu heat-shrink<\/li>\n<li>Matri\u010bi ta&#8217; punti g\u0127all-immarkar personali<\/li>\n<\/ul>\n<p>Dimensjonijiet: 9&#8243; x 13&#8243; b&#8217;tul ta&#8217; \u017cipp ta&#8217; 10&#8243;. G\u0127all-\u0127a\u017cna ta&#8217; g\u0127odod, munizzjon, jew a\u010b\u010bessorji elettroni\u010bi f&#8217;kundizzjonijiet diffi\u010bli barra.<\/p>\n<\/div>\n","protected":false},"excerpt":{"rendered":"<p>Baskett re\u017cistenti u li jifla\u0127 l-ilma b&#8217;tieqa g\u0127al organizzazzjoni fa\u010bli.<\/p>\n","protected":false},"featured_media":237665,"template":"","meta":{"_acf_changed":false},"product_brand":[11539],"product_cat":[565,566],"product_tag":[],"class_list":{"0":"post-284071","1":"product","2":"type-product","3":"status-publish","4":"has-post-thumbnail","6":"product_brand-magpul","7":"product_cat-gear-mt","8":"product_cat-pouches-mt","10":"first","11":"instock","12":"taxable","13":"shipping-taxable","14":"purchasable","15":"product-type-simple"},"acf":[],"_links":{"self":[{"href":"https:\/\/staging.nbg.eu\/mt\/wp-json\/wp\/v2\/product\/284071","targetHints":{"allow":["GET"]}}],"collection":[{"href":"https:\/\/staging.nbg.eu\/mt\/wp-json\/wp\/v2\/product"}],"about":[{"href":"https:\/\/staging.nbg.eu\/mt\/wp-json\/wp\/v2\/types\/product"}],"wp:featuredmedia":[{"embeddable":true,"href":"https:\/\/staging.nbg.eu\/mt\/wp-json\/wp\/v2\/media\/237665"}],"wp:attachment":[{"href":"https:\/\/staging.nbg.eu\/mt\/wp-json\/wp\/v2\/media?parent=284071"}],"wp:term":[{"taxonomy":"product_brand","embeddable":true,"href":"https:\/\/staging.nbg.eu\/mt\/wp-json\/wp\/v2\/product_brand?post=284071"},{"taxonomy":"product_cat","embeddable":true,"href":"https:\/\/staging.nbg.eu\/mt\/wp-json\/wp\/v2\/product_cat?post=284071"},{"taxonomy":"product_tag","embeddable":true,"href":"https:\/\/staging.nbg.eu\/mt\/wp-json\/wp\/v2\/product_tag?post=284071"}],"curies":[{"name":"wp","href":"https:\/\/api.w.org\/{rel}","templated":true}]}}