{"id":283956,"date":"2025-03-05T07:31:40","date_gmt":"2025-03-05T07:31:40","guid":{"rendered":"https:\/\/staging.nbg.eu\/product\/magpul-daka-window-pouch-medium\/"},"modified":"2025-03-25T09:55:22","modified_gmt":"2025-03-25T09:55:22","slug":"magpul-daka-borza-bit-tieqa-medja","status":"publish","type":"product","link":"https:\/\/staging.nbg.eu\/mt\/product\/magpul-daka-borza-bit-tieqa-medja\/","title":{"rendered":"Magpul &#8211; DAKA\u00ae Bor\u017ca bit-Tieqa, Medja"},"content":{"rendered":"<h2>Magpul &#8211; DAKA\u00ae Bor\u017ca bil-Tieqa, Daqs Medju<\/h2>\n<p>Il-bor\u017ca DAKA\u00ae ta&#8217; Magpul \u017c\u017comm l-o\u0121\u0121etti tieg\u0127ek nixfin. Din il-bor\u017ca ta&#8217; daqs medju g\u0127andha:<\/p>\n<ul>\n<li>\u017bippijiet laterali kklassifikati IPX7 g\u0127al re\u017cistenza s\u0127i\u0127a g\u0127all-ilma<\/li>\n<li>\u0120bid ta\u017c-\u017cipp b&#8217;paracord 550 b&#8217;tubu li j\u010bekken bis-s\u0127ana<\/li>\n<li>Pannell tat-tieqa traslu\u010benti biex tara l-kontenut<\/li>\n<li>\u017bew\u0121 passa\u0121\u0121i kbar g\u0127all-karabiner g\u0127al twa\u0127\u0127il versatili<\/li>\n<li>Kostruzzjoni b&#8217;iwweldjar RF b&#8217;si\u0121illi b&#8217;sa\u0127\u0127ithom<\/li>\n<li>Materjal infu\u017c bil-polimer<\/li>\n<\/ul>\n<p>Dimensjonijiet: 7&#8243; x 12&#8243; (estern), 6.75&#8243; x 11.75&#8243; (intern)<\/p>\n<p>Il-bor\u017ca DAKA\u00ae hija tajba g\u0127al meta jista&#8217; jkun hemm g\u0127arqa. Id-disinn tag\u0127ha jag\u0127milha tajba biex i\u017c\u017comm l-o\u0121\u0121etti tieg\u0127ek f&#8217;kull ambjent.<\/p>\n","protected":false},"excerpt":{"rendered":"<p>Bor\u017ca impermeabbli b&#8217;tieqa g\u0127al identifikazzjoni fa\u010bli. Re\u017cistenti, tista&#8217; titni\u017c\u017cel ta\u0127t l-ilma.<\/p>\n","protected":false},"featured_media":237805,"template":"","meta":{"_acf_changed":false},"product_brand":[11539],"product_cat":[565,566],"product_tag":[],"class_list":{"0":"post-283956","1":"product","2":"type-product","3":"status-publish","4":"has-post-thumbnail","6":"product_brand-magpul","7":"product_cat-gear-mt","8":"product_cat-pouches-mt","10":"first","11":"instock","12":"taxable","13":"shipping-taxable","14":"purchasable","15":"product-type-simple"},"acf":[],"_links":{"self":[{"href":"https:\/\/staging.nbg.eu\/mt\/wp-json\/wp\/v2\/product\/283956","targetHints":{"allow":["GET"]}}],"collection":[{"href":"https:\/\/staging.nbg.eu\/mt\/wp-json\/wp\/v2\/product"}],"about":[{"href":"https:\/\/staging.nbg.eu\/mt\/wp-json\/wp\/v2\/types\/product"}],"wp:featuredmedia":[{"embeddable":true,"href":"https:\/\/staging.nbg.eu\/mt\/wp-json\/wp\/v2\/media\/237805"}],"wp:attachment":[{"href":"https:\/\/staging.nbg.eu\/mt\/wp-json\/wp\/v2\/media?parent=283956"}],"wp:term":[{"taxonomy":"product_brand","embeddable":true,"href":"https:\/\/staging.nbg.eu\/mt\/wp-json\/wp\/v2\/product_brand?post=283956"},{"taxonomy":"product_cat","embeddable":true,"href":"https:\/\/staging.nbg.eu\/mt\/wp-json\/wp\/v2\/product_cat?post=283956"},{"taxonomy":"product_tag","embeddable":true,"href":"https:\/\/staging.nbg.eu\/mt\/wp-json\/wp\/v2\/product_tag?post=283956"}],"curies":[{"name":"wp","href":"https:\/\/api.w.org\/{rel}","templated":true}]}}