{"id":283723,"date":"2025-03-06T10:14:28","date_gmt":"2025-03-06T10:14:28","guid":{"rendered":"https:\/\/staging.nbg.eu\/product\/clawgear-snap-cap-12-gauge-2-pack\/"},"modified":"2025-03-25T09:28:40","modified_gmt":"2025-03-25T09:28:40","slug":"clawgear-snap-cap-12-gauge-pakkett-ta-2","status":"publish","type":"product","link":"https:\/\/staging.nbg.eu\/mt\/product\/clawgear-snap-cap-12-gauge-pakkett-ta-2\/","title":{"rendered":"Clawgear Snap Cap 12 Gauge pakkett ta&#8217; 2"},"content":{"rendered":"<h2>Clawgear Snap Cap 12 Gauge 2-pack<\/h2>\n<p>Dan il-prodott huwa g\u0127at-ta\u0127ri\u0121 u l-manutenzjoni tal-arma tan-nar. Is-snap caps jipprote\u0121u l-firing pin u l-azzjoni waqt prattika ta&#8217; dry-fire, ittestjar tal-funzjoni, u \u0127a\u017cna.<\/p>\n<h2>Karatteristi\u010bi Ewlenin:<\/h2>\n<ul>\n<li>Pakkett ta&#8217; 2 snap caps<\/li>\n<li>Kostruzzjoni b&#8217;sa\u0127\u0127itha g\u0127al u\u017cu fit-tul<\/li>\n<li>Jipprevjeni \u0127sara lill-firing pin u l-azzjoni<\/li>\n<li>Adatt g\u0127al prattika ta&#8217; dry-fire u ttestjar tal-funzjoni<\/li>\n<\/ul>\n<h2>Dimensjonijiet tal-Prodott:<\/h2>\n<ul>\n<li>Tul: 5.5 cm<\/li>\n<li>Wisa&#8217;: 2.1 cm<\/li>\n<li>G\u0127oli: 2.1 cm<\/li>\n<li>Pi\u017c: 0.106 kg<\/li>\n<\/ul>\n<p>Dan il-prodott huwa g\u0127at-titjib tal-\u0127iliet fl-isparar u l-manutenzjoni tal-arma tan-nar.<\/p>\n","protected":false},"excerpt":{"rendered":"<p>&#8220;Kapsuli snap ta&#8217; 12-il gej\u0121 re\u017cistenti, pakkett ta&#8217; 2. Perfetti g\u0127al prattika sigura ta&#8217; sparar niexef.&#8221;<\/p>\n","protected":false},"featured_media":240950,"template":"","meta":{"_acf_changed":false},"product_brand":[11228],"product_cat":[1475],"product_tag":[],"class_list":{"0":"post-283723","1":"product","2":"type-product","3":"status-publish","4":"has-post-thumbnail","6":"product_brand-clawgear","7":"product_cat-ammunition-mt","9":"first","10":"instock","11":"taxable","12":"shipping-taxable","13":"purchasable","14":"product-type-simple"},"acf":[],"_links":{"self":[{"href":"https:\/\/staging.nbg.eu\/mt\/wp-json\/wp\/v2\/product\/283723","targetHints":{"allow":["GET"]}}],"collection":[{"href":"https:\/\/staging.nbg.eu\/mt\/wp-json\/wp\/v2\/product"}],"about":[{"href":"https:\/\/staging.nbg.eu\/mt\/wp-json\/wp\/v2\/types\/product"}],"wp:featuredmedia":[{"embeddable":true,"href":"https:\/\/staging.nbg.eu\/mt\/wp-json\/wp\/v2\/media\/240950"}],"wp:attachment":[{"href":"https:\/\/staging.nbg.eu\/mt\/wp-json\/wp\/v2\/media?parent=283723"}],"wp:term":[{"taxonomy":"product_brand","embeddable":true,"href":"https:\/\/staging.nbg.eu\/mt\/wp-json\/wp\/v2\/product_brand?post=283723"},{"taxonomy":"product_cat","embeddable":true,"href":"https:\/\/staging.nbg.eu\/mt\/wp-json\/wp\/v2\/product_cat?post=283723"},{"taxonomy":"product_tag","embeddable":true,"href":"https:\/\/staging.nbg.eu\/mt\/wp-json\/wp\/v2\/product_tag?post=283723"}],"curies":[{"name":"wp","href":"https:\/\/api.w.org\/{rel}","templated":true}]}}