{"id":282085,"date":"2025-03-06T10:01:39","date_gmt":"2025-03-24T12:41:14","guid":{"rendered":"https:\/\/staging.nbg.eu\/product\/clawgear-m-lok-10-slot-rail-qd-integrated\/"},"modified":"2025-03-24T12:43:44","modified_gmt":"2025-03-24T12:43:44","slug":"clawgear-m-lok-10-slot-rail-qd-integrat","status":"publish","type":"product","link":"https:\/\/staging.nbg.eu\/mt\/product\/clawgear-m-lok-10-slot-rail-qd-integrat\/","title":{"rendered":"Clawgear M-LOK 10 Slot Rail QD integrat"},"content":{"rendered":"<h2>Clawgear M-LOK 10 Slot Rail QD Integrat<\/h2>\n<p>Din il-Picatinny Rail g\u0127all-interfa\u010b\u010bja M-LOK g\u0127andha 10 slots u punt ta&#8217; mmuntar QD integrat g\u0127al sling swivels. Mag\u0127mula minn aluminju b&#8217;sa\u0127\u0127tu b&#8217;finitura anodizzata li tissodisfa r-rekwi\u017citi Mil-spec.<\/p>\n<ul>\n<li>Tinkludi \u0127ardwer ta&#8217; mmuntar b&#8217;T Nuts tal-azzar inossidabbli<\/li>\n<li>Disinn re\u017cistenti g\u0127all-korru\u017cjoni<\/li>\n<li>Torque massimu: 4Nm jew 35in\/lb<\/li>\n<\/ul>\n<p><strong>Su\u0121\u0121eriment:<\/strong> U\u017ca l-manku qasir ta\u010b-\u010bavetta Allen biex tissikka jekk m&#8217;g\u0127andekx Torque Wrench.<\/p>\n<p><em>Dimensjonijiet (ippakkjat):<\/em> 17 x 10.7 x 1 cm<br \/>\n<em>Pi\u017c:<\/em> 45g (53g ippakkjat)<\/p>\n","protected":false},"excerpt":{"rendered":"<p>Rail tal-Picatinny M-LOK b&#8217;10 slots u mount QD. Aluminju re\u017cistenti.<\/p>\n","protected":false},"featured_media":240508,"template":"","meta":{"_acf_changed":false},"product_brand":[11228],"product_cat":[730,642,643,751],"product_tag":[],"class_list":{"0":"post-282085","1":"product","2":"type-product","3":"status-publish","4":"has-post-thumbnail","6":"product_brand-clawgear","7":"product_cat-rails-mt","8":"product_cat-rifle-mt","9":"product_cat-rifle-parts-mt","10":"product_cat-slings-mt","12":"first","13":"instock","14":"taxable","15":"shipping-taxable","16":"purchasable","17":"product-type-simple"},"acf":[],"_links":{"self":[{"href":"https:\/\/staging.nbg.eu\/mt\/wp-json\/wp\/v2\/product\/282085","targetHints":{"allow":["GET"]}}],"collection":[{"href":"https:\/\/staging.nbg.eu\/mt\/wp-json\/wp\/v2\/product"}],"about":[{"href":"https:\/\/staging.nbg.eu\/mt\/wp-json\/wp\/v2\/types\/product"}],"wp:featuredmedia":[{"embeddable":true,"href":"https:\/\/staging.nbg.eu\/mt\/wp-json\/wp\/v2\/media\/240508"}],"wp:attachment":[{"href":"https:\/\/staging.nbg.eu\/mt\/wp-json\/wp\/v2\/media?parent=282085"}],"wp:term":[{"taxonomy":"product_brand","embeddable":true,"href":"https:\/\/staging.nbg.eu\/mt\/wp-json\/wp\/v2\/product_brand?post=282085"},{"taxonomy":"product_cat","embeddable":true,"href":"https:\/\/staging.nbg.eu\/mt\/wp-json\/wp\/v2\/product_cat?post=282085"},{"taxonomy":"product_tag","embeddable":true,"href":"https:\/\/staging.nbg.eu\/mt\/wp-json\/wp\/v2\/product_tag?post=282085"}],"curies":[{"name":"wp","href":"https:\/\/api.w.org\/{rel}","templated":true}]}}