{"id":279262,"date":"2025-03-03T19:53:03","date_gmt":"2025-03-21T12:33:19","guid":{"rendered":"https:\/\/staging.nbg.eu\/product\/daa-x-ray-aluminum-pouch\/"},"modified":"2025-03-21T12:35:38","modified_gmt":"2025-03-21T12:35:38","slug":"daa-x-ray-borza-tal-aluminju","status":"publish","type":"product","link":"https:\/\/staging.nbg.eu\/mt\/product\/daa-x-ray-borza-tal-aluminju\/","title":{"rendered":"DAA X-Ray Bor\u017ca tal-Aluminju"},"content":{"rendered":"<h2>Bor\u017ca tal-Aluminju DAA X-Ray<\/h2>\n<p>Il-bor\u017ca tal-maga\u017cin DAA X-Ray Aluminum hija bba\u017cata fuq il-mudelli Xi u XIP. Dan id-disinn joffri:<\/p>\n<ul>\n<li>Tarf ta&#8217; fuq ottimizzat g\u0127al inseriment tal-maga\u017cin aktar fa\u010bli<\/li>\n<li>Vit addizzjonali biex jipprevjeni l-ftu\u0127 a\u010b\u010bidentali<\/li>\n<li>\u0120onta tal-ballun ta&#8217; 13mm imkabbra g\u0127al aktar stabbilt\u00e0<\/li>\n<li>Disinn trasparenti b&#8217;qatg\u0127at li jnaqqsu l-pi\u017c<\/li>\n<li>Tmien punti ta&#8217; mmuntar g\u0127al u\u017cu ambidestru<\/li>\n<li>\u0120onta tal-ballun tal-aluminju biex ta\u0121\u0121usta l-angoli<\/li>\n<li>Tliet settijiet ta&#8217; spazjaturi g\u0127al kompatibbilt\u00e0 ma&#8217; maga\u017cins differenti<\/li>\n<li>Po\u017cizzjonijiet a\u0121\u0121ustabbli g\u0127all-pin tal-waqfien tal-azzar<\/li>\n<li>A\u0121\u0121ustament tat-tensjoni ming\u0127ajr g\u0127odda<\/li>\n<\/ul>\n<p>Disponibbli f&#8217;finituri anodizzati Blu, A\u0127mar, Iswed, u Fidda, il-Bor\u017ca tal-Aluminju X-Ray hija g\u0127a\u017cla g\u0127al dawk li jisparaw b&#8217;mod kompetittiv.<\/p>\n","protected":false},"excerpt":{"rendered":"<p>Bor\u017ca tal-Aluminju DAA X-Ray: Disinn innovattiv, \u0127afif u trasparenti g\u0127al sparaturi kompetittivi.<\/p>\n","protected":false},"featured_media":236025,"template":"","meta":{"_acf_changed":false},"product_brand":[11279],"product_cat":[565,1211,566],"product_tag":[],"class_list":{"0":"post-279262","1":"product","2":"type-product","3":"status-publish","4":"has-post-thumbnail","6":"product_brand-doublealpha","7":"product_cat-gear-mt","8":"product_cat-magazine-holders-mt","9":"product_cat-pouches-mt","11":"first","12":"outofstock","13":"taxable","14":"shipping-taxable","15":"purchasable","16":"product-type-variable","17":"wvs-archive-product-wrapper"},"acf":[],"_links":{"self":[{"href":"https:\/\/staging.nbg.eu\/mt\/wp-json\/wp\/v2\/product\/279262","targetHints":{"allow":["GET"]}}],"collection":[{"href":"https:\/\/staging.nbg.eu\/mt\/wp-json\/wp\/v2\/product"}],"about":[{"href":"https:\/\/staging.nbg.eu\/mt\/wp-json\/wp\/v2\/types\/product"}],"wp:featuredmedia":[{"embeddable":true,"href":"https:\/\/staging.nbg.eu\/mt\/wp-json\/wp\/v2\/media\/236025"}],"wp:attachment":[{"href":"https:\/\/staging.nbg.eu\/mt\/wp-json\/wp\/v2\/media?parent=279262"}],"wp:term":[{"taxonomy":"product_brand","embeddable":true,"href":"https:\/\/staging.nbg.eu\/mt\/wp-json\/wp\/v2\/product_brand?post=279262"},{"taxonomy":"product_cat","embeddable":true,"href":"https:\/\/staging.nbg.eu\/mt\/wp-json\/wp\/v2\/product_cat?post=279262"},{"taxonomy":"product_tag","embeddable":true,"href":"https:\/\/staging.nbg.eu\/mt\/wp-json\/wp\/v2\/product_tag?post=279262"}],"curies":[{"name":"wp","href":"https:\/\/api.w.org\/{rel}","templated":true}]}}