{"id":278750,"date":"2025-03-02T06:06:39","date_gmt":"2025-03-21T10:59:36","guid":{"rendered":"https:\/\/staging.nbg.eu\/product\/144-area-419-billet-loading-block-clear-anodized\/"},"modified":"2025-03-21T11:01:58","modified_gmt":"2025-03-21T11:01:58","slug":"area-419-blokk-tat-tagbija-billet-anodizzat-car","status":"publish","type":"product","link":"https:\/\/staging.nbg.eu\/mt\/product\/area-419-blokk-tat-tagbija-billet-anodizzat-car\/","title":{"rendered":"Area 419 &#8211; Blokk tat-Tag\u0127bija Billet \u2013 Anodizzat \u010aar"},"content":{"rendered":"<h2>Blokk tat-Tag\u0127bija Area 419 Billet &#8211; Anodizzat \u010aar<\/h2>\n<p>Il-Blokk tat-Tag\u0127bija Area 419 Billet Anodizzat g\u0127andu dawn il-karatteristi\u010bi:<\/p>\n<ul>\n<li>50 spazju g\u0127al 308, Magnum, jew munizzjon b&#8217;wi\u010b\u010b bolt Lapua<\/li>\n<li>Kostruzzjoni tal-Aluminju 6061-T6 b&#8217;finitura anodizzata \u010bara<\/li>\n<li>Dimensjonijiet: 9.5&#8243; x 4&#8243; x 5\/8&#8243;<\/li>\n<li>Toqob fondi 0.500&#8243; b&#8217;qoxra ssikkati<\/li>\n<li>Divots \u010bentrali biex jaqbdu l-frak tal-porvli<\/li>\n<li>Pads tal-lastku li ma ji\u017colqux fil-qieg\u0127<\/li>\n<\/ul>\n<p>Dijametri tat-toqob disponibbli: 223 (0.390&#8243;), ARC\/Grendel (0.452&#8243;), 308 (0.485&#8243;), 284 (0.515&#8243;), Magnum (0.560&#8243;), Lapua (0.600&#8243;), u Cheytac (0.655&#8243;).<\/p>\n<p>Pi\u017c: 1.4 lbs<\/p>\n<p>Dan il-blokk tat-tag\u0127bija huwa mag\u0127mul minn Area 419.<\/p>\n","protected":false},"excerpt":{"rendered":"<p>Blokk tat-tag\u0127bija anodizzat re\u017cistenti g\u0127al 50 rawnd. Mag\u0127mul bi pre\u010bi\u017cjoni, ma ji\u017cloqx.<\/p>\n","protected":false},"featured_media":233221,"template":"","meta":{"_acf_changed":false},"product_brand":[11045],"product_cat":[1076,1232],"product_tag":[],"class_list":{"0":"post-278750","1":"product","2":"type-product","3":"status-publish","4":"has-post-thumbnail","6":"product_brand-area-419","7":"product_cat-reloading-mt","8":"product_cat-reloading-accessories-mt","10":"first","11":"instock","12":"taxable","13":"shipping-taxable","14":"purchasable","15":"product-type-variable","16":"wvs-archive-product-wrapper"},"acf":[],"_links":{"self":[{"href":"https:\/\/staging.nbg.eu\/mt\/wp-json\/wp\/v2\/product\/278750","targetHints":{"allow":["GET"]}}],"collection":[{"href":"https:\/\/staging.nbg.eu\/mt\/wp-json\/wp\/v2\/product"}],"about":[{"href":"https:\/\/staging.nbg.eu\/mt\/wp-json\/wp\/v2\/types\/product"}],"wp:featuredmedia":[{"embeddable":true,"href":"https:\/\/staging.nbg.eu\/mt\/wp-json\/wp\/v2\/media\/233221"}],"wp:attachment":[{"href":"https:\/\/staging.nbg.eu\/mt\/wp-json\/wp\/v2\/media?parent=278750"}],"wp:term":[{"taxonomy":"product_brand","embeddable":true,"href":"https:\/\/staging.nbg.eu\/mt\/wp-json\/wp\/v2\/product_brand?post=278750"},{"taxonomy":"product_cat","embeddable":true,"href":"https:\/\/staging.nbg.eu\/mt\/wp-json\/wp\/v2\/product_cat?post=278750"},{"taxonomy":"product_tag","embeddable":true,"href":"https:\/\/staging.nbg.eu\/mt\/wp-json\/wp\/v2\/product_tag?post=278750"}],"curies":[{"name":"wp","href":"https:\/\/api.w.org\/{rel}","templated":true}]}}