{"id":278316,"date":"2025-03-07T17:59:41","date_gmt":"2025-03-21T10:04:42","guid":{"rendered":"https:\/\/staging.nbg.eu\/product\/sellier-bellot-40sw-fmj-11-7g-180gr\/"},"modified":"2025-03-21T10:06:59","modified_gmt":"2025-03-21T10:06:59","slug":"sellier-bellot-40sw-fmj-117g-180gr","status":"publish","type":"product","link":"https:\/\/staging.nbg.eu\/mt\/product\/sellier-bellot-40sw-fmj-117g-180gr\/","title":{"rendered":"Sellier &#038; Bellot &#8211; 40S&#038;W FMJ &#8211; 11.7g \/ 180gr"},"content":{"rendered":"<p>Il-munizzjon Sellier &amp; Bellot 40S&amp;W Full Metal Jacket huwa g\u0127a\u017cla g\u0127all-prattika tal-mira. Kull rawnd g\u0127andu balla FMJ ta&#8217; 180 grain, li jipprovdi prestazzjoni konsistenti fl-arma tal-id tieg\u0127ek ta&#8217; .40 S&amp;W.<\/p>\n<ul>\n<li>Kalibru: .40 S&amp;W<\/li>\n<li>Pi\u017c tal-Balla: 180 grains (11.7g)<\/li>\n<li>Tip ta&#8217; Balla: Full Metal Jacket (FMJ)<\/li>\n<li>Velo\u010bit\u00e0 tal-Muzzle: 968 FPS<\/li>\n<li>Ener\u0121ija tal-Muzzle: 400 ft-lbs<\/li>\n<li>Qoxra: Brass<\/li>\n<\/ul>\n<p>Dan il-munizzjon ji\u0121i f&#8217;kaxxi ta&#8217; 50 rawnd, b&#8217;20 kaxxa f&#8217;kull ka\u017c. Il-qoxra tal-brass ti\u017cgura \u010biklu bla xkiel u tippermetti r-ri\u010bikla\u0121\u0121. B&#8217;velo\u010bit\u00e0 ta&#8217; 940 fps, dawn ir-rawnds joffru prestazzjoni g\u0127all-isparar tal-mira u l-prattika fil-poligon. Sellier &amp; Bellot jipprovdu munizzjon konsistenti g\u0127all-arma tieg\u0127ek ta&#8217; .40 S&amp;W.<\/p>\n","protected":false},"excerpt":{"rendered":"<p>Munizzjon 40 S&amp;W 180gr FMJ g\u0127al sparar g\u0127ad-divertiment. Qoxra tar-ram, 968 FPS, 50 tir\/kaxxa.<\/p>\n","protected":false},"featured_media":248751,"template":"","meta":{"_acf_changed":false},"product_brand":[],"product_cat":[1475,3032],"product_tag":[],"class_list":{"0":"post-278316","1":"product","2":"type-product","3":"status-publish","4":"has-post-thumbnail","6":"product_cat-ammunition-mt","7":"product_cat-pistol-ammunition-mt","9":"first","10":"instock","11":"taxable","12":"shipping-taxable","13":"purchasable","14":"product-type-simple"},"acf":[],"_links":{"self":[{"href":"https:\/\/staging.nbg.eu\/mt\/wp-json\/wp\/v2\/product\/278316","targetHints":{"allow":["GET"]}}],"collection":[{"href":"https:\/\/staging.nbg.eu\/mt\/wp-json\/wp\/v2\/product"}],"about":[{"href":"https:\/\/staging.nbg.eu\/mt\/wp-json\/wp\/v2\/types\/product"}],"wp:featuredmedia":[{"embeddable":true,"href":"https:\/\/staging.nbg.eu\/mt\/wp-json\/wp\/v2\/media\/248751"}],"wp:attachment":[{"href":"https:\/\/staging.nbg.eu\/mt\/wp-json\/wp\/v2\/media?parent=278316"}],"wp:term":[{"taxonomy":"product_brand","embeddable":true,"href":"https:\/\/staging.nbg.eu\/mt\/wp-json\/wp\/v2\/product_brand?post=278316"},{"taxonomy":"product_cat","embeddable":true,"href":"https:\/\/staging.nbg.eu\/mt\/wp-json\/wp\/v2\/product_cat?post=278316"},{"taxonomy":"product_tag","embeddable":true,"href":"https:\/\/staging.nbg.eu\/mt\/wp-json\/wp\/v2\/product_tag?post=278316"}],"curies":[{"name":"wp","href":"https:\/\/api.w.org\/{rel}","templated":true}]}}