{"id":278202,"date":"2025-03-07T10:00:31","date_gmt":"2025-03-21T09:43:59","guid":{"rendered":"https:\/\/staging.nbg.eu\/product\/hornady-6mm-arc-80gr-eld-vt\/"},"modified":"2025-03-21T09:46:11","modified_gmt":"2025-03-21T09:46:11","slug":"hornady-6mm-arc-80gr-eld-vt","status":"publish","type":"product","link":"https:\/\/staging.nbg.eu\/mt\/product\/hornady-6mm-arc-80gr-eld-vt\/","title":{"rendered":"Hornady &#8211; 6mm ARC 80gr. ELD-VT"},"content":{"rendered":"<div class=\"product-description\">\n<h2>Hornady &#8211; 6mm ARC 80gr. ELD-VT<\/h2>\n<p>Hornady 6mm ARC 80gr. ELD-VT munizzjon. Din ir-round hija mag\u0127mula g\u0127al sparaturi kompetittivi u ka\u010b\u010baturi tal-varmint.<\/p>\n<h3>Karatteristi\u010bi Ewlenin:<\/h3>\n<ul>\n<li><strong>Komponenti:<\/strong> Mg\u0127obbija b&#8217;materjali ta&#8217; kwalit\u00e0 g\u0127olja g\u0127al pre\u010bi\u017cjoni.<\/li>\n<li><strong>Propellanti:<\/strong> Ja\u0127arqu nadif u stabbli fit-temperatura g\u0127al prestazzjoni konsistenti.<\/li>\n<li><strong>Versatili:<\/strong> Tajjeb g\u0127all-isparar kompetittiv u l-ka\u010b\u010ba tal-varmint.<\/li>\n<li><strong>Pre\u010bi\u017cjoni:<\/strong> Mag\u0127mul g\u0127al pre\u010bi\u017cjoni f&#8217;distanzi varji.<\/li>\n<\/ul>\n<p>Hornady 6mm ARC 80gr. ELD-VT hija mag\u0127mula g\u0127al pre\u010bi\u017cjoni.<\/p>\n<\/div>\n","protected":false},"excerpt":{"rendered":"<p>Munizzjon ta&#8217; pre\u010bi\u017cjoni 6mm ARC. E\u017cattezza ta&#8217; kwalit\u00e0 tal-log\u0127ob, konsistenti f&#8217;kull temperatura.<\/p>\n","protected":false},"featured_media":246056,"template":"","meta":{"_acf_changed":false},"product_brand":[11461],"product_cat":[1475,1476],"product_tag":[],"class_list":{"0":"post-278202","1":"product","2":"type-product","3":"status-publish","4":"has-post-thumbnail","6":"product_brand-hornady","7":"product_cat-ammunition-mt","8":"product_cat-rifle-ammunition-mt","10":"first","11":"instock","12":"taxable","13":"shipping-taxable","14":"purchasable","15":"product-type-simple"},"acf":[],"_links":{"self":[{"href":"https:\/\/staging.nbg.eu\/mt\/wp-json\/wp\/v2\/product\/278202","targetHints":{"allow":["GET"]}}],"collection":[{"href":"https:\/\/staging.nbg.eu\/mt\/wp-json\/wp\/v2\/product"}],"about":[{"href":"https:\/\/staging.nbg.eu\/mt\/wp-json\/wp\/v2\/types\/product"}],"wp:featuredmedia":[{"embeddable":true,"href":"https:\/\/staging.nbg.eu\/mt\/wp-json\/wp\/v2\/media\/246056"}],"wp:attachment":[{"href":"https:\/\/staging.nbg.eu\/mt\/wp-json\/wp\/v2\/media?parent=278202"}],"wp:term":[{"taxonomy":"product_brand","embeddable":true,"href":"https:\/\/staging.nbg.eu\/mt\/wp-json\/wp\/v2\/product_brand?post=278202"},{"taxonomy":"product_cat","embeddable":true,"href":"https:\/\/staging.nbg.eu\/mt\/wp-json\/wp\/v2\/product_cat?post=278202"},{"taxonomy":"product_tag","embeddable":true,"href":"https:\/\/staging.nbg.eu\/mt\/wp-json\/wp\/v2\/product_tag?post=278202"}],"curies":[{"name":"wp","href":"https:\/\/api.w.org\/{rel}","templated":true}]}}