{"id":278050,"date":"2025-03-07T09:56:26","date_gmt":"2025-03-21T07:57:20","guid":{"rendered":"https:\/\/staging.nbg.eu\/product\/hornady-6mm-arc-103-gr-eld%e2%80%91x-precision-hunter\/"},"modified":"2025-03-21T07:59:46","modified_gmt":"2025-03-21T07:59:46","slug":"hornady-6mm-arc-103-gr-eldx-precision-hunter","status":"publish","type":"product","link":"https:\/\/staging.nbg.eu\/mt\/product\/hornady-6mm-arc-103-gr-eldx-precision-hunter\/","title":{"rendered":"Hornady &#8211; 6mm ARC 103 gr ELD\u2011X\u00ae Precision Hunter\u00ae"},"content":{"rendered":"<div class=\"product-description\">\n<h2>Hornady 6mm ARC 103 gr ELD\u2011X\u00ae Precision Hunter\u00ae<\/h2>\n<p>Il-6mm ARC huwa ddisinjat g\u0127al sparaturi esperti. Din il-kartri\u010b\u010ba tipprovdi:<\/p>\n<ul>\n<li>Pre\u010bi\u017cjoni u prestazzjoni fuq distanzi twal<\/li>\n<li>Adattat g\u0127all-ka\u010b\u010ba, sparar ta&#8217; kompetizzjoni, u protezzjoni personali<\/li>\n<li>Ottimizzat g\u0127al pjattaformi AR-15 u armi bolt-action qosra<\/li>\n<li>Koeffi\u010bjent ballistiku g\u0127oli g\u0127al prestazzjoni terminali a\u0127jar<\/li>\n<li>Disinn ibbilan\u010bjat tal-kartri\u010b\u010ba, kamra, u propellant<\/li>\n<li>\u0126ajja tajba tal-kanna<\/li>\n<\/ul>\n<p>Il-6mm ARC huwa adattat g\u0127al diversi applikazzjonijiet minn difi\u017ca personali sa ka\u010b\u010ba fuq distanzi twal. Kompatibbli ma&#8217; diversi manifatturi ta&#8217; armi tan-nar, inklu\u017c Barrett, Mossberg, u Wilson Combat.<\/p>\n<\/div>\n","protected":false},"excerpt":{"rendered":"<p>ARC ta&#8217; 6mm versatili g\u0127all-AR-15: Balal effi\u010bjenti b&#8217;koeffi\u010bjent ballistiku g\u0127oli g\u0127al ka\u010b\u010ba pre\u010bi\u017ca.<\/p>\n","protected":false},"featured_media":246031,"template":"","meta":{"_acf_changed":false},"product_brand":[11461],"product_cat":[1475,1476],"product_tag":[],"class_list":{"0":"post-278050","1":"product","2":"type-product","3":"status-publish","4":"has-post-thumbnail","6":"product_brand-hornady","7":"product_cat-ammunition-mt","8":"product_cat-rifle-ammunition-mt","10":"first","11":"instock","12":"taxable","13":"shipping-taxable","14":"purchasable","15":"product-type-simple"},"acf":[],"_links":{"self":[{"href":"https:\/\/staging.nbg.eu\/mt\/wp-json\/wp\/v2\/product\/278050","targetHints":{"allow":["GET"]}}],"collection":[{"href":"https:\/\/staging.nbg.eu\/mt\/wp-json\/wp\/v2\/product"}],"about":[{"href":"https:\/\/staging.nbg.eu\/mt\/wp-json\/wp\/v2\/types\/product"}],"wp:featuredmedia":[{"embeddable":true,"href":"https:\/\/staging.nbg.eu\/mt\/wp-json\/wp\/v2\/media\/246031"}],"wp:attachment":[{"href":"https:\/\/staging.nbg.eu\/mt\/wp-json\/wp\/v2\/media?parent=278050"}],"wp:term":[{"taxonomy":"product_brand","embeddable":true,"href":"https:\/\/staging.nbg.eu\/mt\/wp-json\/wp\/v2\/product_brand?post=278050"},{"taxonomy":"product_cat","embeddable":true,"href":"https:\/\/staging.nbg.eu\/mt\/wp-json\/wp\/v2\/product_cat?post=278050"},{"taxonomy":"product_tag","embeddable":true,"href":"https:\/\/staging.nbg.eu\/mt\/wp-json\/wp\/v2\/product_tag?post=278050"}],"curies":[{"name":"wp","href":"https:\/\/api.w.org\/{rel}","templated":true}]}}