{"id":277671,"date":"2025-03-07T07:46:42","date_gmt":"2025-03-07T07:46:42","guid":{"rendered":"https:\/\/staging.nbg.eu\/product\/gun-oil-go-juice-4-oz\/"},"modified":"2025-03-21T07:16:15","modified_gmt":"2025-03-21T07:16:15","slug":"gun-oil-go-juice-4oz","status":"publish","type":"product","link":"https:\/\/staging.nbg.eu\/mt\/product\/gun-oil-go-juice-4oz\/","title":{"rendered":"Gun Oil Go Juice 4.oz"},"content":{"rendered":"<div class=\"product-description\">\n<h2>ALG Go-Juice\u00ae (GJ\u00ae) Flixkun ta&#8217; 4 oz.<\/h2>\n<p>ALG Go-Juice\u00ae huwa lubrikant biosintestiku g\u0127al sistemi ta&#8217; lubrikazzjoni ta&#8217; telf totali u tal-fruntiera. Karatteristi\u010bi ewlenin jinkludu:<\/p>\n<ul>\n<li>500% aktar lixx minn CLP ta&#8217; grad militari<\/li>\n<li>Re\u017cistenza g\u0127all-korru\u017cjoni<\/li>\n<li>Stabbilt\u00e0 fit-tul<\/li>\n<li>Formula mhux tossika u sigura g\u0127all-\u0121ilda<\/li>\n<li>Adattat g\u0127al armi awtomati\u010bi u armi mo\u0127bija<\/li>\n<\/ul>\n<p>Mag\u0127mul minn \u017crierag\u0127 ta\u017c-\u017cejt GMO mrobbija g\u0127al lubrikazzjoni ottimali, Go-Juice\u00ae jippre\u017centa ri\u017cultati tajbin f&#8217;testijiet ta&#8217; tixji\u0127 a\u010b\u010bellerat u sprej tal-mel\u0127. Dan il-lubrikant mhux ibba\u017cat fuq i\u017c-\u017cejt minerali j\u017comm l-arma tieg\u0127ek ta\u0127dem f&#8217;kundizzjonijiet avversi.<\/p>\n<\/div>\n","protected":false},"excerpt":{"rendered":"<p>&#8220;Lubrikant biosintetiku g\u0127all-armi tan-nar li huwa lixx \u0127afna u mhux tossiku g\u0127all-prestazzjoni massima.&#8221;<\/p>\n","protected":false},"featured_media":245938,"template":"","meta":{"_acf_changed":false},"product_brand":[11394],"product_cat":[1922,1434],"product_tag":[],"class_list":{"0":"post-277671","1":"product","2":"type-product","3":"status-publish","4":"has-post-thumbnail","6":"product_brand-geissele","7":"product_cat-lubricants-mt","8":"product_cat-maintenance-mt","10":"first","11":"instock","12":"taxable","13":"shipping-taxable","14":"purchasable","15":"product-type-simple"},"acf":[],"_links":{"self":[{"href":"https:\/\/staging.nbg.eu\/mt\/wp-json\/wp\/v2\/product\/277671","targetHints":{"allow":["GET"]}}],"collection":[{"href":"https:\/\/staging.nbg.eu\/mt\/wp-json\/wp\/v2\/product"}],"about":[{"href":"https:\/\/staging.nbg.eu\/mt\/wp-json\/wp\/v2\/types\/product"}],"wp:featuredmedia":[{"embeddable":true,"href":"https:\/\/staging.nbg.eu\/mt\/wp-json\/wp\/v2\/media\/245938"}],"wp:attachment":[{"href":"https:\/\/staging.nbg.eu\/mt\/wp-json\/wp\/v2\/media?parent=277671"}],"wp:term":[{"taxonomy":"product_brand","embeddable":true,"href":"https:\/\/staging.nbg.eu\/mt\/wp-json\/wp\/v2\/product_brand?post=277671"},{"taxonomy":"product_cat","embeddable":true,"href":"https:\/\/staging.nbg.eu\/mt\/wp-json\/wp\/v2\/product_cat?post=277671"},{"taxonomy":"product_tag","embeddable":true,"href":"https:\/\/staging.nbg.eu\/mt\/wp-json\/wp\/v2\/product_tag?post=277671"}],"curies":[{"name":"wp","href":"https:\/\/api.w.org\/{rel}","templated":true}]}}