{"id":276594,"date":"2025-03-03T19:46:03","date_gmt":"2025-03-03T19:46:03","guid":{"rendered":"https:\/\/staging.nbg.eu\/product\/daa-alpha-xip\/"},"modified":"2025-03-20T14:13:28","modified_gmt":"2025-03-20T14:13:28","slug":"daa-alpha-xip","status":"publish","type":"product","link":"https:\/\/staging.nbg.eu\/mt\/product\/daa-alpha-xip\/","title":{"rendered":"DAA Alpha-XiP"},"content":{"rendered":"<h2>DAA Alpha-XiP Kit tal-Kalamita<\/h2>\n<p>A\u0121\u0121orna l-bor\u017ca DAA Racer jew Alpha XiP tieg\u0127ek b&#8217;dan il-kit tal-kalamita. Ehme\u017c kalamita mal-bor\u017ca tieg\u0127ek g\u0127al immuntar malajr u sigur.<\/p>\n<h3>Kontenut tal-Kit:<\/h3>\n<ul>\n<li>Kalamita kbira DAA<\/li>\n<li>Vit tal-azzar inossidabbli M5 10mm<\/li>\n<li>Inserzjoni termali tal-brass M5 (twila 6mm)<\/li>\n<\/ul>\n<h3>G\u0127odod Me\u0127tie\u0121a:<\/h3>\n<ul>\n<li>Drill b&#8217;bit ta&#8217; 6.3-6.5mm<\/li>\n<li>\u0126adida tal-issaldjar<\/li>\n<li>Lima u karta tal-garxa<\/li>\n<\/ul>\n<p>Segwi l-istruzzjonijiet ta&#8217; assembla\u0121\u0121 pass pass biex tikkustomizza l-bor\u017ca tieg\u0127ek. Ittaqqab toqba pre\u010bi\u017ca, da\u0127\u0127al in-natt termali, u wa\u0127\u0127al il-kalamita b&#8217;mod sigur. B&#8217;dan il-kit, se ttejjeb il-funzjonalit\u00e0 u l-versatilit\u00e0 tal-bor\u017ca tieg\u0127ek.<\/p>\n<p><strong>Nota:<\/strong> L-assembla\u0121\u0121 je\u0127tie\u0121 immani\u0121\u0121jar b&#8217;attenzjoni u pa\u010benzja. Dejjem ag\u0127ti prijorit\u00e0 lis-sigurt\u00e0 waqt l-installazzjoni.<\/p>\n","protected":false},"excerpt":{"rendered":"<p>DAA Alpha-XiP: Kitt ta&#8217; rbit tal-bor\u017ca manjetika personalizzabbli<\/p>\n","protected":false},"featured_media":235860,"template":"","meta":{"_acf_changed":false},"product_brand":[11279],"product_cat":[565,566],"product_tag":[],"class_list":{"0":"post-276594","1":"product","2":"type-product","3":"status-publish","4":"has-post-thumbnail","6":"product_brand-doublealpha","7":"product_cat-gear-mt","8":"product_cat-pouches-mt","10":"first","11":"instock","12":"taxable","13":"shipping-taxable","14":"purchasable","15":"product-type-simple"},"acf":[],"_links":{"self":[{"href":"https:\/\/staging.nbg.eu\/mt\/wp-json\/wp\/v2\/product\/276594","targetHints":{"allow":["GET"]}}],"collection":[{"href":"https:\/\/staging.nbg.eu\/mt\/wp-json\/wp\/v2\/product"}],"about":[{"href":"https:\/\/staging.nbg.eu\/mt\/wp-json\/wp\/v2\/types\/product"}],"wp:featuredmedia":[{"embeddable":true,"href":"https:\/\/staging.nbg.eu\/mt\/wp-json\/wp\/v2\/media\/235860"}],"wp:attachment":[{"href":"https:\/\/staging.nbg.eu\/mt\/wp-json\/wp\/v2\/media?parent=276594"}],"wp:term":[{"taxonomy":"product_brand","embeddable":true,"href":"https:\/\/staging.nbg.eu\/mt\/wp-json\/wp\/v2\/product_brand?post=276594"},{"taxonomy":"product_cat","embeddable":true,"href":"https:\/\/staging.nbg.eu\/mt\/wp-json\/wp\/v2\/product_cat?post=276594"},{"taxonomy":"product_tag","embeddable":true,"href":"https:\/\/staging.nbg.eu\/mt\/wp-json\/wp\/v2\/product_tag?post=276594"}],"curies":[{"name":"wp","href":"https:\/\/api.w.org\/{rel}","templated":true}]}}