{"id":276222,"date":"2025-03-07T07:40:34","date_gmt":"2025-03-20T13:40:58","guid":{"rendered":"https:\/\/staging.nbg.eu\/product\/silicone-gel-pads-for-3m-peltor\/"},"modified":"2025-03-20T13:43:00","modified_gmt":"2025-03-20T13:43:00","slug":"pads-ta-silikon-gel-gal-3m-peltor","status":"publish","type":"product","link":"https:\/\/staging.nbg.eu\/mt\/product\/pads-ta-silikon-gel-gal-3m-peltor\/","title":{"rendered":"Pads ta&#8217; Silikon Gel g\u0127al 3M Peltor"},"content":{"rendered":"<div class=\"product-description\">\n<h2>Kuxins tas-Silikonju g\u0127al 3M Peltor<\/h2>\n<p>Kuxins tas-silikonju sostituttivi g\u0127al protezzjoni tas-smig\u0127 3M Peltor. Kompatibbli ma&#8217; mudelli varji ta&#8217; Peltor, inklu\u017ci Sportac, WS Sportac, Protac III, u X4A passiv.<\/p>\n<ul>\n<li>Installazzjoni: Jitpo\u0121\u0121ew f&#8217;posthom<\/li>\n<li>Kumdit\u00e0: Il-kuxins jaddattaw g\u0127all-forma tar-ras<\/li>\n<li>Si\u0121illatura: Jo\u0127olqu ostaklu madwar il-frame tan-nu\u010b\u010bali<\/li>\n<li>Kostruzzjoni: Immuntar b&#8217;welding soniku<\/li>\n<li>Kompatibilit\u00e0: Jg\u0127oddu g\u0127al \u0127afna mudelli ta&#8217; protezzjoni tas-smig\u0127 Peltor<\/li>\n<\/ul>\n<p>Dawn il-kuxins tas-silikonju huma adattati g\u0127al u\u017cu fit-tul u protezzjoni tas-smig\u0127.<\/p>\n<\/div>\n","protected":false},"excerpt":{"rendered":"<p>Kuxxinetti tal-\u0121ell komdi u fa\u010bli biex tinstallaw g\u0127all-protezzjoni tas-smig\u0127 ta&#8217; 3M Peltor.<\/p>\n","protected":false},"featured_media":245730,"template":"","meta":{"_acf_changed":false},"product_brand":[11020],"product_cat":[939,565],"product_tag":[],"class_list":{"0":"post-276222","1":"product","2":"type-product","3":"status-publish","4":"has-post-thumbnail","6":"product_brand-3m","7":"product_cat-ear-protection-mt","8":"product_cat-gear-mt","10":"first","11":"instock","12":"taxable","13":"shipping-taxable","14":"purchasable","15":"product-type-simple"},"acf":[],"_links":{"self":[{"href":"https:\/\/staging.nbg.eu\/mt\/wp-json\/wp\/v2\/product\/276222","targetHints":{"allow":["GET"]}}],"collection":[{"href":"https:\/\/staging.nbg.eu\/mt\/wp-json\/wp\/v2\/product"}],"about":[{"href":"https:\/\/staging.nbg.eu\/mt\/wp-json\/wp\/v2\/types\/product"}],"wp:featuredmedia":[{"embeddable":true,"href":"https:\/\/staging.nbg.eu\/mt\/wp-json\/wp\/v2\/media\/245730"}],"wp:attachment":[{"href":"https:\/\/staging.nbg.eu\/mt\/wp-json\/wp\/v2\/media?parent=276222"}],"wp:term":[{"taxonomy":"product_brand","embeddable":true,"href":"https:\/\/staging.nbg.eu\/mt\/wp-json\/wp\/v2\/product_brand?post=276222"},{"taxonomy":"product_cat","embeddable":true,"href":"https:\/\/staging.nbg.eu\/mt\/wp-json\/wp\/v2\/product_cat?post=276222"},{"taxonomy":"product_tag","embeddable":true,"href":"https:\/\/staging.nbg.eu\/mt\/wp-json\/wp\/v2\/product_tag?post=276222"}],"curies":[{"name":"wp","href":"https:\/\/api.w.org\/{rel}","templated":true}]}}