{"id":276095,"date":"2025-03-02T17:08:39","date_gmt":"2025-03-02T17:08:39","guid":{"rendered":"https:\/\/staging.nbg.eu\/product\/bore-tech-decimator-suppressor-cleaner\/"},"modified":"2025-03-20T13:31:51","modified_gmt":"2025-03-20T13:31:51","slug":"bore-tech-decimator-nadif-tas-suppressor","status":"publish","type":"product","link":"https:\/\/staging.nbg.eu\/mt\/product\/bore-tech-decimator-nadif-tas-suppressor\/","title":{"rendered":"Bore Tech Decimator Nadif tas-Suppressor"},"content":{"rendered":"<div class=\"product-description\">\n<h2>Bore Tech Decimator Naddaf tas-Suppressur<\/h2>\n<p>Bore Tech Decimator Naddaf tas-Suppressur huwa formula ta&#8217; \u017cew\u0121 partijiet ma\u0127suba biex tne\u0127\u0127i depo\u017citi tat-tni\u0121\u0121is fis-suppressuri rimfire u centerfire.<\/p>\n<ul>\n<li>Sikur g\u0127as-Suppressuri<\/li>\n<li>Mhux Perikolu\u017c u Ming\u0127ajr Ammonja<\/li>\n<li>Ming\u0127ajr Ri\u0127a u Bijodegradabbli<\/li>\n<li>Sikur g\u0127all-Aluminju, Azzar Inossidabbli, Titanju, u diversi ligi<\/li>\n<\/ul>\n<p>Parti A timmira depo\u017citi ta&#8217; karbonju\/\u010bomb, filwaqt li Parti B tiffoka fuq depo\u017citi ta&#8217; ram. Meta jintu\u017ca mas-Sistema ta&#8217; Tindif tas-Suppressur Decimator, huwa kombinazzjoni g\u0127at-tindif tas-suppressuri, breaks tal-bokka, immuntar QD, u flash hiders.<\/p>\n<p>Bore Tech Decimator Naddaf tas-Suppressur jg\u0127in fil-manutenzjoni tas-suppressuri tieg\u0127ek.<\/p>\n<\/div>\n","protected":false},"excerpt":{"rendered":"<p>Tindif effettiv u sigur g\u0127as-suppressors g\u0127at-tne\u0127\u0127ija ta&#8217; \u0127mie\u0121 estrem.<\/p>\n","protected":false},"featured_media":235252,"template":"","meta":{"_acf_changed":false},"product_brand":[],"product_cat":[1434,496],"product_tag":[],"class_list":{"0":"post-276095","1":"product","2":"type-product","3":"status-publish","4":"has-post-thumbnail","6":"product_cat-maintenance-mt","7":"product_cat-uncategorized-mt","9":"first","10":"instock","11":"taxable","12":"shipping-taxable","13":"purchasable","14":"product-type-simple"},"acf":[],"_links":{"self":[{"href":"https:\/\/staging.nbg.eu\/mt\/wp-json\/wp\/v2\/product\/276095","targetHints":{"allow":["GET"]}}],"collection":[{"href":"https:\/\/staging.nbg.eu\/mt\/wp-json\/wp\/v2\/product"}],"about":[{"href":"https:\/\/staging.nbg.eu\/mt\/wp-json\/wp\/v2\/types\/product"}],"wp:featuredmedia":[{"embeddable":true,"href":"https:\/\/staging.nbg.eu\/mt\/wp-json\/wp\/v2\/media\/235252"}],"wp:attachment":[{"href":"https:\/\/staging.nbg.eu\/mt\/wp-json\/wp\/v2\/media?parent=276095"}],"wp:term":[{"taxonomy":"product_brand","embeddable":true,"href":"https:\/\/staging.nbg.eu\/mt\/wp-json\/wp\/v2\/product_brand?post=276095"},{"taxonomy":"product_cat","embeddable":true,"href":"https:\/\/staging.nbg.eu\/mt\/wp-json\/wp\/v2\/product_cat?post=276095"},{"taxonomy":"product_tag","embeddable":true,"href":"https:\/\/staging.nbg.eu\/mt\/wp-json\/wp\/v2\/product_tag?post=276095"}],"curies":[{"name":"wp","href":"https:\/\/api.w.org\/{rel}","templated":true}]}}