{"id":275985,"date":"2025-03-03T19:22:36","date_gmt":"2025-03-03T19:22:36","guid":{"rendered":"https:\/\/staging.nbg.eu\/product\/qwik-dri-dry-lubricant-1-oz\/"},"modified":"2025-03-20T13:18:28","modified_gmt":"2025-03-20T13:18:28","slug":"qwik-dri-dry-lubricant-1-oz","status":"publish","type":"product","link":"https:\/\/staging.nbg.eu\/mt\/product\/qwik-dri-dry-lubricant-1-oz\/","title":{"rendered":"QWIK-DRI DRY LUBRICANT, 1 Oz"},"content":{"rendered":"<h2>QWIK-DRI LUBRIKANT NIEXEF, 1 Uqija<\/h2>\n<p>Bore Tech Qwik-Dri\u2122 huwa lubrikant b&#8217;film niexef li fih partikuli PTFE submikroni\u010bi f&#8217;trasportatur li jevapora malajr.<\/p>\n<ul>\n<li>Jippenetra fil-pori tal-metall<\/li>\n<li>Jifforma film niexef li jdum<\/li>\n<li>Ja\u0127dem f&#8217;temperaturi estremi (-73\u00b0C sa 316\u00b0C)<\/li>\n<li>Inaqqas il-frizzjoni u l-u\u017cu b&#8217;95%<\/li>\n<li>Jirre\u017cisti t-trab u l-\u0127mie\u0121<\/li>\n<li>Applikazzjoni mhux \u017cejtnija<\/li>\n<\/ul>\n<p>Tajjeb g\u0127al slides tal-pistola, triggers, bolts tar-rifle, magazins, u aktar. Qwik-Dri\u2122 ji\u017cgura t\u0127addim bla problemi. Huwa adattat g\u0127al armi fil-holster u ma jtebba&#8217;x il-\u0127wejje\u0121. Mag\u0127mul fl-Istati Uniti.<\/p>\n","protected":false},"excerpt":{"rendered":"<p>QWIK-DRI: Lubrikant PTFE li jinxef malajr g\u0127al temperaturi estremi. Jirrespin\u0121i l-\u0127mie\u0121.<\/p>\n","protected":false},"featured_media":235681,"template":"","meta":{"_acf_changed":false},"product_brand":[11160],"product_cat":[1901,1922,1434],"product_tag":[],"class_list":{"0":"post-275985","1":"product","2":"type-product","3":"status-publish","4":"has-post-thumbnail","6":"product_brand-boretech","7":"product_cat-cleaners-mt","8":"product_cat-lubricants-mt","9":"product_cat-maintenance-mt","11":"first","12":"instock","13":"taxable","14":"shipping-taxable","15":"purchasable","16":"product-type-simple"},"acf":[],"_links":{"self":[{"href":"https:\/\/staging.nbg.eu\/mt\/wp-json\/wp\/v2\/product\/275985","targetHints":{"allow":["GET"]}}],"collection":[{"href":"https:\/\/staging.nbg.eu\/mt\/wp-json\/wp\/v2\/product"}],"about":[{"href":"https:\/\/staging.nbg.eu\/mt\/wp-json\/wp\/v2\/types\/product"}],"wp:featuredmedia":[{"embeddable":true,"href":"https:\/\/staging.nbg.eu\/mt\/wp-json\/wp\/v2\/media\/235681"}],"wp:attachment":[{"href":"https:\/\/staging.nbg.eu\/mt\/wp-json\/wp\/v2\/media?parent=275985"}],"wp:term":[{"taxonomy":"product_brand","embeddable":true,"href":"https:\/\/staging.nbg.eu\/mt\/wp-json\/wp\/v2\/product_brand?post=275985"},{"taxonomy":"product_cat","embeddable":true,"href":"https:\/\/staging.nbg.eu\/mt\/wp-json\/wp\/v2\/product_cat?post=275985"},{"taxonomy":"product_tag","embeddable":true,"href":"https:\/\/staging.nbg.eu\/mt\/wp-json\/wp\/v2\/product_tag?post=275985"}],"curies":[{"name":"wp","href":"https:\/\/api.w.org\/{rel}","templated":true}]}}