{"id":275546,"date":"2025-03-07T11:08:39","date_gmt":"2025-03-20T12:26:28","guid":{"rendered":"https:\/\/staging.nbg.eu\/product\/ipsc-targets-mini-100pcs\/"},"modified":"2025-03-20T12:28:37","modified_gmt":"2025-03-20T12:28:37","slug":"miri-ipsc-mini-100-bicca","status":"publish","type":"product","link":"https:\/\/staging.nbg.eu\/mt\/product\/miri-ipsc-mini-100-bicca\/","title":{"rendered":"Miri IPSC mini 100 bi\u010b\u010ba"},"content":{"rendered":"<div class=\"product-description\">\n<h2>Miri \u017bg\u0127ar tal-Kartun IPSC &#8211; Pakkett ta&#8217; 100<\/h2>\n<p>Miri legali IPSC, adattati g\u0127all-kompetizzjoni u t-ta\u0127ri\u0121. Kull pakkett fih 100 mira \u017cg\u0127ira, mag\u0127mula skont l-istandards tal-kompetizzjonijiet IPSC.<\/p>\n<ul>\n<li>Mag\u0127mula minn kartun re\u017cistenti<\/li>\n<li>\u017boni A, C, u D perforati g\u0127al punte\u0121\u0121 pre\u010bi\u017c<\/li>\n<li>Disinn b&#8217;\u017cew\u0121 kuluri: Quddiem kannella \u010bar, Wara abjad<\/li>\n<li>In-na\u0127a l-bajda tintu\u017ca wkoll b\u0127ala Mira ta&#8217; Penalit\u00e0<\/li>\n<li>Linji tal-punte\u0121\u0121 vi\u017cibbli fuq i\u017c-\u017cew\u0121 na\u0127at<\/li>\n<\/ul>\n<p>Dawn il-miri huma adattati g\u0127all-prattika fil-poligon, kompetizzjonijiet, jew xenarji ta&#8217; ta\u0127ri\u0121 tattiku.<\/p>\n<\/div>\n","protected":false},"excerpt":{"rendered":"<p>Imiri \u017bg\u0127ar tal-IPSC: 100 mira tal-kartun perforata g\u0127at-ta\u0127ri\u0121 u l-kompetizzjonijiet.<\/p>\n","protected":false},"featured_media":246705,"template":"","meta":{"_acf_changed":false},"product_brand":[],"product_cat":[1151,1153],"product_tag":[],"class_list":{"0":"post-275546","1":"product","2":"type-product","3":"status-publish","4":"has-post-thumbnail","6":"product_cat-paper-targets-mt","7":"product_cat-targets-mt","9":"first","10":"instock","11":"taxable","12":"shipping-taxable","13":"purchasable","14":"product-type-simple"},"acf":[],"_links":{"self":[{"href":"https:\/\/staging.nbg.eu\/mt\/wp-json\/wp\/v2\/product\/275546","targetHints":{"allow":["GET"]}}],"collection":[{"href":"https:\/\/staging.nbg.eu\/mt\/wp-json\/wp\/v2\/product"}],"about":[{"href":"https:\/\/staging.nbg.eu\/mt\/wp-json\/wp\/v2\/types\/product"}],"wp:featuredmedia":[{"embeddable":true,"href":"https:\/\/staging.nbg.eu\/mt\/wp-json\/wp\/v2\/media\/246705"}],"wp:attachment":[{"href":"https:\/\/staging.nbg.eu\/mt\/wp-json\/wp\/v2\/media?parent=275546"}],"wp:term":[{"taxonomy":"product_brand","embeddable":true,"href":"https:\/\/staging.nbg.eu\/mt\/wp-json\/wp\/v2\/product_brand?post=275546"},{"taxonomy":"product_cat","embeddable":true,"href":"https:\/\/staging.nbg.eu\/mt\/wp-json\/wp\/v2\/product_cat?post=275546"},{"taxonomy":"product_tag","embeddable":true,"href":"https:\/\/staging.nbg.eu\/mt\/wp-json\/wp\/v2\/product_tag?post=275546"}],"curies":[{"name":"wp","href":"https:\/\/api.w.org\/{rel}","templated":true}]}}