{"id":274992,"date":"2025-03-03T19:13:19","date_gmt":"2025-03-20T10:49:04","guid":{"rendered":"https:\/\/staging.nbg.eu\/product\/bore-tech-patch-guide\/"},"modified":"2025-03-20T10:51:18","modified_gmt":"2025-03-20T10:51:18","slug":"bore-tech-gwida-tal-patch","status":"publish","type":"product","link":"https:\/\/staging.nbg.eu\/mt\/product\/bore-tech-gwida-tal-patch\/","title":{"rendered":"Bore Tech Gwida tal-Patch"},"content":{"rendered":"<h2>Gwida tal-Patch Bore Tech AR-15\/AR-10<\/h2>\n<p>Il-Gwida tal-Patch Bore Tech hija sistema li tg\u0127in fit-tindif tar-rifle ming\u0127ajr ma tu\u017ca jdejk u tnaqqas l-imbarazz.<\/p>\n<ul>\n<li>Komponenti tal-aluminju ma\u0127duma bi pre\u010bi\u017cjoni CNC<\/li>\n<li>Finitura anodizzata g\u0127al durabilit\u00e0<\/li>\n<li>Tallinja l-virga tat-tindif mal-bore tar-rifle<\/li>\n<li>Tipprevjeni \u0127sara fil-lugs tal-illokkjar u t-truf tal-kamra<\/li>\n<li>Adapters ta&#8217; quddiem interkambjabbli u re\u017cistenti g\u0127as-solvent<\/li>\n<li>Disponibbli g\u0127al diversi kalibri ta&#8217; AR-15 u AR-10<\/li>\n<\/ul>\n<p>Din l-g\u0127odda tiffa\u010bilita t-tindif u tipprote\u0121i r-rifle u l-virga tat-tindif. Il-Gwida tal-Patch Bore Tech hija g\u0127odda importanti g\u0127al sidien ta&#8217; armi. Mag\u0127mula fl-Istati Uniti.<\/p>\n<p><strong>Ag\u0127\u017cel il-Bore Tech.<\/strong><\/p>\n","protected":false},"excerpt":{"rendered":"<p>Tindif bla sforz u bla t\u0127assir tal-AR-15\/AR-10 bi spiking tal-patch ming\u0127ajr l-u\u017cu tal-idejn.<\/p>\n","protected":false},"featured_media":235531,"template":"","meta":{"_acf_changed":false},"product_brand":[11160],"product_cat":[1434,1943,1152],"product_tag":[],"class_list":{"0":"post-274992","1":"product","2":"type-product","3":"status-publish","4":"has-post-thumbnail","6":"product_brand-boretech","7":"product_cat-maintenance-mt","8":"product_cat-cleaning-patches-mt","9":"product_cat-patches-patchguns-mt","10":"pa_model-ar-10-mt","11":"pa_model-ar-15-mt","13":"first","14":"instock","15":"taxable","16":"shipping-taxable","17":"purchasable","18":"product-type-variable","19":"wvs-archive-product-wrapper"},"acf":[],"_links":{"self":[{"href":"https:\/\/staging.nbg.eu\/mt\/wp-json\/wp\/v2\/product\/274992","targetHints":{"allow":["GET"]}}],"collection":[{"href":"https:\/\/staging.nbg.eu\/mt\/wp-json\/wp\/v2\/product"}],"about":[{"href":"https:\/\/staging.nbg.eu\/mt\/wp-json\/wp\/v2\/types\/product"}],"wp:featuredmedia":[{"embeddable":true,"href":"https:\/\/staging.nbg.eu\/mt\/wp-json\/wp\/v2\/media\/235531"}],"wp:attachment":[{"href":"https:\/\/staging.nbg.eu\/mt\/wp-json\/wp\/v2\/media?parent=274992"}],"wp:term":[{"taxonomy":"product_brand","embeddable":true,"href":"https:\/\/staging.nbg.eu\/mt\/wp-json\/wp\/v2\/product_brand?post=274992"},{"taxonomy":"product_cat","embeddable":true,"href":"https:\/\/staging.nbg.eu\/mt\/wp-json\/wp\/v2\/product_cat?post=274992"},{"taxonomy":"product_tag","embeddable":true,"href":"https:\/\/staging.nbg.eu\/mt\/wp-json\/wp\/v2\/product_tag?post=274992"}],"curies":[{"name":"wp","href":"https:\/\/api.w.org\/{rel}","templated":true}]}}