{"id":274807,"date":"2025-03-03T19:50:37","date_gmt":"2025-03-03T19:50:37","guid":{"rendered":"https:\/\/staging.nbg.eu\/product\/daa-dry-fire-target-set-metric-uspsa\/"},"modified":"2025-03-20T10:18:10","modified_gmt":"2025-03-20T10:18:10","slug":"daa-set-ta-miri-dry-fire-metriku-uspsa","status":"publish","type":"product","link":"https:\/\/staging.nbg.eu\/mt\/product\/daa-set-ta-miri-dry-fire-metriku-uspsa\/","title":{"rendered":"DAA Set ta&#8217; Miri Dry-Fire (Metriku &#8211; USPSA)"},"content":{"rendered":"<div class=\"product-description\">\n<h2>Sett ta&#8217; Miri g\u0127al Tir Niexef DAA (Metrika &#8211; USPSA)<\/h2>\n<p>Sett ta&#8217; Miri g\u0127al Tir Niexef. Dan il-pakkett jinkludi 17-il mira USPSA Metrika mnaqqsa fil-qies, g\u0127al prattika \u0121ewwa.<\/p>\n<ul>\n<li>Maqtug\u0127a bil-laser minn pjan\u010bi tal-injam ta&#8217; 3mm<\/li>\n<li>Jissimula miri f&#8217;distanzi ta&#8217; 15, 20, u 30 metru meta mqieg\u0127da 2.5-3 metri &#8216;l bog\u0127od<\/li>\n<li>Tliet daqsijiet: 32% (24cm), 20% (15cm), u 12% (9cm) tad-daqs s\u0127i\u0127 tal-miri<\/li>\n<li>Jinkludi miri parzjali g\u0127al xenarji differenti ta&#8217; ta\u0127ri\u0121<\/li>\n<li>Toqob g\u0127at-twa\u0127\u0127il<\/li>\n<\/ul>\n<p>G\u0127al prattika ta&#8217; tir niexef b&#8217;dehra realistika tal-miri. Ippratika d-dar b&#8217;dan is-sett ta&#8217; miri.<\/p>\n<\/div>\n","protected":false},"excerpt":{"rendered":"<p>Miri tal-USPSA realisti\u010bi u fi skala g\u0127al prattika effettiva ta&#8217; dry-fire fid-dar.<\/p>\n","protected":false},"featured_media":235977,"template":"","meta":{"_acf_changed":false},"product_brand":[11279],"product_cat":[1151,1153],"product_tag":[],"class_list":{"0":"post-274807","1":"product","2":"type-product","3":"status-publish","4":"has-post-thumbnail","6":"product_brand-doublealpha","7":"product_cat-paper-targets-mt","8":"product_cat-targets-mt","10":"first","11":"outofstock","12":"taxable","13":"shipping-taxable","14":"purchasable","15":"product-type-simple"},"acf":[],"_links":{"self":[{"href":"https:\/\/staging.nbg.eu\/mt\/wp-json\/wp\/v2\/product\/274807","targetHints":{"allow":["GET"]}}],"collection":[{"href":"https:\/\/staging.nbg.eu\/mt\/wp-json\/wp\/v2\/product"}],"about":[{"href":"https:\/\/staging.nbg.eu\/mt\/wp-json\/wp\/v2\/types\/product"}],"wp:featuredmedia":[{"embeddable":true,"href":"https:\/\/staging.nbg.eu\/mt\/wp-json\/wp\/v2\/media\/235977"}],"wp:attachment":[{"href":"https:\/\/staging.nbg.eu\/mt\/wp-json\/wp\/v2\/media?parent=274807"}],"wp:term":[{"taxonomy":"product_brand","embeddable":true,"href":"https:\/\/staging.nbg.eu\/mt\/wp-json\/wp\/v2\/product_brand?post=274807"},{"taxonomy":"product_cat","embeddable":true,"href":"https:\/\/staging.nbg.eu\/mt\/wp-json\/wp\/v2\/product_cat?post=274807"},{"taxonomy":"product_tag","embeddable":true,"href":"https:\/\/staging.nbg.eu\/mt\/wp-json\/wp\/v2\/product_tag?post=274807"}],"curies":[{"name":"wp","href":"https:\/\/api.w.org\/{rel}","templated":true}]}}