{"id":274670,"date":"2025-03-06T20:28:07","date_gmt":"2025-03-20T10:00:55","guid":{"rendered":"https:\/\/staging.nbg.eu\/product\/3m-peltor-protac-iii-slim-headset\/"},"modified":"2025-03-20T10:03:22","modified_gmt":"2025-03-20T10:03:22","slug":"3m-peltor-protac-iii-slim-headset","status":"publish","type":"product","link":"https:\/\/staging.nbg.eu\/mt\/product\/3m-peltor-protac-iii-slim-headset\/","title":{"rendered":"3M PELTOR ProTac III Slim Headset"},"content":{"rendered":"<div class=\"product-description\">\n<h2>3M\u2122 PELTOR\u2122 ProTac III Slim Headset<\/h2>\n<p>Il-ProTac III Slim Headset joffri protezzjoni tas-smig\u0127. Dan il-headset g\u0127andu:<\/p>\n<ul>\n<li>Klassifikazzjoni ta&#8217; Tnaqqis tal-\u0126oss (NRR) ta&#8217; 23dB<\/li>\n<li>Mikrofoni ambjentali g\u0127al protezzjoni tas-smig\u0127 li tiddependi mil-livell<\/li>\n<li>Kapa\u010bit\u00e0 ta&#8217; smig\u0127 ambjentali<\/li>\n<li>Teknolo\u0121ija li tillimita l-volum tal-ispeaker g\u0127al 82 dBA<\/li>\n<li>Input stereo ta&#8217; 3.5mm g\u0127al tag\u0127mir estern (telefowns \u010bellulari, radji two-way, iPods)<\/li>\n<\/ul>\n<p>Karatteristi\u010bi jinkludu:<\/p>\n<ul>\n<li>Disinn iswed<\/li>\n<li>Headband komdu<\/li>\n<li>Konnessjoni bil-wajer<\/li>\n<\/ul>\n<p>Adattat g\u0127al professjonisti li je\u0127tie\u0121u kapa\u010bitajiet ta&#8217; komunikazzjoni flimkien ma&#8217; protezzjoni tas-smig\u0127.<\/p>\n<\/div>\n","protected":false},"excerpt":{"rendered":"<p>Protezzjoni tas-smig\u0127 intelli\u0121enti b&#8217;kapa\u010bit\u00e0 ta&#8217; smig\u0127 ambjentali u konnettivit\u00e0 ma&#8217; apparat elettroniku.<\/p>\n","protected":false},"featured_media":245682,"template":"","meta":{"_acf_changed":false},"product_brand":[11020],"product_cat":[939,565],"product_tag":[],"class_list":{"0":"post-274670","1":"product","2":"type-product","3":"status-publish","4":"has-post-thumbnail","6":"product_brand-3m","7":"product_cat-ear-protection-mt","8":"product_cat-gear-mt","10":"first","11":"instock","12":"taxable","13":"shipping-taxable","14":"purchasable","15":"product-type-simple"},"acf":[],"_links":{"self":[{"href":"https:\/\/staging.nbg.eu\/mt\/wp-json\/wp\/v2\/product\/274670","targetHints":{"allow":["GET"]}}],"collection":[{"href":"https:\/\/staging.nbg.eu\/mt\/wp-json\/wp\/v2\/product"}],"about":[{"href":"https:\/\/staging.nbg.eu\/mt\/wp-json\/wp\/v2\/types\/product"}],"wp:featuredmedia":[{"embeddable":true,"href":"https:\/\/staging.nbg.eu\/mt\/wp-json\/wp\/v2\/media\/245682"}],"wp:attachment":[{"href":"https:\/\/staging.nbg.eu\/mt\/wp-json\/wp\/v2\/media?parent=274670"}],"wp:term":[{"taxonomy":"product_brand","embeddable":true,"href":"https:\/\/staging.nbg.eu\/mt\/wp-json\/wp\/v2\/product_brand?post=274670"},{"taxonomy":"product_cat","embeddable":true,"href":"https:\/\/staging.nbg.eu\/mt\/wp-json\/wp\/v2\/product_cat?post=274670"},{"taxonomy":"product_tag","embeddable":true,"href":"https:\/\/staging.nbg.eu\/mt\/wp-json\/wp\/v2\/product_tag?post=274670"}],"curies":[{"name":"wp","href":"https:\/\/api.w.org\/{rel}","templated":true}]}}