{"id":236097,"date":"2025-03-03T20:03:09","date_gmt":"2025-03-03T20:03:09","guid":{"rendered":"https:\/\/staging.nbg.eu\/?post_type=product&#038;p=236097"},"modified":"2025-09-30T13:39:15","modified_gmt":"2025-09-30T10:39:15","slug":"grips-kmr-s-karta-tal-ama-modulari-tal-fidda","status":"publish","type":"product","link":"https:\/\/staging.nbg.eu\/mt\/product\/grips-kmr-s-karta-tal-ama-modulari-tal-fidda\/","title":{"rendered":"GRIPS KMR S Karta tal-\u0126ama Modulari tal-Fidda"},"content":{"rendered":"<h2>GRIPS KMR S Karta tas-Smirgell Modulari &#8211; Iswed<\/h2>\n<p>Grips tal-karta tas-smirgell modulari g\u0127all-pistola KMR S-02. Mag\u0127mulin minn duralumin anodizzat, dawn il-grips twal joffru mmani\u0121\u0121jar u kumdit\u00e0.<\/p>\n<h2>Karatteristi\u010bi:<\/h2>\n<ul>\n<li>Jaqblu esklussivament mal-mudelli KMR S-02 .22 LR<\/li>\n<li>Kostruzzjoni ta&#8217; duralumin anodizzat<\/li>\n<li>Iddisinjati g\u0127all-u\u017cu ming\u0127ajr gwida tal-magazin<\/li>\n<li>Jinkludu viti torx g\u0127all-installazzjoni<\/li>\n<li>Finitura sewda bil-logo KMR<\/li>\n<\/ul>\n<p>Nota: Dawn il-grips huma ddisinjati spe\u010bifikament g\u0127all-frame tal-aluminju ta&#8217; 26mm wiesa&#8217; tal-KMR S-02 u mhumiex kompatibbli mad-daqsijiet tal-frame W-02 jew L-02. G\u0127all-KMR S-02 pistola.<\/p>\n<dl class=\"data-sheet\">\n<dt class=\"name\">G\u0127al Armi KMR<\/dt>\n<dd class=\"value\">KMR S-01 LANCE (OR)<br \/>\nKMR S-02 SA 2023<\/dd>\n<dt class=\"name\">G\u0127a\u017cla skont l-Armi CZ<\/dt>\n<dd class=\"value\">CZ SHADOW 1<br \/>\nCZ SHADOW 2<br \/>\nCZ SHADOW 2 (OR)<br \/>\nCZ SP-01<\/dd>\n<\/dl>\n","protected":false},"excerpt":{"rendered":"<p>Qabda modulari sewda KMR S-02, kompatibbli ma&#8217; frejm tal-aluminju.<br \/>\n0611-03101-0101<\/p>\n","protected":false},"featured_media":73899,"template":"","meta":{"_acf_changed":false},"product_brand":[11500],"product_cat":[918],"product_tag":[],"class_list":{"0":"post-236097","1":"product","2":"type-product","3":"status-publish","4":"has-post-thumbnail","6":"product_brand-kmr-precision","7":"product_cat-kmr-parts-mt","9":"first","10":"instock","11":"taxable","12":"shipping-taxable","13":"purchasable","14":"product-type-simple"},"acf":[],"_links":{"self":[{"href":"https:\/\/staging.nbg.eu\/mt\/wp-json\/wp\/v2\/product\/236097","targetHints":{"allow":["GET"]}}],"collection":[{"href":"https:\/\/staging.nbg.eu\/mt\/wp-json\/wp\/v2\/product"}],"about":[{"href":"https:\/\/staging.nbg.eu\/mt\/wp-json\/wp\/v2\/types\/product"}],"wp:featuredmedia":[{"embeddable":true,"href":"https:\/\/staging.nbg.eu\/mt\/wp-json\/wp\/v2\/media\/73899"}],"wp:attachment":[{"href":"https:\/\/staging.nbg.eu\/mt\/wp-json\/wp\/v2\/media?parent=236097"}],"wp:term":[{"taxonomy":"product_brand","embeddable":true,"href":"https:\/\/staging.nbg.eu\/mt\/wp-json\/wp\/v2\/product_brand?post=236097"},{"taxonomy":"product_cat","embeddable":true,"href":"https:\/\/staging.nbg.eu\/mt\/wp-json\/wp\/v2\/product_cat?post=236097"},{"taxonomy":"product_tag","embeddable":true,"href":"https:\/\/staging.nbg.eu\/mt\/wp-json\/wp\/v2\/product_tag?post=236097"}],"curies":[{"name":"wp","href":"https:\/\/api.w.org\/{rel}","templated":true}]}}