{"id":22562,"date":"2024-08-19T17:28:32","date_gmt":"2024-08-19T17:28:32","guid":{"rendered":"https:\/\/staging.nbg.eu\/product\/product-2\/"},"modified":"2024-09-09T15:08:21","modified_gmt":"2024-09-09T15:08:21","slug":"pin-tar-rebbiega-tal-waqfien-tal-goljiet-kmr","status":"publish","type":"product","link":"https:\/\/staging.nbg.eu\/mt\/product\/pin-tar-rebbiega-tal-waqfien-tal-goljiet-kmr\/","title":{"rendered":"Pin tar-Rebbieg\u0127a tal-Waqfien tal-G\u0127oljiet KMR"},"content":{"rendered":"<p>Pin tal-Molla tal-Waqfa ta\u017c-\u017ber\u017cieq ta&#8217; Pre\u010bi\u017cjoni KMR: Durabbli, b&#8217;qisien pre\u010bi\u017ci.<\/p>\n","protected":false},"excerpt":{"rendered":"<p>Parti tal-pistola KMR vitali, ma\u0127duma bi pre\u010bi\u017cjoni.<\/p>\n","protected":false},"featured_media":60774,"template":"","meta":{"_acf_changed":false},"product_brand":[],"product_cat":[918],"product_tag":[],"class_list":{"0":"post-22562","1":"product","2":"type-product","3":"status-publish","4":"has-post-thumbnail","6":"product_cat-kmr-parts-mt","8":"first","9":"instock","10":"taxable","11":"shipping-taxable","12":"product-type-simple"},"acf":[],"_links":{"self":[{"href":"https:\/\/staging.nbg.eu\/mt\/wp-json\/wp\/v2\/product\/22562","targetHints":{"allow":["GET"]}}],"collection":[{"href":"https:\/\/staging.nbg.eu\/mt\/wp-json\/wp\/v2\/product"}],"about":[{"href":"https:\/\/staging.nbg.eu\/mt\/wp-json\/wp\/v2\/types\/product"}],"wp:featuredmedia":[{"embeddable":true,"href":"https:\/\/staging.nbg.eu\/mt\/wp-json\/wp\/v2\/media\/60774"}],"wp:attachment":[{"href":"https:\/\/staging.nbg.eu\/mt\/wp-json\/wp\/v2\/media?parent=22562"}],"wp:term":[{"taxonomy":"product_brand","embeddable":true,"href":"https:\/\/staging.nbg.eu\/mt\/wp-json\/wp\/v2\/product_brand?post=22562"},{"taxonomy":"product_cat","embeddable":true,"href":"https:\/\/staging.nbg.eu\/mt\/wp-json\/wp\/v2\/product_cat?post=22562"},{"taxonomy":"product_tag","embeddable":true,"href":"https:\/\/staging.nbg.eu\/mt\/wp-json\/wp\/v2\/product_tag?post=22562"}],"curies":[{"name":"wp","href":"https:\/\/api.w.org\/{rel}","templated":true}]}}