{"id":21979,"date":"2024-07-30T18:47:47","date_gmt":"2024-08-15T19:48:49","guid":{"rendered":"https:\/\/staging.nbg.eu\/product\/product\/"},"modified":"2024-08-15T19:48:49","modified_gmt":"2024-08-15T19:48:49","slug":"prodott","status":"publish","type":"product","link":"https:\/\/staging.nbg.eu\/mt\/product\/prodott\/","title":{"rendered":"Prodott"},"content":{"rendered":"<div class=\"product-description\">\n<h2>Tor\u010ba Tattika SureFire G2X PRO<\/h2>\n<p>Il-G2X PRO hija tor\u010ba robusta u kompatta ddisinjata g\u0127all-u\u017cu ta&#8217; kuljum u tattiku. Karatteristi\u010bi:<\/p>\n<ul>\n<li>Output LED b&#8217;sa\u0127\u0127tu ta&#8217; 600 lumen<\/li>\n<li>Swi\u010b\u010b tal-kappa tar-razza b&#8217;output doppju (15 lumen \/ 600 lumen)<\/li>\n<li>Korp ta&#8217; polimeru Nitrolon re\u017cistenti<\/li>\n<li>Riflettur mikro-ttesturizzat bi pre\u010bi\u017cjoni g\u0127al ra\u0121\u0121 ottimali<\/li>\n<li>Emittur LED re\u017cistenti g\u0127all-impatt<\/li>\n<li>Kostruzzjoni re\u017cistenti g\u0127at-temp<\/li>\n<li>\u0126in ta&#8217; t\u0127addim: 1.5 sig\u0127at (g\u0127oli) \/ 52 sieg\u0127a (baxx)<\/li>\n<\/ul>\n<p>Perfetta g\u0127all-infurzar tal-li\u0121i, militari, u dilettanti tal-outdoors. Id-daqs kompatt joqg\u0127od fa\u010bilment fil-but jew fil-bor\u017ca tat-tag\u0127mir.<\/p>\n<\/div>\n","protected":false},"excerpt":{"rendered":"<p>Tor\u010ba LED kompatta u re\u017cistenti. 600 lumens. Output doppju. Tattika.<\/p>\n","protected":false},"featured_media":21980,"template":"","meta":{"_acf_changed":false},"product_brand":[11878],"product_cat":[1640,1641,1559],"product_tag":[],"class_list":{"0":"post-21979","1":"product","2":"type-product","3":"status-publish","4":"has-post-thumbnail","6":"product_brand-surefire","7":"product_cat-edc-mt","8":"product_cat-edc-lights-mt","9":"product_cat-lights-mt","11":"first","12":"instock","13":"taxable","14":"shipping-taxable","15":"purchasable","16":"product-type-simple"},"acf":[],"_links":{"self":[{"href":"https:\/\/staging.nbg.eu\/mt\/wp-json\/wp\/v2\/product\/21979","targetHints":{"allow":["GET"]}}],"collection":[{"href":"https:\/\/staging.nbg.eu\/mt\/wp-json\/wp\/v2\/product"}],"about":[{"href":"https:\/\/staging.nbg.eu\/mt\/wp-json\/wp\/v2\/types\/product"}],"wp:featuredmedia":[{"embeddable":true,"href":"https:\/\/staging.nbg.eu\/mt\/wp-json\/wp\/v2\/media\/21980"}],"wp:attachment":[{"href":"https:\/\/staging.nbg.eu\/mt\/wp-json\/wp\/v2\/media?parent=21979"}],"wp:term":[{"taxonomy":"product_brand","embeddable":true,"href":"https:\/\/staging.nbg.eu\/mt\/wp-json\/wp\/v2\/product_brand?post=21979"},{"taxonomy":"product_cat","embeddable":true,"href":"https:\/\/staging.nbg.eu\/mt\/wp-json\/wp\/v2\/product_cat?post=21979"},{"taxonomy":"product_tag","embeddable":true,"href":"https:\/\/staging.nbg.eu\/mt\/wp-json\/wp\/v2\/product_tag?post=21979"}],"curies":[{"name":"wp","href":"https:\/\/api.w.org\/{rel}","templated":true}]}}