{"id":214523,"date":"2024-09-02T10:51:57","date_gmt":"2025-02-19T16:46:57","guid":{"rendered":"https:\/\/staging.nbg.eu\/product\/badger-ordnance-30mm-condition-one-accessory-ring-cap\/"},"modified":"2025-02-19T16:49:08","modified_gmt":"2025-02-19T16:49:08","slug":"kappell-tar-ring-tal-accessorju-badger-ordnance-30mm-condition-one","status":"publish","type":"product","link":"https:\/\/staging.nbg.eu\/mt\/product\/kappell-tar-ring-tal-accessorju-badger-ordnance-30mm-condition-one\/","title":{"rendered":"Kappell tar-Ring tal-A\u010b\u010bessorju Badger Ordnance 30mm Condition One"},"content":{"rendered":"<div class=\"product-description\">\n<h2>\u010aIRKU TAL-A\u010a\u010aESSORJU TAL-KONDIZZJONI WIE\u0126ED TA&#8217; 30MM TA&#8217; BADGER ORDNANCE<\/h2>\n<p>I\u010b-\u010airku tal-A\u010b\u010bessorju tal-Kondizzjoni Wie\u0127ed ta&#8217; 30MM ta&#8217; Badger Ordnance huwa ma\u0127sub biex jintegra mal-immuntar tal-iskop tar-rifle tieg\u0127ek, u jipprovdi funzjonalit\u00e0 u g\u0127a\u017cliet ta&#8217; personalizzazzjoni addizzjonali.<\/p>\n<ul>\n<li><strong>Kulur:<\/strong> Iswed<\/li>\n<li><strong>Materjal:<\/strong> Mag\u0127mul minn Aluminju 7075 T6<\/li>\n<li><strong>Pjattaforma:<\/strong> Disinn universali, mhux spe\u010bifiku g\u0127al xi pjattaforma partikolari<\/li>\n<li><strong>Pi\u017c:<\/strong> 1.8 oz.<\/li>\n<\/ul>\n<p>Dan i\u010b-\u010birku tal-a\u010b\u010bessorju huwa ddisinjat biex jissodisfa l-\u0127ti\u0121ijiet ta&#8217; sparaturi tatti\u010bi u kompetittivi, u joffri soluzzjoni ta&#8217; immuntar g\u0127al diversi attachments. Huwa prodott ta&#8217; Badger Ordnance.<\/p>\n<\/div>\n","protected":false},"excerpt":{"rendered":"<p>\u010airku tal-aluminju \u0127afif g\u0127al skoops ta&#8217; 30mm. B&#8217;finitura sewda re\u017cistenti.<\/p>\n","protected":false},"featured_media":83053,"template":"","meta":{"_acf_changed":false},"product_brand":[11090],"product_cat":[796,2720,642,643],"product_tag":[],"class_list":{"0":"post-214523","1":"product","2":"type-product","3":"status-publish","4":"has-post-thumbnail","6":"product_brand-badger-ordnance","7":"product_cat-aiming-mt","8":"product_cat-magnified-optics-mt","9":"product_cat-rifle-mt","10":"product_cat-rifle-parts-mt","12":"first","13":"instock","14":"taxable","15":"shipping-taxable","16":"purchasable","17":"product-type-simple"},"acf":[],"_links":{"self":[{"href":"https:\/\/staging.nbg.eu\/mt\/wp-json\/wp\/v2\/product\/214523","targetHints":{"allow":["GET"]}}],"collection":[{"href":"https:\/\/staging.nbg.eu\/mt\/wp-json\/wp\/v2\/product"}],"about":[{"href":"https:\/\/staging.nbg.eu\/mt\/wp-json\/wp\/v2\/types\/product"}],"wp:featuredmedia":[{"embeddable":true,"href":"https:\/\/staging.nbg.eu\/mt\/wp-json\/wp\/v2\/media\/83053"}],"wp:attachment":[{"href":"https:\/\/staging.nbg.eu\/mt\/wp-json\/wp\/v2\/media?parent=214523"}],"wp:term":[{"taxonomy":"product_brand","embeddable":true,"href":"https:\/\/staging.nbg.eu\/mt\/wp-json\/wp\/v2\/product_brand?post=214523"},{"taxonomy":"product_cat","embeddable":true,"href":"https:\/\/staging.nbg.eu\/mt\/wp-json\/wp\/v2\/product_cat?post=214523"},{"taxonomy":"product_tag","embeddable":true,"href":"https:\/\/staging.nbg.eu\/mt\/wp-json\/wp\/v2\/product_tag?post=214523"}],"curies":[{"name":"wp","href":"https:\/\/api.w.org\/{rel}","templated":true}]}}