{"id":214344,"date":"2024-01-13T11:03:57","date_gmt":"2024-01-13T11:03:57","guid":{"rendered":"https:\/\/staging.nbg.eu\/product\/surefire-m640v-pro-scout-light-pro-infrared\/"},"modified":"2025-02-19T16:46:34","modified_gmt":"2025-02-19T16:46:34","slug":"surefire-m640v-pro-dawl-scout-pro-infrared","status":"publish","type":"product","link":"https:\/\/staging.nbg.eu\/mt\/product\/surefire-m640v-pro-dawl-scout-pro-infrared\/","title":{"rendered":"SureFire M640V-PRO (DAWL SCOUT PRO INFRARED)"},"content":{"rendered":"<div class=\"product-description\">\n<h2>SureFire M640V-PRO SCOUT LIGHT PRO INFRARED<\/h2>\n<p>L-M640V-PRO g\u0127andu dawn il-karatteristi\u010bi:<\/p>\n<ul>\n<li>Disinn ta&#8217; ra\u0121\u0121 ibridu g\u0127al identifikazzjoni fit-tul u g\u0127arfien tas-sitwazzjoni<\/li>\n<li>Immuntar ta&#8217; profil baxx \u0121did g\u0127al po\u017cizzjonament ottimali u kompatibbilt\u00e0 ma&#8217; a\u010b\u010bessorji mmuntati fuq ir-rail<\/li>\n<li>G\u0127a\u017cliet ta&#8217; immuntar versatili g\u0127al rails Picatinny jew M-Lok<\/li>\n<li>Kapa\u010bit\u00e0 ta&#8217; spettru doppju: 350 lumens dawl abjad \/ 120 mW output IR<\/li>\n<li>G\u0127a\u017cla fa\u010bli tal-ispettru permezz ta&#8217; rotazzjoni tal-bezel<\/li>\n<li>Lenti TIR proprjetarja g\u0127al ra\u0121\u0121 li jil\u0127aq &#8216;il bog\u0127od b&#8217;dawl ta&#8217; madwar suffi\u010bjenti<\/li>\n<li>Attivazzjoni sempli\u010bi bil-buttuna tat-tailcap<\/li>\n<li>Kostruzzjoni ta&#8217; aluminju aerospazjali b&#8217;finitura anodizzata hard Mil-Spec<\/li>\n<li>O-ring issi\u0121illat g\u0127al affidabbilt\u00e0 f&#8217;kull temp<\/li>\n<\/ul>\n<p>Dan huwa WeaponLight robust u versatili.<\/p>\n<\/div>\n","protected":false},"excerpt":{"rendered":"<p>Fanal IR versatili g\u0127all-armi b&#8217;ra\u0121\u0121 ibridu u munta\u0121\u0121 ta&#8217; profil baxx.<\/p>\n","protected":false},"featured_media":214346,"template":"","meta":{"_acf_changed":false},"product_brand":[11878],"product_cat":[1559,642],"product_tag":[],"class_list":{"0":"post-214344","1":"product","2":"type-product","3":"status-publish","4":"has-post-thumbnail","6":"product_brand-surefire","7":"product_cat-lights-mt","8":"product_cat-rifle-mt","10":"first","11":"instock","12":"taxable","13":"shipping-taxable","14":"purchasable","15":"product-type-simple"},"acf":[],"_links":{"self":[{"href":"https:\/\/staging.nbg.eu\/mt\/wp-json\/wp\/v2\/product\/214344","targetHints":{"allow":["GET"]}}],"collection":[{"href":"https:\/\/staging.nbg.eu\/mt\/wp-json\/wp\/v2\/product"}],"about":[{"href":"https:\/\/staging.nbg.eu\/mt\/wp-json\/wp\/v2\/types\/product"}],"wp:featuredmedia":[{"embeddable":true,"href":"https:\/\/staging.nbg.eu\/mt\/wp-json\/wp\/v2\/media\/214346"}],"wp:attachment":[{"href":"https:\/\/staging.nbg.eu\/mt\/wp-json\/wp\/v2\/media?parent=214344"}],"wp:term":[{"taxonomy":"product_brand","embeddable":true,"href":"https:\/\/staging.nbg.eu\/mt\/wp-json\/wp\/v2\/product_brand?post=214344"},{"taxonomy":"product_cat","embeddable":true,"href":"https:\/\/staging.nbg.eu\/mt\/wp-json\/wp\/v2\/product_cat?post=214344"},{"taxonomy":"product_tag","embeddable":true,"href":"https:\/\/staging.nbg.eu\/mt\/wp-json\/wp\/v2\/product_tag?post=214344"}],"curies":[{"name":"wp","href":"https:\/\/api.w.org\/{rel}","templated":true}]}}