{"id":212944,"date":"2024-07-22T11:51:56","date_gmt":"2024-07-22T11:51:56","guid":{"rendered":"https:\/\/staging.nbg.eu\/product\/blue-force-gear-universal-wire-loop\/"},"modified":"2025-02-19T15:17:27","modified_gmt":"2025-02-19T15:17:27","slug":"linji-universali-tal-wajer-blue-force-gear","status":"publish","type":"product","link":"https:\/\/staging.nbg.eu\/mt\/product\/linji-universali-tal-wajer-blue-force-gear\/","title":{"rendered":"Linji Universali tal-Wajer Blue Force Gear"},"content":{"rendered":"<h2>\u010airku tal-Wajer Universali Blue Force Gear<\/h2>\n<p>I\u010b-\u010airku tal-Wajer Universali (UWL\u2122) huwa punt ta&#8217; konnessjoni g\u0127al cinturin ma\u0127sub g\u0127al diversi applikazzjonijiet. Disponibbli f&#8217;tulijiet ta&#8217; \u010birku ta&#8217; 3.25&#8243;, 4.5&#8243;, u 6.25&#8243;, g\u0127andu dawn il-karatteristi\u010bi:<\/p>\n<ul>\n<li>Wajer tal-azzar inossidabbli miksi bin-nylon flessibbli g\u0127al konnessjoni fa\u010bli<\/li>\n<li>Korp tal-aluminju 6061-T6 immanifatturat b&#8217;CNC b&#8217;finitura mhux riflettiva<\/li>\n<li>Anodizzat b&#8217;kisja iebsa g\u0127al durabilit\u00e0<\/li>\n<li>Kejbil ta&#8217; grad ta&#8217; ajruplan b&#8217;truf tal-ballun<\/li>\n<li>Aktar kwiet u aktar b&#8217;sa\u0127\u0127tu minn konnessjonijiet ta&#8217; gan\u010b tradizzjonali<\/li>\n<li>Ma jilbisx l-ilqug\u0127<\/li>\n<\/ul>\n<p>Adattat g\u0127all-u\u017cu ma&#8217; Vickers Combat Applications Slings\u2122, l-UWL\u2122 joffri g\u0127a\u017cliet ta&#8217; konnessjoni varji. G\u0127alkemm is-s\u0127ana estrema tal-kanna tista&#8217; tg\u0127awwe\u0121 il-kisja ta&#8217; barra, il-qalba tal-azzar inossidabbli tibqa&#8217; intatta, u ti\u017cgura affidabilit\u00e0 f&#8217;sitwazzjonijiet ta&#8217; sfida.<\/p>\n","protected":false},"excerpt":{"rendered":"<p>\u0126iema ta&#8217; sling versatili b&#8217;wajer flessibbli g\u0127al diversi g\u0127a\u017cliet ta&#8217; immuntar.<\/p>\n","protected":false},"featured_media":50165,"template":"","meta":{"_acf_changed":false},"product_brand":[11137],"product_cat":[565,751],"product_tag":[],"class_list":{"0":"post-212944","1":"product","2":"type-product","3":"status-publish","4":"has-post-thumbnail","6":"product_brand-blue-force-gear","7":"product_cat-gear-mt","8":"product_cat-slings-mt","10":"first","11":"instock","12":"taxable","13":"shipping-taxable","14":"purchasable","15":"product-type-variable","16":"wvs-archive-product-wrapper"},"acf":[],"_links":{"self":[{"href":"https:\/\/staging.nbg.eu\/mt\/wp-json\/wp\/v2\/product\/212944","targetHints":{"allow":["GET"]}}],"collection":[{"href":"https:\/\/staging.nbg.eu\/mt\/wp-json\/wp\/v2\/product"}],"about":[{"href":"https:\/\/staging.nbg.eu\/mt\/wp-json\/wp\/v2\/types\/product"}],"wp:featuredmedia":[{"embeddable":true,"href":"https:\/\/staging.nbg.eu\/mt\/wp-json\/wp\/v2\/media\/50165"}],"wp:attachment":[{"href":"https:\/\/staging.nbg.eu\/mt\/wp-json\/wp\/v2\/media?parent=212944"}],"wp:term":[{"taxonomy":"product_brand","embeddable":true,"href":"https:\/\/staging.nbg.eu\/mt\/wp-json\/wp\/v2\/product_brand?post=212944"},{"taxonomy":"product_cat","embeddable":true,"href":"https:\/\/staging.nbg.eu\/mt\/wp-json\/wp\/v2\/product_cat?post=212944"},{"taxonomy":"product_tag","embeddable":true,"href":"https:\/\/staging.nbg.eu\/mt\/wp-json\/wp\/v2\/product_tag?post=212944"}],"curies":[{"name":"wp","href":"https:\/\/api.w.org\/{rel}","templated":true}]}}