{"id":212241,"date":"2024-07-30T18:47:47","date_gmt":"2025-02-19T14:29:40","guid":{"rendered":"https:\/\/staging.nbg.eu\/product\/surefire-xsc-weaponlight\/"},"modified":"2025-02-19T14:31:30","modified_gmt":"2025-02-19T14:31:30","slug":"dawl-ta-arma-surefire-xsc","status":"publish","type":"product","link":"https:\/\/staging.nbg.eu\/mt\/product\/dawl-ta-arma-surefire-xsc\/","title":{"rendered":"Dawl ta&#8217; Arma SureFire XSC"},"content":{"rendered":"<div class=\"product-description\">\n<h2>SureFire XSC WEAPONLIGHT<\/h2>\n<p>Is-SureFire XSC huwa dawl tal-arma g\u0127al min i\u0121orr arma mo\u0127bija. Iddisinjat g\u0127al pistoli mikro-kompatti u sub-kompatti, din l-g\u0127odda ta&#8217; illuminazzjoni hija utli f&#8217;sitwazzjonijiet ta&#8217; dawl baxx.<\/p>\n<h2>Karatteristi\u010bi Ewlenin:<\/h2>\n<ul>\n<li>350 lumens ta&#8217; dawl abjad<\/li>\n<li>Mudell ta&#8217; ra\u0121\u0121 ibridu g\u0127all-identifikazzjoni tal-mira<\/li>\n<li>Disinn kompatt u re\u017cistenti<\/li>\n<li>Batterija rikarikabbli lithium-polymer li tista&#8217; tinbidel malajr<\/li>\n<li>Swi\u010b\u010bijiet intuwittivi u ambidestri<\/li>\n<li>Korp tal-aluminju anodizzat<\/li>\n<li>Klassifikat IPX4 g\u0127ar-re\u017cistenza g\u0127at-temp<\/li>\n<\/ul>\n<h2>Spe\u010bifikazzjonijiet:<\/h2>\n<ul>\n<li>Output: 350 Lumens<\/li>\n<li>\u0126in ta&#8217; t\u0127addim: 30 minuta<\/li>\n<li>Pi\u017c: 1.7 oz (48.2 g)<\/li>\n<li>Tul: 1.94 pulzieri (4.9 cm)<\/li>\n<li>Intensit\u00e0 Massima tar-Ra\u0121\u0121: 2,000 Candela<\/li>\n<li>Distanza tar-Ra\u0121\u0121: 90 metru<\/li>\n<\/ul>\n<p>Ag\u0127\u017cel il-mudell adattat g\u0127all-arma tieg\u0127ek:<\/p>\n<ul>\n<li>XSC-A g\u0127al Glock 43X u 48 bir-rail<\/li>\n<li>XSC-P365 g\u0127al SIG SAUER P365 u P365 XL<\/li>\n<li>XSC-HELLCAT g\u0127al Springfield Armory Hellcat<\/li>\n<li>XSC-B g\u0127al mudelli sub-kompatti o\u0127ra<\/li>\n<\/ul>\n<p>Is-SureFire XSC WEAPONLIGHT huwa g\u0127a\u017cla g\u0127al illuminazzjoni f&#8217;sitwazzjonijiet kriti\u010bi.<\/p>\n<\/div>\n","protected":false},"excerpt":{"rendered":"<p>Dawl kompatt u qawwi ta&#8217; 350 lumen g\u0127al pistoli mo\u0127bija.<\/p>\n","protected":false},"featured_media":212242,"template":"","meta":{"_acf_changed":false},"product_brand":[11878],"product_cat":[1559,2177,1670],"product_tag":[],"class_list":{"0":"post-212241","1":"product","2":"type-product","3":"status-publish","4":"has-post-thumbnail","6":"product_brand-surefire","7":"product_cat-lights-mt","8":"product_cat-pistol-mt","9":"product_cat-pistol-lights-mt","10":"pa_light-p-365-mt","11":"pa_light-xsc-a-mt","12":"pa_light-xsc-b-mt","14":"first","15":"instock","16":"taxable","17":"shipping-taxable","18":"purchasable","19":"product-type-variable","20":"wvs-archive-product-wrapper"},"acf":[],"_links":{"self":[{"href":"https:\/\/staging.nbg.eu\/mt\/wp-json\/wp\/v2\/product\/212241","targetHints":{"allow":["GET"]}}],"collection":[{"href":"https:\/\/staging.nbg.eu\/mt\/wp-json\/wp\/v2\/product"}],"about":[{"href":"https:\/\/staging.nbg.eu\/mt\/wp-json\/wp\/v2\/types\/product"}],"wp:featuredmedia":[{"embeddable":true,"href":"https:\/\/staging.nbg.eu\/mt\/wp-json\/wp\/v2\/media\/212242"}],"wp:attachment":[{"href":"https:\/\/staging.nbg.eu\/mt\/wp-json\/wp\/v2\/media?parent=212241"}],"wp:term":[{"taxonomy":"product_brand","embeddable":true,"href":"https:\/\/staging.nbg.eu\/mt\/wp-json\/wp\/v2\/product_brand?post=212241"},{"taxonomy":"product_cat","embeddable":true,"href":"https:\/\/staging.nbg.eu\/mt\/wp-json\/wp\/v2\/product_cat?post=212241"},{"taxonomy":"product_tag","embeddable":true,"href":"https:\/\/staging.nbg.eu\/mt\/wp-json\/wp\/v2\/product_tag?post=212241"}],"curies":[{"name":"wp","href":"https:\/\/api.w.org\/{rel}","templated":true}]}}