{"id":211520,"date":"2024-01-24T19:30:39","date_gmt":"2025-02-19T13:02:22","guid":{"rendered":"https:\/\/staging.nbg.eu\/product\/iosso-bolt-carrier-brush\/"},"modified":"2025-02-19T13:14:57","modified_gmt":"2025-02-19T13:14:57","slug":"xkupilja-gall-bolt-carrier-iosso","status":"publish","type":"product","link":"https:\/\/staging.nbg.eu\/mt\/product\/xkupilja-gall-bolt-carrier-iosso\/","title":{"rendered":"Xkupilja g\u0127all-Bolt Carrier Iosso"},"content":{"rendered":"<p style=\"text-align: center\"><strong><span style=\"font-size: 170%\">Xkupilji tal-Bolt Carrier losso<\/span><\/strong><\/p>\n<p>Dan il-kitt fih pakketti ta&#8217; Xkupilji tal-Bolt Carrier u tal-Kamra. Huma ddisinjati b&#8217;tolleranza qrib g\u0127al tindif pre\u010bi\u017c. Huma mag\u0127mula minn fibra blu, li hija \u0127oxna, iebsa u \u017c\u017comm il-forma tag\u0127ha sew. Dan jippermetti azzjoni &#8216;l quddiem u lura. Jistg\u0127u jintu\u017caw diversi drabi qabel ma jitqiesu u\u017cati.<\/p>\n<table width=\"305\">\n<tbody>\n<tr>\n<td width=\"305\"><strong>AR-15 Bolt Carrier b&#8217;istudju pakkett ta&#8217; 2<\/strong><\/td>\n<\/tr>\n<tr>\n<td><strong>AR.308 Rifle Bolt Carrier b&#8217;istudju pakkett ta&#8217; 2<\/strong><\/td>\n<\/tr>\n<\/tbody>\n<\/table>\n","protected":false},"excerpt":{"rendered":"<p><strong>Mkejjel g\u0127al tolleranza baxxa g\u0127al tindif ta&#8217; pre\u010bi\u017cjoni<\/strong><\/p>\n","protected":false},"featured_media":107712,"template":"","meta":{"_acf_changed":false},"product_brand":[11473],"product_cat":[1433,1434],"product_tag":[],"class_list":{"0":"post-211520","1":"product","2":"type-product","3":"status-publish","4":"has-post-thumbnail","6":"product_brand-iosso","7":"product_cat-brushes-mt","8":"product_cat-maintenance-mt","9":"pa_model-ar-308-mt","10":"pa_model-ar-15-mt","12":"first","13":"instock","14":"taxable","15":"shipping-taxable","16":"purchasable","17":"product-type-variable","18":"wvs-archive-product-wrapper"},"acf":[],"_links":{"self":[{"href":"https:\/\/staging.nbg.eu\/mt\/wp-json\/wp\/v2\/product\/211520","targetHints":{"allow":["GET"]}}],"collection":[{"href":"https:\/\/staging.nbg.eu\/mt\/wp-json\/wp\/v2\/product"}],"about":[{"href":"https:\/\/staging.nbg.eu\/mt\/wp-json\/wp\/v2\/types\/product"}],"wp:featuredmedia":[{"embeddable":true,"href":"https:\/\/staging.nbg.eu\/mt\/wp-json\/wp\/v2\/media\/107712"}],"wp:attachment":[{"href":"https:\/\/staging.nbg.eu\/mt\/wp-json\/wp\/v2\/media?parent=211520"}],"wp:term":[{"taxonomy":"product_brand","embeddable":true,"href":"https:\/\/staging.nbg.eu\/mt\/wp-json\/wp\/v2\/product_brand?post=211520"},{"taxonomy":"product_cat","embeddable":true,"href":"https:\/\/staging.nbg.eu\/mt\/wp-json\/wp\/v2\/product_cat?post=211520"},{"taxonomy":"product_tag","embeddable":true,"href":"https:\/\/staging.nbg.eu\/mt\/wp-json\/wp\/v2\/product_tag?post=211520"}],"curies":[{"name":"wp","href":"https:\/\/api.w.org\/{rel}","templated":true}]}}