{"id":208662,"date":"2024-07-29T13:02:15","date_gmt":"2024-07-29T13:02:15","guid":{"rendered":"https:\/\/staging.nbg.eu\/product\/bore-tech-friction-guard-xp-120ml\/"},"modified":"2025-02-16T16:55:12","modified_gmt":"2025-02-16T16:55:12","slug":"bore-tech-friction-guard-xp-120ml","status":"publish","type":"product","link":"https:\/\/staging.nbg.eu\/mt\/product\/bore-tech-friction-guard-xp-120ml\/","title":{"rendered":"Bore Tech Friction Guard XP 120ml"},"content":{"rendered":"<h2>\u017bejt tal-Armi Bore Tech Friction Guard XP &#8211; 120ml<\/h2>\n<p>\u017bejt tal-armi Bore Tech Friction Guard XP. Din it-ta\u0127lita sintetika tissodisfa r-rekwi\u017citi MIL-PRF-63460E, u toffri:<\/p>\n<ul>\n<li>Lubrikazzjoni minn -100\u00b0F sa 600\u00b0F<\/li>\n<li>Tnaqqis ta&#8217; 95% fil-frizzjoni u l-u\u017cu<\/li>\n<li>Protezzjoni kontra l-korru\u017cjoni<\/li>\n<li>Penetrazzjoni u rbit ma&#8217; u\u010bu\u0127 tal-metall<\/li>\n<li>Sa\u0127\u0127a tal-film g\u0127al proprjetajiet kontra l-u\u017cu<\/li>\n<li>Re\u017cistenza g\u0127al temperaturi estremi<\/li>\n<li>Protezzjoni ta&#8217; aktar minn 100 sieg\u0127a f&#8217;test ta&#8217; sprej tal-mel\u0127<\/li>\n<li>Spostament tal-umdit\u00e0<\/li>\n<li>Jirrepelli t-trab u d-debris<\/li>\n<\/ul>\n<p>Adattat g\u0127al sparaturi, ka\u010b\u010baturi, u dilettanti. Friction Guard XP jikkundizzjona l-bore tal-arma tan-nar tieg\u0127ek u jipprovdi protezzjoni waqt l-u\u017cu u l-\u0127a\u017cna.<\/p>\n","protected":false},"excerpt":{"rendered":"<p>\u017bejt sintetiku tal-armi ta&#8217; prestazzjoni g\u0127olja g\u0127al lubrikazzjoni u protezzjoni superjuri.<\/p>\n","protected":false},"featured_media":150487,"template":"","meta":{"_acf_changed":false},"product_brand":[11160],"product_cat":[1922,1434],"product_tag":[],"class_list":{"0":"post-208662","1":"product","2":"type-product","3":"status-publish","4":"has-post-thumbnail","6":"product_brand-boretech","7":"product_cat-lubricants-mt","8":"product_cat-maintenance-mt","10":"first","11":"instock","12":"taxable","13":"shipping-taxable","14":"purchasable","15":"product-type-simple"},"acf":[],"_links":{"self":[{"href":"https:\/\/staging.nbg.eu\/mt\/wp-json\/wp\/v2\/product\/208662","targetHints":{"allow":["GET"]}}],"collection":[{"href":"https:\/\/staging.nbg.eu\/mt\/wp-json\/wp\/v2\/product"}],"about":[{"href":"https:\/\/staging.nbg.eu\/mt\/wp-json\/wp\/v2\/types\/product"}],"wp:featuredmedia":[{"embeddable":true,"href":"https:\/\/staging.nbg.eu\/mt\/wp-json\/wp\/v2\/media\/150487"}],"wp:attachment":[{"href":"https:\/\/staging.nbg.eu\/mt\/wp-json\/wp\/v2\/media?parent=208662"}],"wp:term":[{"taxonomy":"product_brand","embeddable":true,"href":"https:\/\/staging.nbg.eu\/mt\/wp-json\/wp\/v2\/product_brand?post=208662"},{"taxonomy":"product_cat","embeddable":true,"href":"https:\/\/staging.nbg.eu\/mt\/wp-json\/wp\/v2\/product_cat?post=208662"},{"taxonomy":"product_tag","embeddable":true,"href":"https:\/\/staging.nbg.eu\/mt\/wp-json\/wp\/v2\/product_tag?post=208662"}],"curies":[{"name":"wp","href":"https:\/\/api.w.org\/{rel}","templated":true}]}}