{"id":205385,"date":"2024-08-16T18:01:15","date_gmt":"2025-02-13T15:24:34","guid":{"rendered":"https:\/\/staging.nbg.eu\/product\/rhh-ipsc-holster-mount-509\/"},"modified":"2025-02-13T15:26:12","modified_gmt":"2025-02-13T15:26:12","slug":"mount-tal-holster-rhh-ipsc-509","status":"publish","type":"product","link":"https:\/\/staging.nbg.eu\/mt\/product\/mount-tal-holster-rhh-ipsc-509\/","title":{"rendered":"Mount tal-Holster RHH IPSC .509"},"content":{"rendered":"<div class=\"product-description\">\n<h2>RHH IPSC Holster Mount .509<\/h2>\n<p>L-RHH IPSC Holster Mount .509 joffri personalizzazzjoni g\u0127all-holster tieg\u0127ek:<\/p>\n<ul>\n<li><strong>Inklinazzjoni A\u0121\u0121ustabbli:<\/strong> A\u0121\u0121usta l-angolu f&#8217;kull direzzjoni, b&#8217;modifiki fa\u010bli fi kwalunkwe \u0127in.<\/li>\n<li><strong>Konfigurazzjoni Multi-Assi:<\/strong> Ikkombina ma&#8217; a\u0121\u0121ustament tal-g\u0127oli g\u0127al bidliet kontinwi f&#8217;sa tliet assi waqt li \u017c\u017comm l-g\u0127oli mixtieq.<\/li>\n<li><strong>Kontroll tal-Inklinazzjoni tal-\u0120enb:<\/strong> A\u0121\u0121usta l-inklinazzjoni tal-holster billi tissikka l-viti. Jinkludi \u017cew\u0121 settijiet ta&#8217; viti u woxers g\u0127al distanzi differenti tal-\u0121isem.<\/li>\n<li><strong>A\u0121\u0121ustament Flessibbli tal-G\u0127oli:<\/strong> Toqob multipli tal-viti jippermettulek tottimizza l-g\u0127oli tal-holster relattiv g\u0127a\u010b-\u010binturin tieg\u0127ek.<\/li>\n<\/ul>\n<p><strong>Pi\u017c:<\/strong> 0.19 kg<\/p>\n<p>L-RHH IPSC Holster Mount .509 jippermetti setup personalizzat.<\/p>\n<\/div>\n","protected":false},"excerpt":{"rendered":"<p>\u017bamma tal-pistola IPSC a\u0121\u0121ustabbli: kisser, g\u0127oli, u angolu li jistg\u0127u ji\u0121u personalizzati.<\/p>\n","protected":false},"featured_media":23137,"template":"","meta":{"_acf_changed":false},"product_brand":[11637],"product_cat":[1026,1027],"product_tag":[],"class_list":{"0":"post-205385","1":"product","2":"type-product","3":"status-publish","4":"has-post-thumbnail","6":"product_brand-rh-holsters","7":"product_cat-holster-accessories-mt","8":"product_cat-sport-holster-mt","10":"first","11":"instock","12":"taxable","13":"shipping-taxable","14":"purchasable","15":"product-type-simple"},"acf":[],"_links":{"self":[{"href":"https:\/\/staging.nbg.eu\/mt\/wp-json\/wp\/v2\/product\/205385","targetHints":{"allow":["GET"]}}],"collection":[{"href":"https:\/\/staging.nbg.eu\/mt\/wp-json\/wp\/v2\/product"}],"about":[{"href":"https:\/\/staging.nbg.eu\/mt\/wp-json\/wp\/v2\/types\/product"}],"wp:featuredmedia":[{"embeddable":true,"href":"https:\/\/staging.nbg.eu\/mt\/wp-json\/wp\/v2\/media\/23137"}],"wp:attachment":[{"href":"https:\/\/staging.nbg.eu\/mt\/wp-json\/wp\/v2\/media?parent=205385"}],"wp:term":[{"taxonomy":"product_brand","embeddable":true,"href":"https:\/\/staging.nbg.eu\/mt\/wp-json\/wp\/v2\/product_brand?post=205385"},{"taxonomy":"product_cat","embeddable":true,"href":"https:\/\/staging.nbg.eu\/mt\/wp-json\/wp\/v2\/product_cat?post=205385"},{"taxonomy":"product_tag","embeddable":true,"href":"https:\/\/staging.nbg.eu\/mt\/wp-json\/wp\/v2\/product_tag?post=205385"}],"curies":[{"name":"wp","href":"https:\/\/api.w.org\/{rel}","templated":true}]}}