{"id":205270,"date":"2024-09-02T10:50:03","date_gmt":"2025-02-13T15:10:21","guid":{"rendered":"https:\/\/staging.nbg.eu\/product\/badger-ordnance-c1-12-oclock-top-optical-platform-for-trijicon-rmr\/"},"modified":"2025-02-13T15:12:21","modified_gmt":"2025-02-13T15:12:21","slug":"pjattaforma-ottika-fuq-nofsinhar-badger-ordnance-c1-gal-trijicon-rmr","status":"publish","type":"product","link":"https:\/\/staging.nbg.eu\/mt\/product\/pjattaforma-ottika-fuq-nofsinhar-badger-ordnance-c1-gal-trijicon-rmr\/","title":{"rendered":"Pjattaforma Ottika Fuq Nofsinhar Badger Ordnance C1 g\u0127al Trijicon RMR"},"content":{"rendered":"<div class=\"product-description\">\n<h2>Pjattaforma Ottika ta&#8217; Fuq ta&#8217; 12-il Sieg\u0127a Badger Ordnance C1 g\u0127al Trijicon RMR<\/h2>\n<p>Il-Badger Ordnance C1 12TOP huwa soluzzjoni ta&#8217; immuntar ma\u0127suba biex tintegra Trijicon RMR jew ottika kompatibbli mas-sistema C1 ARC tieg\u0127ek. Din il-pjattaforma toffri konfigurazzjoni ta&#8217; Red Dot immuntata f&#8217;po\u017cizzjoni ta&#8217; 12-il sieg\u0127a.<\/p>\n<h2>Karatteristi\u010bi Ewlenin:<\/h2>\n<ul>\n<li>Mag\u0127mula minn Aluminju 6061 T6<\/li>\n<li>Finitura Anodizzata Hardcoat Tip III g\u0127al durabilit\u00e0<\/li>\n<li>Disinn \u0127afif, ji\u017cen biss 0.5 oz<\/li>\n<li>Tinkludi shim waterproof ade\u017civa g\u0127al immuntar sigur<\/li>\n<li>Kompatibbli ma&#8217; diversi otti\u010bi li ju\u017caw il-footprint ta&#8217; Trijicon RMR<\/li>\n<\/ul>\n<h2>Kompatibbilt\u00e0:<\/h2>\n<p>Is-C1 12TOP huwa kompatibbli ma&#8217; firxa wiesg\u0127a ta&#8217; otti\u010bi, inklu\u017c:<\/p>\n<ul>\n<li>Trijicon RMR u SRO<\/li>\n<li>Holosun HS407C, HS507C, u HS508T<\/li>\n<li>Swampfox Kingslayer, Liberty RMR 1&#215;22, u Justice RMR 1&#215;27<\/li>\n<li>NcStar VISM FlipDot Pro<\/li>\n<li>Riton X3 Tactix PRD<\/li>\n<li>Vector Optics Frenzy 1x22x26<\/li>\n<\/ul>\n<p>Il-Pjattaforma Ottika ta&#8217; Fuq ta&#8217; 12-il Sieg\u0127a Badger Ordnance C1 toffri pre\u010bi\u017cjoni u versatilit\u00e0 f&#8217;diversi xenarji ta&#8217; sparar.<\/p>\n<\/div>\n","protected":false},"excerpt":{"rendered":"<p>Badger C1 12TOP: Immuntar \u0127afif tal-RMR g\u0127all-otti\u010bi tal-po\u017cizzjoni 12<\/p>\n","protected":false},"featured_media":35414,"template":"","meta":{"_acf_changed":false},"product_brand":[11090],"product_cat":[796,798],"product_tag":[],"class_list":{"0":"post-205270","1":"product","2":"type-product","3":"status-publish","4":"has-post-thumbnail","6":"product_brand-badger-ordnance","7":"product_cat-aiming-mt","8":"product_cat-red-dots-mt","10":"first","11":"instock","12":"taxable","13":"shipping-taxable","14":"purchasable","15":"product-type-simple"},"acf":[],"_links":{"self":[{"href":"https:\/\/staging.nbg.eu\/mt\/wp-json\/wp\/v2\/product\/205270","targetHints":{"allow":["GET"]}}],"collection":[{"href":"https:\/\/staging.nbg.eu\/mt\/wp-json\/wp\/v2\/product"}],"about":[{"href":"https:\/\/staging.nbg.eu\/mt\/wp-json\/wp\/v2\/types\/product"}],"wp:featuredmedia":[{"embeddable":true,"href":"https:\/\/staging.nbg.eu\/mt\/wp-json\/wp\/v2\/media\/35414"}],"wp:attachment":[{"href":"https:\/\/staging.nbg.eu\/mt\/wp-json\/wp\/v2\/media?parent=205270"}],"wp:term":[{"taxonomy":"product_brand","embeddable":true,"href":"https:\/\/staging.nbg.eu\/mt\/wp-json\/wp\/v2\/product_brand?post=205270"},{"taxonomy":"product_cat","embeddable":true,"href":"https:\/\/staging.nbg.eu\/mt\/wp-json\/wp\/v2\/product_cat?post=205270"},{"taxonomy":"product_tag","embeddable":true,"href":"https:\/\/staging.nbg.eu\/mt\/wp-json\/wp\/v2\/product_tag?post=205270"}],"curies":[{"name":"wp","href":"https:\/\/api.w.org\/{rel}","templated":true}]}}