{"id":199843,"date":"2024-07-29T19:03:50","date_gmt":"2025-02-11T11:22:20","guid":{"rendered":"https:\/\/staging.nbg.eu\/product\/the-shear-hammock\/"},"modified":"2025-02-11T11:24:31","modified_gmt":"2025-02-11T11:24:31","slug":"il-hammock-shear","status":"publish","type":"product","link":"https:\/\/staging.nbg.eu\/mt\/product\/il-hammock-shear\/","title":{"rendered":"Il-Hammock Shear"},"content":{"rendered":"<div class=\"product-description\">\n<h2>Il-Hammock tax-Xifer<\/h2>\n<p>Il-Hammock tax-Xifer huwa prodott g\u0127all-\u0121arr ta&#8217; tag\u0127mir mediku essenzjali. Dan joffri mod kif i\u0121\u0121orr tourniquet, mqass, jew o\u0121\u0121etti o\u0127ra ta&#8217; daqs simili fuq i\u010b-\u010binturin e\u017cistenti tieg\u0127ek jew pouch immuntat MOLLE.<\/p>\n<h2>Karatteristi\u010bi Ewlenin:<\/h2>\n<ul>\n<li>Jista&#8217; jitwa\u0127\u0127al ma&#8217; kwalunkwe MOLLE jew \u010binturin<\/li>\n<li>Ma\u0127sub g\u0127al u\u017cu rapidu<\/li>\n<li>Jesa&#8217; tourniquet CAT u o\u0121\u0121etti o\u0127ra ta&#8217; daqs simili<\/li>\n<li>Jipprote\u0121i t-tag\u0127mir minn ra\u0121\u0121i UV, temp, \u0127mie\u0121, u frak<\/li>\n<li>Ma je\u0127tie\u0121x spazju addizzjonali g\u0127all-immuntar<\/li>\n<\/ul>\n<h2>Spe\u010bifikazzjonijiet:<\/h2>\n<ul>\n<li>Pi\u017c: 19g<\/li>\n<li>Numru tal-Parti: TSP-TQ-01<\/li>\n<li>Dimensjonijiet (vojt): 5&#8243; x 3&#8243; x 3\/8&#8243;<\/li>\n<li>Dimensjonijiet (mimli): 5&#8243; x 3&#8243; x 2.5&#8243;<\/li>\n<li>Materjali: Ultracomp, nis\u0121a CORDURA\u00ae mi\u017cbug\u0127a bis-soluzzjoni<\/li>\n<li>Kuluri Disponibbli: Iswed, Kannella Kojot, u Multicam<\/li>\n<\/ul>\n<p>Il-Hammock tax-Xifer jista&#8217; jintu\u017ca mal-Micro Trauma Kit NOW!\u00ae, li jippermettilek i\u017c\u017comm it-tourniquet a\u010b\u010bessibbli ming\u0127ajr ma tikkomprometti l-ispazju jew il-protezzjoni. Jista&#8217; jitwa\u0127\u0127al fa\u010bilment ma&#8217; kwalunkwe MOLLE jew Micro TKN immuntat fuq \u010binturin, jew kwalunkwe pouch MOLLE ie\u0127or b&#8217;footprint MOLLE ta&#8217; 3 kolonni.<\/p>\n<p>Il-Hammock tax-Xifer huwa g\u0127a\u017cla g\u0127at-tag\u0127mir mediku kritiku tieg\u0127ek.<\/p>\n<\/div>\n","protected":false},"excerpt":{"rendered":"<p>\u0126ammock b&#8217;a\u010b\u010bess mg\u0127a\u0121\u0121el g\u0127at-tourniquets u l-imqassijiet fuq tag\u0127mir MOLLE.<\/p>\n","protected":false},"featured_media":153988,"template":"","meta":{"_acf_changed":false},"product_brand":[11137],"product_cat":[565,1838,566],"product_tag":[],"class_list":{"0":"post-199843","1":"product","2":"type-product","3":"status-publish","4":"has-post-thumbnail","6":"product_brand-blue-force-gear","7":"product_cat-gear-mt","8":"product_cat-medical-mt","9":"product_cat-pouches-mt","11":"first","12":"instock","13":"taxable","14":"shipping-taxable","15":"purchasable","16":"product-type-variable","17":"wvs-archive-product-wrapper"},"acf":[],"_links":{"self":[{"href":"https:\/\/staging.nbg.eu\/mt\/wp-json\/wp\/v2\/product\/199843","targetHints":{"allow":["GET"]}}],"collection":[{"href":"https:\/\/staging.nbg.eu\/mt\/wp-json\/wp\/v2\/product"}],"about":[{"href":"https:\/\/staging.nbg.eu\/mt\/wp-json\/wp\/v2\/types\/product"}],"wp:featuredmedia":[{"embeddable":true,"href":"https:\/\/staging.nbg.eu\/mt\/wp-json\/wp\/v2\/media\/153988"}],"wp:attachment":[{"href":"https:\/\/staging.nbg.eu\/mt\/wp-json\/wp\/v2\/media?parent=199843"}],"wp:term":[{"taxonomy":"product_brand","embeddable":true,"href":"https:\/\/staging.nbg.eu\/mt\/wp-json\/wp\/v2\/product_brand?post=199843"},{"taxonomy":"product_cat","embeddable":true,"href":"https:\/\/staging.nbg.eu\/mt\/wp-json\/wp\/v2\/product_cat?post=199843"},{"taxonomy":"product_tag","embeddable":true,"href":"https:\/\/staging.nbg.eu\/mt\/wp-json\/wp\/v2\/product_tag?post=199843"}],"curies":[{"name":"wp","href":"https:\/\/api.w.org\/{rel}","templated":true}]}}