{"id":199712,"date":"2024-07-29T13:09:29","date_gmt":"2025-02-11T11:07:18","guid":{"rendered":"https:\/\/staging.nbg.eu\/product\/single-pistol-belt-pouch\/"},"modified":"2025-02-11T11:09:33","modified_gmt":"2025-02-11T11:09:33","slug":"burza-tal-cinturin-gal-pistola-wada","status":"publish","type":"product","link":"https:\/\/staging.nbg.eu\/mt\/product\/burza-tal-cinturin-gal-pistola-wada\/","title":{"rendered":"Bur\u017ca tal-\u010ainturin g\u0127al Pistola Wa\u0127da"},"content":{"rendered":"<div class=\"product-description\">\n<h2>Bor\u017ca tal-\u010ainturin g\u0127al Pistola Wa\u0127da<\/h2>\n<p>Bor\u017ca Ten-Speed\u00ae li \u017c\u017comm magazin wie\u0127ed tal-pistola, toffri a\u010b\u010bess immedjat g\u0127ad-dmir jew g\u0127all-\u0121arr mo\u0127bi.<\/p>\n<ul>\n<li>Taqbel ma&#8217; \u010binturini sa 2.0 pulzieri wiesg\u0127a<\/li>\n<li>Komda biex tintlibes il-\u0121urnata kollha ming\u0127ajr truf li jaqtg\u0127u<\/li>\n<li>Quddiem elastiku ta&#8217; grad militari b&#8217;laminat ULTRAcomp\u2122<\/li>\n<li>Sistema ta&#8217; g\u0127eluq bil-gan\u010b u \u0127oloq<\/li>\n<li>Takkomoda magazini singoli jew doppji (sa daqs HK45\/USP)<\/li>\n<li>Adattata wkoll g\u0127al dwal, g\u0127odod multipli, jew o\u0121\u0121etti simili<\/li>\n<li>Twa\u0127\u0127il ta\u010b-\u010binturin li jista&#8217; jitne\u0127\u0127a g\u0127al immuntar orizzontali<\/li>\n<\/ul>\n<p>Daqs: 2.25&#8243; x 4.5&#8243; | Pi\u017c: 20 grammi<\/p>\n<p>Bor\u017ca \u0127afifa, re\u017cistenti, u adattabbli.<\/p>\n<\/div>\n","protected":false},"excerpt":{"rendered":"<p>\u010ainturin \u017cg\u0127ir u sigur g\u0127al munizzjon tal-pistola jew g\u0127odda. A\u010b\u010bess malajr.<\/p>\n","protected":false},"featured_media":164229,"template":"","meta":{"_acf_changed":false},"product_brand":[11137],"product_cat":[565,1211,566],"product_tag":[],"class_list":{"0":"post-199712","1":"product","2":"type-product","3":"status-publish","4":"has-post-thumbnail","6":"product_brand-blue-force-gear","7":"product_cat-gear-mt","8":"product_cat-magazine-holders-mt","9":"product_cat-pouches-mt","11":"first","12":"instock","13":"taxable","14":"shipping-taxable","15":"purchasable","16":"product-type-simple"},"acf":[],"_links":{"self":[{"href":"https:\/\/staging.nbg.eu\/mt\/wp-json\/wp\/v2\/product\/199712","targetHints":{"allow":["GET"]}}],"collection":[{"href":"https:\/\/staging.nbg.eu\/mt\/wp-json\/wp\/v2\/product"}],"about":[{"href":"https:\/\/staging.nbg.eu\/mt\/wp-json\/wp\/v2\/types\/product"}],"wp:featuredmedia":[{"embeddable":true,"href":"https:\/\/staging.nbg.eu\/mt\/wp-json\/wp\/v2\/media\/164229"}],"wp:attachment":[{"href":"https:\/\/staging.nbg.eu\/mt\/wp-json\/wp\/v2\/media?parent=199712"}],"wp:term":[{"taxonomy":"product_brand","embeddable":true,"href":"https:\/\/staging.nbg.eu\/mt\/wp-json\/wp\/v2\/product_brand?post=199712"},{"taxonomy":"product_cat","embeddable":true,"href":"https:\/\/staging.nbg.eu\/mt\/wp-json\/wp\/v2\/product_cat?post=199712"},{"taxonomy":"product_tag","embeddable":true,"href":"https:\/\/staging.nbg.eu\/mt\/wp-json\/wp\/v2\/product_tag?post=199712"}],"curies":[{"name":"wp","href":"https:\/\/api.w.org\/{rel}","templated":true}]}}