{"id":199075,"date":"2024-06-17T21:23:15","date_gmt":"2025-02-11T09:31:27","guid":{"rendered":"https:\/\/staging.nbg.eu\/product\/blue-force-gear-trauma-kit-now-medium\/"},"modified":"2025-02-11T09:33:32","modified_gmt":"2025-02-11T09:33:32","slug":"kit-ta-trawnma-blue-force-gear-issa-medju","status":"publish","type":"product","link":"https:\/\/staging.nbg.eu\/mt\/product\/kit-ta-trawnma-blue-force-gear-issa-medju\/","title":{"rendered":"Kit ta&#8217; Trawnma Blue Force Gear ISSA! &#8211; Medju"},"content":{"rendered":"<h2>Blue Force Gear Trauma Kit NOW! &#8211; Medju Vojt<\/h2>\n<p>It-Trauma Kit NOW! &#8211; MEDIUM huwa kitt mediku ta&#8217; emer\u0121enza b&#8217;a\u010b\u010bess rapidu ddisinjat g\u0127al u\u017cu b&#8217;id wa\u0127da. Ori\u0121inarjament ma\u0127luq g\u0127al kontenut tal-IFAK tal-Armata, jista&#8217; ji\u0121i adattat g\u0127al diversi tag\u0127bijiet medi\u010bi.<\/p>\n<ul>\n<li>Disinn b&#8217;\u017cew\u0121 partijiet: Bor\u017ca ta&#8217; barra MOLLE bis-Sistema ta&#8217; Rbit Helium Whisper u shingle interna li tista&#8217; titne\u0127\u0127a g\u0127all-provvisti<\/li>\n<li>Bor\u017ca ta&#8217; barra m\u0127afffa g\u0127al \u017camma sigura u tne\u0127\u0127ija fa\u010bli<\/li>\n<li>\u0120arrier intern b&#8217;u\u017cu rapidu b&#8217;Ball Loaded Index Point (BLIP) g\u0127al u\u017cu f&#8217;kundizzjonijiet ta&#8217; sfida<\/li>\n<li>Oqsma MOLLE g\u0127ar-rbit estern tat-turnike<\/li>\n<li>Disinn versatili adattat g\u0127al u\u017cu militari, tal-infurzar tal-li\u0121i, u \u010bivili<\/li>\n<\/ul>\n<p>Wie\u0127ed mill-kittijiet tat-trawma li jistg\u0127u jintu\u017caw l-aktar malajr fis-suq, iddisinjat g\u0127al sitwazzjonijiet kriti\u010bi fejn kull sekonda tg\u0127odd.<\/p>\n","protected":false},"excerpt":{"rendered":"<p>Paw\u010b mediku li jista&#8217; jintu\u017ca malajr b&#8217;shingle interna li tista&#8217; titne\u0127\u0127a g\u0127all-personalizzazzjoni.<\/p>\n","protected":false},"featured_media":153804,"template":"","meta":{"_acf_changed":false},"product_brand":[11137],"product_cat":[565,1838],"product_tag":[],"class_list":{"0":"post-199075","1":"product","2":"type-product","3":"status-publish","4":"has-post-thumbnail","6":"product_brand-blue-force-gear","7":"product_cat-gear-mt","8":"product_cat-medical-mt","10":"first","11":"instock","12":"taxable","13":"shipping-taxable","14":"purchasable","15":"product-type-variable","16":"wvs-archive-product-wrapper"},"acf":[],"_links":{"self":[{"href":"https:\/\/staging.nbg.eu\/mt\/wp-json\/wp\/v2\/product\/199075","targetHints":{"allow":["GET"]}}],"collection":[{"href":"https:\/\/staging.nbg.eu\/mt\/wp-json\/wp\/v2\/product"}],"about":[{"href":"https:\/\/staging.nbg.eu\/mt\/wp-json\/wp\/v2\/types\/product"}],"wp:featuredmedia":[{"embeddable":true,"href":"https:\/\/staging.nbg.eu\/mt\/wp-json\/wp\/v2\/media\/153804"}],"wp:attachment":[{"href":"https:\/\/staging.nbg.eu\/mt\/wp-json\/wp\/v2\/media?parent=199075"}],"wp:term":[{"taxonomy":"product_brand","embeddable":true,"href":"https:\/\/staging.nbg.eu\/mt\/wp-json\/wp\/v2\/product_brand?post=199075"},{"taxonomy":"product_cat","embeddable":true,"href":"https:\/\/staging.nbg.eu\/mt\/wp-json\/wp\/v2\/product_cat?post=199075"},{"taxonomy":"product_tag","embeddable":true,"href":"https:\/\/staging.nbg.eu\/mt\/wp-json\/wp\/v2\/product_tag?post=199075"}],"curies":[{"name":"wp","href":"https:\/\/api.w.org\/{rel}","templated":true}]}}