{"id":181363,"date":"2024-04-19T07:15:03","date_gmt":"2025-01-30T06:23:32","guid":{"rendered":"https:\/\/staging.nbg.eu\/product\/blue-force-gear-burnsed-socket\/"},"modified":"2025-01-30T06:25:34","modified_gmt":"2025-01-30T06:25:34","slug":"blue-force-gear-burnsed-socket","status":"publish","type":"product","link":"https:\/\/staging.nbg.eu\/mt\/product\/blue-force-gear-burnsed-socket\/","title":{"rendered":"Blue Force Gear Burnsed Socket"},"content":{"rendered":"<p>Here&#8217;s the translation of the product description to Maltese, without colorful or marketing language:<\/p>\n<p>Sokit Burnsed<\/p>\n<p>Is-Sokit Burnsed minn Blue Force Gear &#8211; Is-Sokit Burnsed huwa parti separata li tbiddel Vickers Combat Applications Sling f&#8217;\u010binturin konvertibbli minn 2 g\u0127al 1 punt meta jintu\u017ca flimkien ma&#8217; Push Button Sling Swivel jew RED Swivel. Is-Sokit Burnsed kien iddisinnjat fl-2005 b\u0127ala parti ewlenija tal-\u0127ardwer g\u0127a\u010b-\u010binturin SOC-C, li jippermetti konver\u017cjoni minn 1 sa 2 sa 3 punti.<\/p>\n<p>Ag\u0127mel i\u010b-\u010ainturin tieg\u0127ek aktar Versatili &#8211; Sempli\u010bement \u017cer\u017caq is-Sokit Burnsed fuq in-na\u0127a ta&#8217; wara ta\u010b-\u010binturin lejn ir-ri\u010bevitur ta&#8217; wara jew il-lok tas-soltu ta\u010b-\u010binturin b&#8217;punt wie\u0127ed, imbag\u0127ad ne\u0127\u0127i l-push button swivel ta&#8217; quddiem minn quddiem l-arma u wa\u0127\u0127lu mas-Sokit Burnsed.<\/p>\n<p>***\u010ainturin mhux inklu\u017c. Jinkludi biss parti wa\u0127da tal-\u0127ardwer tas-Sokit Burnsed***<\/p>\n<p>\u017bew\u0121 G\u0127a\u017cliet ta&#8217; \u0126ardwer:<br \/>\n\u2022 Aluminju Ma\u0127dum &#8211; g\u0127al konnessjoni durabbli \u0127afna, dan is-Sokit Burnsed huwa anodizzat b&#8217;kisja iebsa f&#8217;iswed matt.<br \/>\n\u2022 Polimer Iffurmat &#8211; g\u0127al punt ta&#8217; konnessjoni ta\u010b-\u010binturin \u0127afif u sempli\u010bi disponibbli fl-iswed.<\/p>\n<p>Mag\u0127mul fl-Istati Uniti &#8211; B\u0127al fil-prodotti kollha ta&#8217; Blue Force Gear, huwa mag\u0127mul bl-e\u010b\u010bellenza fl-Istati Uniti u g\u0127andu garanzija limitata tul il-\u0127ajja.<\/p>\n<p>SPE\u010aIFIKAZZJONIJIET<\/p>\n<p>Karatteristi\u010bi: Ja\u0127dem flimkien ma&#8217; kwalunkwe Push Button Sling Swivel jew EDTM Swivel g\u0127al \u010binturin konvertibbli minn 2 g\u0127al 1 punt (mibjug\u0127 separatament). Jippermetti l-\u0121arr ta&#8217; arma f&#8217;modalit\u00e0 ta&#8217; 2 punti g\u0127al kontroll u kumdit\u00e0 massimi u malajr jikkonverti g\u0127al \u010binturin b&#8217;punt wie\u0127ed g\u0127al ambjenti dinami\u010bi.<\/p>\n<p>Pi\u017c: 13g<\/p>\n<p>Daqs: 0.75&#8243; x 1.5&#8243; x 0.5&#8243; &#8211; Joqg\u0127od fuq kwalunkwe webbing ta&#8217; \u010binturin ta&#8217; 1&#8243; jew 1.25&#8243; (Victory Series Sling, Vickers Combat Applications Sling)<\/p>\n<p>Materjal(i):<br \/>\n\u2022 Aluminju Ma\u0127dum<br \/>\n\u2022 Polimer Iffurmat<\/p>\n<p>Informazzjoni Addizzjonali: B\u0127ala regola \u0121enerali, illubrika kwalunkwe Push Button Swivels u Sokit Burnsed kull darba li l-arma ospitanti ti\u0121i llubrifikata.<\/p>\n","protected":false},"excerpt":{"rendered":"<p><span style=\"font-size: 110%\"><strong>Ag\u0127mel is-Sling tieg\u0127ek aktar Versatili<\/strong><\/span><\/p>\n","protected":false},"featured_media":163256,"template":"","meta":{"_acf_changed":false},"product_brand":[11137],"product_cat":[565,751],"product_tag":[],"class_list":{"0":"post-181363","1":"product","2":"type-product","3":"status-publish","4":"has-post-thumbnail","6":"product_brand-blue-force-gear","7":"product_cat-gear-mt","8":"product_cat-slings-mt","10":"first","11":"instock","12":"taxable","13":"shipping-taxable","14":"purchasable","15":"product-type-simple"},"acf":[],"_links":{"self":[{"href":"https:\/\/staging.nbg.eu\/mt\/wp-json\/wp\/v2\/product\/181363","targetHints":{"allow":["GET"]}}],"collection":[{"href":"https:\/\/staging.nbg.eu\/mt\/wp-json\/wp\/v2\/product"}],"about":[{"href":"https:\/\/staging.nbg.eu\/mt\/wp-json\/wp\/v2\/types\/product"}],"wp:featuredmedia":[{"embeddable":true,"href":"https:\/\/staging.nbg.eu\/mt\/wp-json\/wp\/v2\/media\/163256"}],"wp:attachment":[{"href":"https:\/\/staging.nbg.eu\/mt\/wp-json\/wp\/v2\/media?parent=181363"}],"wp:term":[{"taxonomy":"product_brand","embeddable":true,"href":"https:\/\/staging.nbg.eu\/mt\/wp-json\/wp\/v2\/product_brand?post=181363"},{"taxonomy":"product_cat","embeddable":true,"href":"https:\/\/staging.nbg.eu\/mt\/wp-json\/wp\/v2\/product_cat?post=181363"},{"taxonomy":"product_tag","embeddable":true,"href":"https:\/\/staging.nbg.eu\/mt\/wp-json\/wp\/v2\/product_tag?post=181363"}],"curies":[{"name":"wp","href":"https:\/\/api.w.org\/{rel}","templated":true}]}}