{"id":148540,"date":"2024-11-26T18:52:22","date_gmt":"2024-11-26T18:52:22","guid":{"rendered":"https:\/\/staging.nbg.eu\/product\/geissele-15-round-6mm-arc-magazine-black\/"},"modified":"2025-01-14T13:24:07","modified_gmt":"2025-01-14T13:24:07","slug":"geissele-15-il-rawnd-6mm-arc-magazine-iswed","status":"publish","type":"product","link":"https:\/\/staging.nbg.eu\/mt\/product\/geissele-15-il-rawnd-6mm-arc-magazine-iswed\/","title":{"rendered":"Geissele 15-il rawnd 6mm ARC Magazine &#8211; Iswed"},"content":{"rendered":"<div class=\"product-description\">\n<h2>Geissele 15-il Kaxxa ta&#8217; 6mm ARC \u2013 Iswed<\/h2>\n<p>Il-kaxxa Geissele 6mm ARC hija mag\u0127mula biex tkun re\u017cistenti u affidabbli.<\/p>\n<ul>\n<li>Kostruzzjoni mtejba ta&#8217; bi\u010b\u010ba wa\u0127da<\/li>\n<li>Korp tal-azzar inossidabbli 410 iwweldjat bil-lej\u017cer<\/li>\n<li>Segwa\u010bi kontra t-tg\u0127awwi\u0121 g\u0127al tmig\u0127 bla xkiel<\/li>\n<li>Kisi ta&#8217; nitride iswed re\u017cistenti g\u0127all-korru\u017cjoni<\/li>\n<li>Kapa\u010bit\u00e0 ta&#8217; 15-il tir<\/li>\n<li>Tul totali ta&#8217; 5.0&#8243;<\/li>\n<li>Molla tal-azzar inossidabbli g\u0127al lon\u0121evit\u00e0<\/li>\n<\/ul>\n<p>Mag\u0127mula fl-Istati Uniti, din il-kaxxa ta\u0127dem b&#8217;mod affidabbli g\u0127all-kartri\u0121i 6mm ARC, 6.5 Grendel u 22 ARC.<\/p>\n<\/div>\n","protected":false},"excerpt":{"rendered":"<p>I apologize, but there is no product description provided in your message for me to translate. In order to translate a product description to Maltese, I would need the original text in English (or another language) to work from. If you provide the product description you&#8217;d like translated, I&#8217;d be happy to assist you with the translation to Maltese.<\/p>\n","protected":false},"featured_media":81732,"template":"","meta":{"_acf_changed":false},"product_brand":[11394],"product_cat":[642,2772],"product_tag":[],"class_list":{"0":"post-148540","1":"product","2":"type-product","3":"status-publish","4":"has-post-thumbnail","6":"product_brand-geissele","7":"product_cat-rifle-mt","8":"product_cat-rifle-magazines-mt","10":"first","11":"instock","12":"taxable","13":"shipping-taxable","14":"product-type-simple"},"acf":[],"_links":{"self":[{"href":"https:\/\/staging.nbg.eu\/mt\/wp-json\/wp\/v2\/product\/148540","targetHints":{"allow":["GET"]}}],"collection":[{"href":"https:\/\/staging.nbg.eu\/mt\/wp-json\/wp\/v2\/product"}],"about":[{"href":"https:\/\/staging.nbg.eu\/mt\/wp-json\/wp\/v2\/types\/product"}],"wp:featuredmedia":[{"embeddable":true,"href":"https:\/\/staging.nbg.eu\/mt\/wp-json\/wp\/v2\/media\/81732"}],"wp:attachment":[{"href":"https:\/\/staging.nbg.eu\/mt\/wp-json\/wp\/v2\/media?parent=148540"}],"wp:term":[{"taxonomy":"product_brand","embeddable":true,"href":"https:\/\/staging.nbg.eu\/mt\/wp-json\/wp\/v2\/product_brand?post=148540"},{"taxonomy":"product_cat","embeddable":true,"href":"https:\/\/staging.nbg.eu\/mt\/wp-json\/wp\/v2\/product_cat?post=148540"},{"taxonomy":"product_tag","embeddable":true,"href":"https:\/\/staging.nbg.eu\/mt\/wp-json\/wp\/v2\/product_tag?post=148540"}],"curies":[{"name":"wp","href":"https:\/\/api.w.org\/{rel}","templated":true}]}}